{"id":63367,"date":"2026-04-01T18:07:50","date_gmt":"2026-04-01T17:07:50","guid":{"rendered":"https:\/\/bigbuy.tupique.com\/produto\/electric-scooter-smartgyro-sg27-572\/"},"modified":"2026-05-11T19:56:53","modified_gmt":"2026-05-11T17:56:53","slug":"electric-scooter-smartgyro-sg27-572","status":"publish","type":"product","link":"https:\/\/bigbuy.tupique.com\/pt\/produto\/electric-scooter-smartgyro-sg27-572\/","title":{"rendered":"Trottinette \u00c9lectrique Smartgyro SG27-572"},"content":{"rendered":"<p>Si vous \u00eates \u00e0 la recherche de nouvelles tendances sur le march\u00e9, nous vous pr\u00e9sentons <b>Trottinette \u00c9lectrique Smartgyro SG27-572<\/b> !<\/p>\n<p>Le <b>patin \u00e9lectrique Ryder 2<\/b> de la marque <b>Smartgyro<\/b> est un v\u00e9hicule de mobilit\u00e9 urbaine con\u00e7u pour offrir un \u00e9quilibre optimal entre puissance, autonomie et confort. Ce mod\u00e8le se distingue par sa <b>vitesse maximale de 25 km\/h<\/b>, adapt\u00e9e aux d\u00e9placements efficaces en milieu urbain sans compromettre la s\u00e9curit\u00e9. \u00c9quip\u00e9 d\u2019un <b>moteur de 1000 W<\/b>, il offre une capacit\u00e9 solide pour gravir les pentes et maintenir une performance constante. Il dispose d\u2019une <b>batterie lithium rechargeable de 18000 mAh<\/b> et de <b>48 V<\/b>, fournissant une autonomie d\u2019environ 70 km avec une seule charge, facilitant des trajets longs et fiables sans recharges fr\u00e9quentes. Le design int\u00e8gre des <b>roues de 10 pouces<\/b> \u00e0 l\u2019avant comme \u00e0 l\u2019arri\u00e8re, contribuant \u00e0 une conduite stable et confortable sur diverses surfaces urbaines. De plus, il supporte un <b>poids maximal de charge de 120 kg<\/b>, s\u2019adaptant \u00e0 diff\u00e9rents profils d\u2019utilisateurs. Sa couleur noire lui conf\u00e8re un aspect sobre et moderne, compatible avec une prise standard de l\u2019Union europ\u00e9enne assurant une charge facile. L\u2019ensemble constitue une solution robuste pour ceux qui recherchent un moyen de transport personnel efficace et polyvalent, facilitant la mobilit\u00e9 quotidienne avec une performance technique fiable. En r\u00e9sum\u00e9, le Smartgyro Ryder 2 se positionne comme une option fiable et \u00e9quilibr\u00e9e dans le segment des patins \u00e9lectriques urbains.<\/p>\n<ul>\n<li>Type:\n<ul>\n<li>Trottinette \u00c9lectrique<\/li>\n<li>Batterie au lithium rechargeable<\/li>\n<\/ul>\n<\/li>\n<li>Produit \u00e0 brancher: Oui<\/li>\n<li>Type de prise: Prise EU<\/li>\n<li>Bloc d\u2019Alimentation:\n<ul>\n<li>r\u00e9seau \u00e9lectrique<\/li>\n<li>Batterie<\/li>\n<\/ul>\n<\/li>\n<li>Capacit\u00e9 de la batterie: 18000 mAh<\/li>\n<li>vitesse: 25 km\/h<\/li>\n<li>Poids Max. support\u00e9: 120 kg<\/li>\n<li>Couleur: Noir<\/li>\n<li>Tension: 48 V<\/li>\n<li>Taille: 10&#8243;<\/li>\n<li>Inclut: roues x 2<\/li>\n<li>Nombre de pi\u00e8ces: 1 Pi\u00e8ce<\/li>\n<\/ul>\n<p>Informations importantes: Si la marque n&#8217;a pas immatricul\u00e9 la trotinette, le propi\u00e9taire devra passer le ITV ou le T\u00dbV pour obtenir un &#8220;EBE&#8221; ou un permis de circulation individuel.<\/p>","protected":false},"excerpt":{"rendered":"<p>Si vous \u00eates \u00e0 la recherche de nouvelles tendances sur le march\u00e9, nous vous pr\u00e9sentons Trottinette \u00c9lectrique Smartgyro SG27-572 ! Le patin \u00e9lectrique Ryder 2 de la marque Smartgyro est un v\u00e9hicule de mobilit\u00e9 urbaine con\u00e7u pour offrir un \u00e9quilibre optimal entre puissance, autonomie et confort. Ce mod\u00e8le se distingue par sa vitesse maximale de [&hellip;]<\/p>\n","protected":false},"featured_media":63366,"comment_status":"open","ping_status":"closed","template":"","meta":[],"product_brand":[1228],"product_cat":[609,65,1146],"product_tag":[163],"class_list":{"0":"post-63367","1":"product","2":"type-product","3":"status-publish","4":"has-post-thumbnail","6":"product_brand-brandp_5033","7":"product_cat-electronique-jouets-electroniques","8":"product_cat-informatique-electronique","9":"product_cat-trottinettes-electriques","10":"product_tag-tag_17","12":"first","13":"instock","14":"taxable","15":"shipping-taxable","16":"purchasable","17":"product-type-simple"},"_links":{"self":[{"href":"https:\/\/bigbuy.tupique.com\/pt\/wp-json\/wp\/v2\/product\/63367","targetHints":{"allow":["GET"]}}],"collection":[{"href":"https:\/\/bigbuy.tupique.com\/pt\/wp-json\/wp\/v2\/product"}],"about":[{"href":"https:\/\/bigbuy.tupique.com\/pt\/wp-json\/wp\/v2\/types\/product"}],"replies":[{"embeddable":true,"href":"https:\/\/bigbuy.tupique.com\/pt\/wp-json\/wp\/v2\/comments?post=63367"}],"wp:featuredmedia":[{"embeddable":true,"href":"https:\/\/bigbuy.tupique.com\/pt\/wp-json\/wp\/v2\/media\/63366"}],"wp:attachment":[{"href":"https:\/\/bigbuy.tupique.com\/pt\/wp-json\/wp\/v2\/media?parent=63367"}],"wp:term":[{"taxonomy":"product_brand","embeddable":true,"href":"https:\/\/bigbuy.tupique.com\/pt\/wp-json\/wp\/v2\/product_brand?post=63367"},{"taxonomy":"product_cat","embeddable":true,"href":"https:\/\/bigbuy.tupique.com\/pt\/wp-json\/wp\/v2\/product_cat?post=63367"},{"taxonomy":"product_tag","embeddable":true,"href":"https:\/\/bigbuy.tupique.com\/pt\/wp-json\/wp\/v2\/product_tag?post=63367"}],"curies":[{"name":"wp","href":"https:\/\/api.w.org\/{rel}","templated":true}]}}