{"id":63331,"date":"2026-04-01T18:07:02","date_gmt":"2026-04-01T17:07:02","guid":{"rendered":"https:\/\/bigbuy.tupique.com\/produto\/smartwatch-samsung-sm-l505fzwaeub\/"},"modified":"2026-05-11T19:57:13","modified_gmt":"2026-05-11T17:57:13","slug":"smartwatch-samsung-sm-l505fzwaeub","status":"publish","type":"product","link":"https:\/\/bigbuy.tupique.com\/pt\/produto\/smartwatch-samsung-sm-l505fzwaeub\/","title":{"rendered":"Montre intelligente Samsung SM-L505FZWAEUB"},"content":{"rendered":"<p>Si vous \u00eates \u00e0 la recherche de nouvelles tendances sur le march\u00e9, nous vous pr\u00e9sentons <b>Montre intelligente Samsung SM-L505FZWAEUB<\/b> !<\/p>\n<p>Le <b>Galaxy Watch 8 Classic<\/b> de Samsung est une <b>montre connect\u00e9e<\/b> avanc\u00e9e con\u00e7ue pour ceux qui recherchent un \u00e9quilibre entre style classique et technologie de pointe. Cette montre intelligente dispose de la connectivit\u00e9 <b>Bluetooth<\/b> et <b>Wi-Fi<\/b>, permettant une synchronisation fluide avec les appareils mobiles et un acc\u00e8s direct aux applications et notifications sans \u00eatre constamment connect\u00e9 au t\u00e9l\u00e9phone. Sa certification <b>IP68<\/b> garantit une r\u00e9sistance \u00e0 l\u2019eau et \u00e0 la poussi\u00e8re, facilitant son utilisation dans divers environnements et conditions, des activit\u00e9s sportives aux situations quotidiennes sans crainte d\u2019endommagement par l\u2019humidit\u00e9. Le capteur de fr\u00e9quence cardiaque int\u00e9gr\u00e9 surveille en continu les signes vitaux, offrant des donn\u00e9es pr\u00e9cises pour suivre la condition physique et la sant\u00e9 en temps r\u00e9el. Le design comprend un bracelet de couleur <b>blanc<\/b> qui apporte une touche \u00e9l\u00e9gante et polyvalente, adapt\u00e9e aussi bien aux occasions formelles qu\u2019informelles. Il est \u00e9quip\u00e9 d\u2019une prise <b>EU<\/b>, compatible avec les normes europ\u00e9ennes pour sa recharge, assurant facilit\u00e9 et s\u00e9curit\u00e9 d\u2019utilisation au quotidien. En somme, le Galaxy Watch 8 Classic allie fonctionnalit\u00e9s avanc\u00e9es et esth\u00e9tique soign\u00e9e, offrant une exp\u00e9rience compl\u00e8te aux utilisateurs qui valorisent pr\u00e9cision, connectivit\u00e9 et design intemporel.<\/p>\n<ul>\n<li>Type de montre: Montre intelligente<\/li>\n<li>Produit \u00e0 brancher: Oui<\/li>\n<li>Type de prise: Prise EU<\/li>\n<li>Bloc d\u2019Alimentation: r\u00e9seau \u00e9lectrique<\/li>\n<li>Connectivit\u00e9:\n<ul>\n<li>Bluetooth<\/li>\n<li>Wi-Fi<\/li>\n<li>GPS<\/li>\n<li>NFC<\/li>\n<li>Glonass<\/li>\n<li>BeiDou<\/li>\n<li>Galileo<\/li>\n<li>Bluetooth 5.3<\/li>\n<\/ul>\n<\/li>\n<li>Couleur:\n<ul>\n<li>Blanc<\/li>\n<li>Argent\u00e9<\/li>\n<\/ul>\n<\/li>\n<li>Mati\u00e8re: Aluminium<\/li>\n<li>Caract\u00e9ristiques:\n<ul>\n<li>Acc\u00e9l\u00e9rom\u00e8tre<\/li>\n<li>Haut-parleurs int\u00e9gr\u00e9s<\/li>\n<li>Barom\u00e8tre<\/li>\n<li>Ecran tactile<\/li>\n<li>Gyroscope<\/li>\n<li>Microphone int\u00e9gr\u00e9<\/li>\n<li>Capteur optique<\/li>\n<li>Moniteur de Sommeil<\/li>\n<li>5 atm<\/li>\n<li>Connexion au r\u00e9seau mobile<\/li>\n<li>Capteur g\u00e9omagn\u00e9tique<\/li>\n<\/ul>\n<\/li>\n<li>Connexions: 4G<\/li>\n<li>Fonctions:\n<ul>\n<li>\u00c9cran couleur<\/li>\n<li>Moniteur de Sommeil<\/li>\n<li>Moniteur de fr\u00e9quence cardiaque<\/li>\n<\/ul>\n<\/li>\n<li>Type de batterie: Int\u00e9gr\u00e9e<\/li>\n<li>M\u00e9moire interne: 64 GB<\/li>\n<li>Caisse: 46 mm<\/li>\n<li>Forme: Rond<\/li>\n<li>Classification IP: IP68<\/li>\n<li>Type de fermeture: Boucle<\/li>\n<li>Ecran:\n<ul>\n<li>15&#8243;<\/li>\n<li>1,3&#8243;<\/li>\n<\/ul>\n<\/li>\n<li>Autonomie approx.: 30 heures<\/li>\n<li>Technologie:\n<ul>\n<li>AMOLED<\/li>\n<li>OLED<\/li>\n<\/ul>\n<\/li>\n<li>Chargeur sans fil: Oui<\/li>\n<li>M\u00e9moire Flash: 64 MB<\/li>\n<li>Diagonale de l&#8217;\u00e9cran (cm): 38,1 cm<\/li>\n<\/ul>","protected":false},"excerpt":{"rendered":"<p>Si vous \u00eates \u00e0 la recherche de nouvelles tendances sur le march\u00e9, nous vous pr\u00e9sentons Montre intelligente Samsung SM-L505FZWAEUB ! Le Galaxy Watch 8 Classic de Samsung est une montre connect\u00e9e avanc\u00e9e con\u00e7ue pour ceux qui recherchent un \u00e9quilibre entre style classique et technologie de pointe. Cette montre intelligente dispose de la connectivit\u00e9 Bluetooth et [&hellip;]<\/p>\n","protected":false},"featured_media":63330,"comment_status":"open","ping_status":"closed","template":"","meta":[],"product_brand":[183],"product_cat":[575,65,748],"product_tag":[103,104,566,106],"class_list":{"0":"post-63331","1":"product","2":"type-product","3":"status-publish","4":"has-post-thumbnail","6":"product_brand-brandp_576","7":"product_cat-electronique-telephonie-et-tablettes","8":"product_cat-informatique-electronique","9":"product_cat-smartwatches","10":"product_tag-tag_1261","11":"product_tag-tag_1279","12":"product_tag-tag_547","13":"product_tag-tag_1295","15":"first","16":"instock","17":"taxable","18":"shipping-taxable","19":"purchasable","20":"product-type-simple"},"_links":{"self":[{"href":"https:\/\/bigbuy.tupique.com\/pt\/wp-json\/wp\/v2\/product\/63331","targetHints":{"allow":["GET"]}}],"collection":[{"href":"https:\/\/bigbuy.tupique.com\/pt\/wp-json\/wp\/v2\/product"}],"about":[{"href":"https:\/\/bigbuy.tupique.com\/pt\/wp-json\/wp\/v2\/types\/product"}],"replies":[{"embeddable":true,"href":"https:\/\/bigbuy.tupique.com\/pt\/wp-json\/wp\/v2\/comments?post=63331"}],"wp:featuredmedia":[{"embeddable":true,"href":"https:\/\/bigbuy.tupique.com\/pt\/wp-json\/wp\/v2\/media\/63330"}],"wp:attachment":[{"href":"https:\/\/bigbuy.tupique.com\/pt\/wp-json\/wp\/v2\/media?parent=63331"}],"wp:term":[{"taxonomy":"product_brand","embeddable":true,"href":"https:\/\/bigbuy.tupique.com\/pt\/wp-json\/wp\/v2\/product_brand?post=63331"},{"taxonomy":"product_cat","embeddable":true,"href":"https:\/\/bigbuy.tupique.com\/pt\/wp-json\/wp\/v2\/product_cat?post=63331"},{"taxonomy":"product_tag","embeddable":true,"href":"https:\/\/bigbuy.tupique.com\/pt\/wp-json\/wp\/v2\/product_tag?post=63331"}],"curies":[{"name":"wp","href":"https:\/\/api.w.org\/{rel}","templated":true}]}}