{"id":63282,"date":"2026-04-01T18:06:00","date_gmt":"2026-04-01T17:06:00","guid":{"rendered":"https:\/\/bigbuy.tupique.com\/produto\/smart-tv-tcl-98c8k-uhd-98-google-assistant\/"},"modified":"2026-04-15T04:46:02","modified_gmt":"2026-04-15T03:46:02","slug":"smart-tv-tcl-98c8k-uhd-98-google-assistant","status":"publish","type":"product","link":"https:\/\/bigbuy.tupique.com\/pt\/produto\/smart-tv-tcl-98c8k-uhd-98-google-assistant\/","title":{"rendered":"TV intelligente TCL 98C8K UHD 98&#8243; Google Assistant"},"content":{"rendered":"<p>Si vous \u00eates passionn\u00e9 d&#8217;<b>informatique et d&#8217;\u00e9lectronique<\/b>, si vous \u00eates \u00e0 la pointe de la technologie et qu&#8217;aucun d\u00e9tail ne vous \u00e9chappe, achetez <b>TV intelligente TCL 98C8K UHD 98&#8243; Google Assistant<\/b> au meilleur prix.<\/p>\n<ul>\n<li>Classification \u00e9nerg\u00e9tique: D<\/li>\n<li>Ann\u00e9e: 2025<\/li>\n<li>Caract\u00e9ristiques:\n<ul>\n<li>TV intelligente<\/li>\n<li>Google Assistant<\/li>\n<li>\u00c9cran plat<\/li>\n<\/ul>\n<\/li>\n<li>Rapport d&#8217;aspect: 16:9<\/li>\n<li>Connectivit\u00e9: Wi-Fi<\/li>\n<li>Format: 16:9<\/li>\n<li>TV intelligente: Oui<\/li>\n<li>Fr\u00e9quence: 144 Hz<\/li>\n<li>R\u00e9solution: UHD<\/li>\n<li>Technologie: Google Assistant<\/li>\n<li>Non Inclus:\n<ul>\n<li>Cadre<\/li>\n<li>Socle<\/li>\n<\/ul>\n<\/li>\n<li>Ecran: 98&#8243;<\/li>\n<li>Montage: VESA<\/li>\n<li>Compatible: Google Assistant<\/li>\n<li>R\u00e9solution (px): 3840 x 2160 px<\/li>\n<li>Diagonale de l&#8217;\u00e9cran (cm): 248,9 cm<\/li>\n<\/ul>","protected":false},"excerpt":{"rendered":"<p>Si vous \u00eates passionn\u00e9 d&#8217;informatique et d&#8217;\u00e9lectronique, si vous \u00eates \u00e0 la pointe de la technologie et qu&#8217;aucun d\u00e9tail ne vous \u00e9chappe, achetez TV intelligente TCL 98C8K UHD 98&#8243; Google Assistant au meilleur prix. Classification \u00e9nerg\u00e9tique: D Ann\u00e9e: 2025 Caract\u00e9ristiques: TV intelligente Google Assistant \u00c9cran plat Rapport d&#8217;aspect: 16:9 Connectivit\u00e9: Wi-Fi Format: 16:9 TV intelligente: [&hellip;]<\/p>\n","protected":false},"featured_media":63279,"comment_status":"open","ping_status":"closed","template":"","meta":[],"product_brand":[1153],"product_cat":[589,65,957],"product_tag":[104],"class_list":{"0":"post-63282","1":"product","2":"type-product","3":"status-publish","4":"has-post-thumbnail","6":"product_brand-brandp_3009","7":"product_cat-electronique-television","8":"product_cat-informatique-electronique","9":"product_cat-televisions-et-smart-tv","10":"product_tag-tag_1279","12":"first","13":"instock","14":"taxable","15":"shipping-taxable","16":"purchasable","17":"product-type-simple"},"_links":{"self":[{"href":"https:\/\/bigbuy.tupique.com\/pt\/wp-json\/wp\/v2\/product\/63282","targetHints":{"allow":["GET"]}}],"collection":[{"href":"https:\/\/bigbuy.tupique.com\/pt\/wp-json\/wp\/v2\/product"}],"about":[{"href":"https:\/\/bigbuy.tupique.com\/pt\/wp-json\/wp\/v2\/types\/product"}],"replies":[{"embeddable":true,"href":"https:\/\/bigbuy.tupique.com\/pt\/wp-json\/wp\/v2\/comments?post=63282"}],"wp:featuredmedia":[{"embeddable":true,"href":"https:\/\/bigbuy.tupique.com\/pt\/wp-json\/wp\/v2\/media\/63279"}],"wp:attachment":[{"href":"https:\/\/bigbuy.tupique.com\/pt\/wp-json\/wp\/v2\/media?parent=63282"}],"wp:term":[{"taxonomy":"product_brand","embeddable":true,"href":"https:\/\/bigbuy.tupique.com\/pt\/wp-json\/wp\/v2\/product_brand?post=63282"},{"taxonomy":"product_cat","embeddable":true,"href":"https:\/\/bigbuy.tupique.com\/pt\/wp-json\/wp\/v2\/product_cat?post=63282"},{"taxonomy":"product_tag","embeddable":true,"href":"https:\/\/bigbuy.tupique.com\/pt\/wp-json\/wp\/v2\/product_tag?post=63282"}],"curies":[{"name":"wp","href":"https:\/\/api.w.org\/{rel}","templated":true}]}}