{"id":63177,"date":"2026-04-01T17:51:54","date_gmt":"2026-04-01T16:51:54","guid":{"rendered":"https:\/\/bigbuy.tupique.com\/produto\/smart-tv-xiaomi-ela5956eu\/"},"modified":"2026-04-15T04:33:39","modified_gmt":"2026-04-15T03:33:39","slug":"smart-tv-xiaomi-ela5956eu","status":"publish","type":"product","link":"https:\/\/bigbuy.tupique.com\/pt\/produto\/smart-tv-xiaomi-ela5956eu\/","title":{"rendered":"TV intelligente Xiaomi ELA5956EU"},"content":{"rendered":"<p>Si vous \u00eates \u00e0 la recherche de nouvelles tendances sur le march\u00e9, nous vous pr\u00e9sentons <b>TV intelligente Xiaomi ELA5956EU<\/b> !<\/p>\n<p>Le <b>Xiaomi ELA5956EU<\/b> est un <b>Smart TV 43&#8243;<\/b> con\u00e7u pour offrir une exp\u00e9rience de divertissement haut de gamme \u00e0 domicile, int\u00e9grant un <b>\u00e9cran QLED plat de 43 pouces<\/b> avec technologie avanc\u00e9e pour des images nettes et des couleurs \u00e9clatantes. Il dispose d\u2019une <b>r\u00e9solution 4K Ultra HD (3840 x 2160 pixels)<\/b>, permettant de profiter d\u2019un niveau de d\u00e9tail exceptionnel pour les films, s\u00e9ries ou jeux vid\u00e9o, avec un format panoramique <b>16:9<\/b> id\u00e9al pour tous types de contenus. Gr\u00e2ce \u00e0 la <b>technologie QLED<\/b>, ce t\u00e9l\u00e9viseur garantit des noirs profonds, une grande pr\u00e9cision des couleurs et une excellente visibilit\u00e9 m\u00eame dans les pi\u00e8ces lumineuses. Le syst\u00e8me d\u2019exploitation <b>Google TV<\/b> facilite la navigation intuitive entre de nombreuses applications et services de streaming, offrant un acc\u00e8s rapide \u00e0 des plateformes comme Netflix, YouTube, Disney+ et d\u2019autres, ainsi que la possibilit\u00e9 de contr\u00f4ler le t\u00e9l\u00e9viseur par commandes vocales. La connectivit\u00e9 est assur\u00e9e par le <b>Wi-Fi int\u00e9gr\u00e9<\/b>, le <b>Bluetooth<\/b> pour connecter des appareils externes et des <b>ports USB 2.0<\/b> pour lire facilement du contenu stock\u00e9. Le syst\u00e8me comprend un <b>tuner num\u00e9rique avanc\u00e9<\/b> compatible avec DVB-C, DVB-S2 et DVB-T2, s\u2019adaptant aux diff\u00e9rents signaux TV disponibles en Europe, ainsi qu\u2019un <b>interrupteur marche\/arr\u00eat<\/b> physique pour plus d\u2019efficacit\u00e9 et de contr\u00f4le. L\u2019audio est soutenu par une <b>puissance RMS de 16\u202fW<\/b>, offrant une exp\u00e9rience immersive compl\u00e9t\u00e9e par la compatibilit\u00e9 avec des technologies telles que Dolby. Son design \u00e9l\u00e9gant en <b>noir<\/b> s\u2019int\u00e8gre facilement dans tout int\u00e9rieur moderne. Le <b>Xiaomi ELA5956EU<\/b> est une solution polyvalente et \u00e9quilibr\u00e9e qui r\u00e9pond aux besoins de ceux qui recherchent qualit\u00e9 d\u2019image, connectivit\u00e9 et accessibilit\u00e9 dans un Smart TV compact.<\/p>\n<ul>\n<li>Connectivit\u00e9: Wi-Fi<\/li>\n<li>Son: 16 W<\/li>\n<li>R\u00e9solution (px): 3840 x 2160 px<\/li>\n<\/ul>","protected":false},"excerpt":{"rendered":"<p>Si vous \u00eates \u00e0 la recherche de nouvelles tendances sur le march\u00e9, nous vous pr\u00e9sentons TV intelligente Xiaomi ELA5956EU ! Le Xiaomi ELA5956EU est un Smart TV 43&#8243; con\u00e7u pour offrir une exp\u00e9rience de divertissement haut de gamme \u00e0 domicile, int\u00e9grant un \u00e9cran QLED plat de 43 pouces avec technologie avanc\u00e9e pour des images nettes [&hellip;]<\/p>\n","protected":false},"featured_media":63176,"comment_status":"open","ping_status":"closed","template":"","meta":[],"product_brand":[525],"product_cat":[589,65,957],"product_tag":[],"class_list":{"0":"post-63177","1":"product","2":"type-product","3":"status-publish","4":"has-post-thumbnail","6":"product_brand-brandp_1269","7":"product_cat-electronique-television","8":"product_cat-informatique-electronique","9":"product_cat-televisions-et-smart-tv","11":"first","12":"instock","13":"taxable","14":"shipping-taxable","15":"purchasable","16":"product-type-simple"},"_links":{"self":[{"href":"https:\/\/bigbuy.tupique.com\/pt\/wp-json\/wp\/v2\/product\/63177","targetHints":{"allow":["GET"]}}],"collection":[{"href":"https:\/\/bigbuy.tupique.com\/pt\/wp-json\/wp\/v2\/product"}],"about":[{"href":"https:\/\/bigbuy.tupique.com\/pt\/wp-json\/wp\/v2\/types\/product"}],"replies":[{"embeddable":true,"href":"https:\/\/bigbuy.tupique.com\/pt\/wp-json\/wp\/v2\/comments?post=63177"}],"wp:featuredmedia":[{"embeddable":true,"href":"https:\/\/bigbuy.tupique.com\/pt\/wp-json\/wp\/v2\/media\/63176"}],"wp:attachment":[{"href":"https:\/\/bigbuy.tupique.com\/pt\/wp-json\/wp\/v2\/media?parent=63177"}],"wp:term":[{"taxonomy":"product_brand","embeddable":true,"href":"https:\/\/bigbuy.tupique.com\/pt\/wp-json\/wp\/v2\/product_brand?post=63177"},{"taxonomy":"product_cat","embeddable":true,"href":"https:\/\/bigbuy.tupique.com\/pt\/wp-json\/wp\/v2\/product_cat?post=63177"},{"taxonomy":"product_tag","embeddable":true,"href":"https:\/\/bigbuy.tupique.com\/pt\/wp-json\/wp\/v2\/product_tag?post=63177"}],"curies":[{"name":"wp","href":"https:\/\/api.w.org\/{rel}","templated":true}]}}