{"id":63155,"date":"2026-04-01T17:51:31","date_gmt":"2026-04-01T16:51:31","guid":{"rendered":"https:\/\/bigbuy.tupique.com\/produto\/smartwatch-polar-900112398\/"},"modified":"2026-04-15T19:08:14","modified_gmt":"2026-04-15T18:08:14","slug":"smartwatch-polar-900112398","status":"publish","type":"product","link":"https:\/\/bigbuy.tupique.com\/pt\/produto\/smartwatch-polar-900112398\/","title":{"rendered":"Montre intelligente Polar 900112398"},"content":{"rendered":"<p>Si vous \u00eates \u00e0 la recherche de nouvelles tendances sur le march\u00e9, nous vous pr\u00e9sentons <b>Montre intelligente Polar 900112398<\/b> !<\/p>\n<p>La <b>montre connect\u00e9e<\/b> de la marque Polar se pr\u00e9sente comme un appareil polyvalent et fonctionnel int\u00e9grant la connectivit\u00e9 <b>Bluetooth<\/b> pour faciliter la synchronisation sans fil avec d\u2019autres appareils mobiles, permettant une gestion simple des notifications et des donn\u00e9es. Elle se distingue par sa <b>bracelet beige<\/b>, apportant un design neutre et \u00e9l\u00e9gant, id\u00e9al pour ceux qui pr\u00e9f\u00e8rent un style sobre et discret, compatible avec diff\u00e9rentes tenues. De plus, elle dispose d\u2019un <b>capteur de fr\u00e9quence cardiaque<\/b> int\u00e9gr\u00e9, \u00e9l\u00e9ment cl\u00e9 pour un suivi pr\u00e9cis de l\u2019activit\u00e9 physique et de la sant\u00e9 cardiovasculaire, ce qui en fait un outil utile pour les sportifs et les utilisateurs soucieux de leur bien-\u00eatre. Ce mod\u00e8le est con\u00e7u pour offrir des fonctions essentielles de suivi et de connectivit\u00e9, compl\u00e9t\u00e9es par sa facilit\u00e9 d\u2019utilisation et sa compatibilit\u00e9, garantissant une exp\u00e9rience confortable et pratique. Son alimentation est adapt\u00e9e \u00e0 une prise EU, assurant compatibilit\u00e9 et s\u00e9curit\u00e9 lors de la charge. En r\u00e9sum\u00e9, cette montre connect\u00e9e Polar allie fonctionnalit\u00e9 basique et design soign\u00e9, se positionnant comme une option fiable pour ceux qui recherchent un appareil compact et efficace pour g\u00e9rer leur activit\u00e9 quotidienne et leur sant\u00e9.<\/p>\n<ul>\n<li>Type de montre: Montre intelligente<\/li>\n<li>Produit \u00e0 brancher: Oui<\/li>\n<li>Type de prise: Prise EU<\/li>\n<li>Bloc d\u2019Alimentation: r\u00e9seau \u00e9lectrique<\/li>\n<li>Connectivit\u00e9:\n<ul>\n<li>Bluetooth<\/li>\n<li>GPS<\/li>\n<li>Glonass<\/li>\n<li>BeiDou<\/li>\n<li>Galileo<\/li>\n<li>Bluetooth 5.1<\/li>\n<\/ul>\n<\/li>\n<li>Couleur du bracelet: Beige<\/li>\n<li>Couleur: Noir<\/li>\n<li>Mati\u00e8re: Aluminium<\/li>\n<li>Caract\u00e9ristiques:\n<ul>\n<li>Acc\u00e9l\u00e9rom\u00e8tre<\/li>\n<li>Barom\u00e8tre<\/li>\n<li>Ecran tactile<\/li>\n<li>Capteur de lumi\u00e8re ambiante<\/li>\n<li>Altim\u00e8tre<\/li>\n<li>Alarme<\/li>\n<li>Distance parcourue<\/li>\n<li>Chronom\u00e8tre<\/li>\n<li>Format 12h \/ 24h<\/li>\n<\/ul>\n<\/li>\n<li>Connexions:\n<ul>\n<li>USB<\/li>\n<li>USB-C<\/li>\n<\/ul>\n<\/li>\n<li>Type de batterie:\n<ul>\n<li>Int\u00e9gr\u00e9e<\/li>\n<li>Batterie au lithium rechargeable<\/li>\n<\/ul>\n<\/li>\n<li>M\u00e9moire interne: 32 GB<\/li>\n<li>Forme: Rond<\/li>\n<li>Inclut:\n<ul>\n<li>Batterie<\/li>\n<li>Minuterie<\/li>\n<\/ul>\n<\/li>\n<li>Genre: Adultes unisexes<\/li>\n<li>Ecran: 1,28&#8243;<\/li>\n<li>Compatible: Android, iOS<\/li>\n<li>Fonctions:\n<ul>\n<li>Moniteur de Sommeil<\/li>\n<li>Moniteur de fr\u00e9quence cardiaque<\/li>\n<\/ul>\n<\/li>\n<li>Technologie: AMOLED<\/li>\n<li>Fonctionne \u00e0 piles: 1 Pol\u00edmero de litio<\/li>\n<\/ul>","protected":false},"excerpt":{"rendered":"<p>Si vous \u00eates \u00e0 la recherche de nouvelles tendances sur le march\u00e9, nous vous pr\u00e9sentons Montre intelligente Polar 900112398 ! La montre connect\u00e9e de la marque Polar se pr\u00e9sente comme un appareil polyvalent et fonctionnel int\u00e9grant la connectivit\u00e9 Bluetooth pour faciliter la synchronisation sans fil avec d\u2019autres appareils mobiles, permettant une gestion simple des notifications [&hellip;]<\/p>\n","protected":false},"featured_media":190688,"comment_status":"open","ping_status":"closed","template":"","meta":[],"product_brand":[178],"product_cat":[575,65,748],"product_tag":[103,566,106],"class_list":{"0":"post-63155","1":"product","2":"type-product","3":"status-publish","4":"has-post-thumbnail","6":"product_brand-brandp_5019","7":"product_cat-electronique-telephonie-et-tablettes","8":"product_cat-informatique-electronique","9":"product_cat-smartwatches","10":"product_tag-tag_1261","11":"product_tag-tag_547","12":"product_tag-tag_1295","14":"first","15":"instock","16":"taxable","17":"shipping-taxable","18":"purchasable","19":"product-type-simple"},"_links":{"self":[{"href":"https:\/\/bigbuy.tupique.com\/pt\/wp-json\/wp\/v2\/product\/63155","targetHints":{"allow":["GET"]}}],"collection":[{"href":"https:\/\/bigbuy.tupique.com\/pt\/wp-json\/wp\/v2\/product"}],"about":[{"href":"https:\/\/bigbuy.tupique.com\/pt\/wp-json\/wp\/v2\/types\/product"}],"replies":[{"embeddable":true,"href":"https:\/\/bigbuy.tupique.com\/pt\/wp-json\/wp\/v2\/comments?post=63155"}],"wp:featuredmedia":[{"embeddable":true,"href":"https:\/\/bigbuy.tupique.com\/pt\/wp-json\/wp\/v2\/media\/190688"}],"wp:attachment":[{"href":"https:\/\/bigbuy.tupique.com\/pt\/wp-json\/wp\/v2\/media?parent=63155"}],"wp:term":[{"taxonomy":"product_brand","embeddable":true,"href":"https:\/\/bigbuy.tupique.com\/pt\/wp-json\/wp\/v2\/product_brand?post=63155"},{"taxonomy":"product_cat","embeddable":true,"href":"https:\/\/bigbuy.tupique.com\/pt\/wp-json\/wp\/v2\/product_cat?post=63155"},{"taxonomy":"product_tag","embeddable":true,"href":"https:\/\/bigbuy.tupique.com\/pt\/wp-json\/wp\/v2\/product_tag?post=63155"}],"curies":[{"name":"wp","href":"https:\/\/api.w.org\/{rel}","templated":true}]}}