{"id":63142,"date":"2026-04-01T17:51:15","date_gmt":"2026-04-01T16:51:15","guid":{"rendered":"https:\/\/bigbuy.tupique.com\/produto\/smart-tv-xiaomi-55-a-pro-2026-55-uhd-google-assistant-qled-dolby-vision\/"},"modified":"2026-05-11T19:57:00","modified_gmt":"2026-05-11T17:57:00","slug":"smart-tv-xiaomi-55-a-pro-2026-55-uhd-google-assistant-qled-dolby-vision","status":"publish","type":"product","link":"https:\/\/bigbuy.tupique.com\/pt\/produto\/smart-tv-xiaomi-55-a-pro-2026-55-uhd-google-assistant-qled-dolby-vision\/","title":{"rendered":"TV intelligente Xiaomi 55 A PRO 2026 55&#8243; UHD Google Assistant QLED Dolby Vision"},"content":{"rendered":"<p>Si vous \u00eates \u00e0 la recherche de nouvelles tendances sur le march\u00e9, nous vous pr\u00e9sentons <b>TV intelligente Xiaomi 55 A PRO 2026 55&#8243; UHD Google Assistant QLED Dolby Vision<\/b> !<\/p>\n<ul>\n<li>Classification \u00e9nerg\u00e9tique: F<\/li>\n<li>Ecran: 55&#8243;<\/li>\n<li>Couleur: Noir<\/li>\n<li>Caract\u00e9ristiques:\n<ul>\n<li>\u00c9cran OLED<\/li>\n<li>TV intelligente<\/li>\n<li>4K<\/li>\n<li>HDR<\/li>\n<li>Wi-Fi<\/li>\n<li>Full HD<\/li>\n<li>HDR10<\/li>\n<li>Google Assistant<\/li>\n<\/ul>\n<\/li>\n<li>Connexions:\n<ul>\n<li>USB<\/li>\n<li>USB-C<\/li>\n<li>USB 3.0<\/li>\n<li>USB 3.1<\/li>\n<li>RJ45<\/li>\n<li>USB x 2<\/li>\n<li>HDMI x 1<\/li>\n<li>DisplayPort x 2<\/li>\n<li>DisplayPort<\/li>\n<li>HDMI 2.0<\/li>\n<li>Wireless LAN Adapter Support x 1<\/li>\n<li>Ethernet LAN<\/li>\n<li>LAN<\/li>\n<li>RS232C x 1<\/li>\n<li>USB-A<\/li>\n<li>USB-B<\/li>\n<li>USB 3.2<\/li>\n<li>Ethernet<\/li>\n<li>Wi-Fi Direct<\/li>\n<li>Web<\/li>\n<li>HDMI 2.0 x 4<\/li>\n<li>Audio<\/li>\n<li>Ethernet RJ45 x 1<\/li>\n<li>Miracast<\/li>\n<li>HDCP<\/li>\n<li>Anynet+<\/li>\n<li>CI+ 1.4 x 1<\/li>\n<li>HDMI 2.1 x 1<\/li>\n<li>HDMI 1.4<\/li>\n<li>RJ45, RS-232<\/li>\n<li>HDMI 2.1<\/li>\n<li>USB A 3.2 Gen 1 (3.1 Gen 1) x 4<\/li>\n<li>HDMI x 2<\/li>\n<li>USB 2.0 x 2<\/li>\n<li>RJ45 x 1<\/li>\n<li>USB x 1<\/li>\n<li>HDMI x 3<\/li>\n<li>HDMI x 4<\/li>\n<\/ul>\n<\/li>\n<li>Rapport d&#8217;aspect: 16:9<\/li>\n<li>Connectivit\u00e9:\n<ul>\n<li>Bluetooth<\/li>\n<li>Wi-Fi<\/li>\n<li>HDMI<\/li>\n<\/ul>\n<\/li>\n<li>Format: 16:9<\/li>\n<li>TV intelligente: Oui<\/li>\n<li>Compatible:\n<ul>\n<li>Amazon Alexa<\/li>\n<li>HDR10<\/li>\n<li>HDR Dolby Vision<\/li>\n<li>Google Assistant<\/li>\n<\/ul>\n<\/li>\n<li>R\u00e9solution: UHD<\/li>\n<li>Formats:\n<ul>\n<li>Dolby Audio<\/li>\n<li>AVC,AVI,H.264,H.265,MKV,MPEG1,MPEG2,MPEG4,VC-1,VP9,WMV9<\/li>\n<li>AAC,MP3,WAV,WMA<\/li>\n<li>BMP, GIF, JPEG, PNG<\/li>\n<\/ul>\n<\/li>\n<li>R\u00e9cepteur: DVB-T2, DVB-C, DVB-S2<\/li>\n<li>Technologie:\n<ul>\n<li>Google Assistant<\/li>\n<li>QLED<\/li>\n<li>Dolby Vision<\/li>\n<\/ul>\n<\/li>\n<li>Fr\u00e9quence: 60 Hz<\/li>\n<li>Montage: VESA<\/li>\n<li>R\u00e9solution (px): 3840 x 2160 px<\/li>\n<li>Diagonale de l&#8217;\u00e9cran (cm): 139,7 cm<\/li>\n<\/ul>","protected":false},"excerpt":{"rendered":"<p>Si vous \u00eates \u00e0 la recherche de nouvelles tendances sur le march\u00e9, nous vous pr\u00e9sentons TV intelligente Xiaomi 55 A PRO 2026 55&#8243; UHD Google Assistant QLED Dolby Vision ! Classification \u00e9nerg\u00e9tique: F Ecran: 55&#8243; Couleur: Noir Caract\u00e9ristiques: \u00c9cran OLED TV intelligente 4K HDR Wi-Fi Full HD HDR10 Google Assistant Connexions: USB USB-C USB 3.0 [&hellip;]<\/p>\n","protected":false},"featured_media":63140,"comment_status":"open","ping_status":"closed","template":"","meta":[],"product_brand":[525],"product_cat":[589,65,957],"product_tag":[],"class_list":{"0":"post-63142","1":"product","2":"type-product","3":"status-publish","4":"has-post-thumbnail","6":"product_brand-brandp_1269","7":"product_cat-electronique-television","8":"product_cat-informatique-electronique","9":"product_cat-televisions-et-smart-tv","11":"first","12":"instock","13":"taxable","14":"shipping-taxable","15":"purchasable","16":"product-type-simple"},"_links":{"self":[{"href":"https:\/\/bigbuy.tupique.com\/pt\/wp-json\/wp\/v2\/product\/63142","targetHints":{"allow":["GET"]}}],"collection":[{"href":"https:\/\/bigbuy.tupique.com\/pt\/wp-json\/wp\/v2\/product"}],"about":[{"href":"https:\/\/bigbuy.tupique.com\/pt\/wp-json\/wp\/v2\/types\/product"}],"replies":[{"embeddable":true,"href":"https:\/\/bigbuy.tupique.com\/pt\/wp-json\/wp\/v2\/comments?post=63142"}],"wp:featuredmedia":[{"embeddable":true,"href":"https:\/\/bigbuy.tupique.com\/pt\/wp-json\/wp\/v2\/media\/63140"}],"wp:attachment":[{"href":"https:\/\/bigbuy.tupique.com\/pt\/wp-json\/wp\/v2\/media?parent=63142"}],"wp:term":[{"taxonomy":"product_brand","embeddable":true,"href":"https:\/\/bigbuy.tupique.com\/pt\/wp-json\/wp\/v2\/product_brand?post=63142"},{"taxonomy":"product_cat","embeddable":true,"href":"https:\/\/bigbuy.tupique.com\/pt\/wp-json\/wp\/v2\/product_cat?post=63142"},{"taxonomy":"product_tag","embeddable":true,"href":"https:\/\/bigbuy.tupique.com\/pt\/wp-json\/wp\/v2\/product_tag?post=63142"}],"curies":[{"name":"wp","href":"https:\/\/api.w.org\/{rel}","templated":true}]}}