{"id":63093,"date":"2026-04-01T17:49:55","date_gmt":"2026-04-01T16:49:55","guid":{"rendered":"https:\/\/bigbuy.tupique.com\/produto\/stick-vacuum-cleaner-samsung-vs90f40dek-jet-ai\/"},"modified":"2026-05-11T19:56:57","modified_gmt":"2026-05-11T17:56:57","slug":"stick-vacuum-cleaner-samsung-vs90f40dek-jet-ai","status":"publish","type":"product","link":"https:\/\/bigbuy.tupique.com\/pt\/produto\/stick-vacuum-cleaner-samsung-vs90f40dek-jet-ai\/","title":{"rendered":"Aspirateur balai Samsung VS90F40DEK JET AI"},"content":{"rendered":"<p>Si vous recherchez des \u00e9lectrom\u00e9nagers pour votre maison aux meilleurs prix, ne manquez pas <b>Aspirateur balai Samsung VS90F40DEK JET AI<\/b> et une large s\u00e9lection de petits \u00e9lectrom\u00e9nagers de qualit\u00e9 !<\/p>\n<p>Le <b>aspirateur balai Samsung VS90F40DEK JET AI<\/b> est un appareil con\u00e7u pour offrir un nettoyage efficace et confortable gr\u00e2ce \u00e0 son \u00e9quilibre entre puissance et technologie avanc\u00e9e. Il pr\u00e9sente un design fonctionnel en <b>noir<\/b> qui s\u2019int\u00e8gre facilement dans tout int\u00e9rieur. Son syst\u00e8me d\u2019alimentation par <b>batterie rechargeable<\/b> offre jusqu\u2019\u00e0 <b>5 heures d\u2019autonomie<\/b>, permettant un nettoyage continu sans interruption. Avec une <b>capacit\u00e9 du r\u00e9servoir de 500 ml<\/b>, il facilite la collecte de poussi\u00e8re et d\u00e9bris pour les t\u00e2ches de nettoyage \u00e0 sec. De plus, il int\u00e8gre un <b>filtre HEPA<\/b> qui assure une filtration efficace des plus petites particules, am\u00e9liorant la qualit\u00e9 de l\u2019air et r\u00e9duisant les allerg\u00e8nes, id\u00e9al pour les foyers sensibles. Ce mod\u00e8le dispose d\u2019un <b>\u00e9cran int\u00e9gr\u00e9<\/b> fournissant des informations claires sur l\u2019\u00e9tat de l\u2019aspirateur et de la batterie, facilitant son usage et son entretien. Son design balai apporte l\u00e9g\u00e8ret\u00e9 et maniabilit\u00e9, permettant d\u2019acc\u00e9der ais\u00e9ment \u00e0 diff\u00e9rentes surfaces et recoins. Le mod\u00e8le VS90F40DEK JET AI de Samsung repr\u00e9sente une option solide dans la cat\u00e9gorie des aspirateurs balais, combinant autonomie, simplicit\u00e9 d\u2019utilisation et filtration avanc\u00e9e, destin\u00e9 aux utilisateurs recherchant praticit\u00e9 et efficacit\u00e9 pour le nettoyage quotidien.<\/p>\n<ul>\n<li>Produit \u00e0 brancher: Oui<\/li>\n<li>Type:\n<ul>\n<li>Aspirateur balai<\/li>\n<li>Sec<\/li>\n<\/ul>\n<\/li>\n<li>Type de prise: Prise EU<\/li>\n<li>Bloc d\u2019Alimentation:\n<ul>\n<li>r\u00e9seau \u00e9lectrique<\/li>\n<li>Batterie<\/li>\n<\/ul>\n<\/li>\n<li>Couleur: Noir<\/li>\n<li>Caract\u00e9ristiques:\n<ul>\n<li>\u00c9cran integr\u00e9<\/li>\n<li>Filtre HEPA<\/li>\n<\/ul>\n<\/li>\n<li>Capacit\u00e9: 500 ml<\/li>\n<li>Temps de charge approx.: 5 heures<\/li>\n<li>Largeur: 25 cm<\/li>\n<li>Autonomie approx.: 2,5 heures<\/li>\n<li>Tension: 25,2 V<\/li>\n<li>Technologie: LCD<\/li>\n<li>Type de batterie: Litio Ion<\/li>\n<\/ul>","protected":false},"excerpt":{"rendered":"<p><span class=\"unit-info\">178.5980 &euro; \/ 100 ml<\/span><\/p>","protected":false},"featured_media":63092,"comment_status":"open","ping_status":"closed","template":"","meta":[],"product_brand":[183],"product_cat":[762,239,240],"product_tag":[56,210],"class_list":{"0":"post-63093","1":"product","2":"type-product","3":"status-publish","4":"has-post-thumbnail","6":"product_brand-brandp_576","7":"product_cat-aspirateurs-et-robots","8":"product_cat-maison-jardin","9":"product_cat-nettoyage-aspirateur-et-repassage","10":"product_tag-tag_930","11":"product_tag-tag_25","13":"first","14":"instock","15":"taxable","16":"shipping-taxable","17":"purchasable","18":"product-type-simple"},"_links":{"self":[{"href":"https:\/\/bigbuy.tupique.com\/pt\/wp-json\/wp\/v2\/product\/63093","targetHints":{"allow":["GET"]}}],"collection":[{"href":"https:\/\/bigbuy.tupique.com\/pt\/wp-json\/wp\/v2\/product"}],"about":[{"href":"https:\/\/bigbuy.tupique.com\/pt\/wp-json\/wp\/v2\/types\/product"}],"replies":[{"embeddable":true,"href":"https:\/\/bigbuy.tupique.com\/pt\/wp-json\/wp\/v2\/comments?post=63093"}],"wp:featuredmedia":[{"embeddable":true,"href":"https:\/\/bigbuy.tupique.com\/pt\/wp-json\/wp\/v2\/media\/63092"}],"wp:attachment":[{"href":"https:\/\/bigbuy.tupique.com\/pt\/wp-json\/wp\/v2\/media?parent=63093"}],"wp:term":[{"taxonomy":"product_brand","embeddable":true,"href":"https:\/\/bigbuy.tupique.com\/pt\/wp-json\/wp\/v2\/product_brand?post=63093"},{"taxonomy":"product_cat","embeddable":true,"href":"https:\/\/bigbuy.tupique.com\/pt\/wp-json\/wp\/v2\/product_cat?post=63093"},{"taxonomy":"product_tag","embeddable":true,"href":"https:\/\/bigbuy.tupique.com\/pt\/wp-json\/wp\/v2\/product_tag?post=63093"}],"curies":[{"name":"wp","href":"https:\/\/api.w.org\/{rel}","templated":true}]}}