{"id":63084,"date":"2026-04-01T17:49:46","date_gmt":"2026-04-01T16:49:46","guid":{"rendered":"https:\/\/bigbuy.tupique.com\/produto\/induction-hot-plate-cata-giga600sd-60-cm-7400-w\/"},"modified":"2026-04-15T04:07:52","modified_gmt":"2026-04-15T03:07:52","slug":"induction-hot-plate-cata-giga600sd-60-cm-7400-w","status":"publish","type":"product","link":"https:\/\/bigbuy.tupique.com\/pt\/produto\/induction-hot-plate-cata-giga600sd-60-cm-7400-w\/","title":{"rendered":"Plaque \u00e0 Induction Cata GIGA600SD 60 cm 7400 W"},"content":{"rendered":"<p>Si vous pensez r\u00e9nover votre cuisine, achetez <b>Plaque \u00e0 Induction Cata GIGA600SD 60 cm 7400 W<\/b> et d\u00b4autres <b>produits Cata<\/b> !<\/p>\n<ul>\n<li>Produit \u00e0 brancher: Oui<\/li>\n<li>Type de prise: Prise EU<\/li>\n<li>Type: Plaque \u00e0 Induction<\/li>\n<li>Bloc d\u2019Alimentation: r\u00e9seau \u00e9lectrique<\/li>\n<li>Couleur: Marron<\/li>\n<li>Largeur: 60 cm<\/li>\n<li>Caract\u00e9ristiques:\n<ul>\n<li>Minuterie<\/li>\n<li>Verrouillage pour enfants<\/li>\n<li>\u00c9cran integr\u00e9<\/li>\n<li>Commande tactile<\/li>\n<li>9 niveaux<\/li>\n<\/ul>\n<\/li>\n<li>Type d&#8217;installation: Int\u00e9grable<\/li>\n<li>puissance: 7400 W<\/li>\n<li>Zones de cuisson: 4<\/li>\n<li>Arr\u00eat Automatique: Oui<\/li>\n<\/ul>","protected":false},"excerpt":{"rendered":"<p>Si vous pensez r\u00e9nover votre cuisine, achetez Plaque \u00e0 Induction Cata GIGA600SD 60 cm 7400 W et d\u00b4autres produits Cata ! Produit \u00e0 brancher: Oui Type de prise: Prise EU Type: Plaque \u00e0 Induction Bloc d\u2019Alimentation: r\u00e9seau \u00e9lectrique Couleur: Marron Largeur: 60 cm Caract\u00e9ristiques: Minuterie Verrouillage pour enfants \u00c9cran integr\u00e9 Commande tactile 9 niveaux Type [&hellip;]<\/p>\n","protected":false},"featured_media":63083,"comment_status":"open","ping_status":"closed","template":"","meta":[],"product_brand":[155],"product_cat":[60,77,78],"product_tag":[55,56],"class_list":{"0":"post-63084","1":"product","2":"type-product","3":"status-publish","4":"has-post-thumbnail","6":"product_brand-brandp_1208","7":"product_cat-cuisine-gourmet","8":"product_cat-petit-electromenager","9":"product_cat-plaques-de-cuisson","10":"product_tag-tag_926","11":"product_tag-tag_930","13":"first","14":"instock","15":"taxable","16":"shipping-taxable","17":"purchasable","18":"product-type-simple"},"_links":{"self":[{"href":"https:\/\/bigbuy.tupique.com\/pt\/wp-json\/wp\/v2\/product\/63084","targetHints":{"allow":["GET"]}}],"collection":[{"href":"https:\/\/bigbuy.tupique.com\/pt\/wp-json\/wp\/v2\/product"}],"about":[{"href":"https:\/\/bigbuy.tupique.com\/pt\/wp-json\/wp\/v2\/types\/product"}],"replies":[{"embeddable":true,"href":"https:\/\/bigbuy.tupique.com\/pt\/wp-json\/wp\/v2\/comments?post=63084"}],"wp:featuredmedia":[{"embeddable":true,"href":"https:\/\/bigbuy.tupique.com\/pt\/wp-json\/wp\/v2\/media\/63083"}],"wp:attachment":[{"href":"https:\/\/bigbuy.tupique.com\/pt\/wp-json\/wp\/v2\/media?parent=63084"}],"wp:term":[{"taxonomy":"product_brand","embeddable":true,"href":"https:\/\/bigbuy.tupique.com\/pt\/wp-json\/wp\/v2\/product_brand?post=63084"},{"taxonomy":"product_cat","embeddable":true,"href":"https:\/\/bigbuy.tupique.com\/pt\/wp-json\/wp\/v2\/product_cat?post=63084"},{"taxonomy":"product_tag","embeddable":true,"href":"https:\/\/bigbuy.tupique.com\/pt\/wp-json\/wp\/v2\/product_tag?post=63084"}],"curies":[{"name":"wp","href":"https:\/\/api.w.org\/{rel}","templated":true}]}}