{"id":63032,"date":"2026-04-01T17:47:44","date_gmt":"2026-04-01T16:47:44","guid":{"rendered":"https:\/\/bigbuy.tupique.com\/produto\/virtual-reality-glasses-meta-meta-quest-3-s-128gb\/"},"modified":"2026-05-11T19:56:51","modified_gmt":"2026-05-11T17:56:51","slug":"virtual-reality-glasses-meta-meta-quest-3-s-128gb","status":"publish","type":"product","link":"https:\/\/bigbuy.tupique.com\/pt\/produto\/virtual-reality-glasses-meta-meta-quest-3-s-128gb\/","title":{"rendered":"Lunettes de r\u00e9alit\u00e9 Virtuelle Meta Meta Quest 3 S 128GB"},"content":{"rendered":"<p>Retournez au bureau sans rien oublier ! Achetez <b>Lunettes de r\u00e9alit\u00e9 Virtuelle Meta Meta Quest 3 S 128GB<\/b> et faites envie \u00e0 vos coll\u00e8gues!<\/p>\n<ul>\n<li>Couleur: Blanc<\/li>\n<li>M\u00e9moire interne: 128 GB<\/li>\n<li>Type: Lunettes de r\u00e9alit\u00e9 Virtuelle<\/li>\n<li>Connexions: USB-C<\/li>\n<li>Caract\u00e9ristiques: Fonctionne \u00e0 piles (2 AA, incluses)<\/li>\n<li>Gyroscope: Oui<\/li>\n<li>Acc\u00e9l\u00e9rom\u00e8tre: Oui<\/li>\n<\/ul>","protected":false},"excerpt":{"rendered":"<p>Retournez au bureau sans rien oublier ! Achetez Lunettes de r\u00e9alit\u00e9 Virtuelle Meta Meta Quest 3 S 128GB et faites envie \u00e0 vos coll\u00e8gues! Couleur: Blanc M\u00e9moire interne: 128 GB Type: Lunettes de r\u00e9alit\u00e9 Virtuelle Connexions: USB-C Caract\u00e9ristiques: Fonctionne \u00e0 piles (2 AA, incluses) Gyroscope: Oui Acc\u00e9l\u00e9rom\u00e8tre: Oui<\/p>","protected":false},"featured_media":63031,"comment_status":"open","ping_status":"closed","template":"","meta":[],"product_brand":[1646],"product_cat":[609,65,1053],"product_tag":[566],"class_list":{"0":"post-63032","1":"product","2":"type-product","3":"status-publish","4":"has-post-thumbnail","6":"product_brand-brandp_9727","7":"product_cat-electronique-jouets-electroniques","8":"product_cat-informatique-electronique","9":"product_cat-lunettes-de-realite-virtuelle","10":"product_tag-tag_547","12":"first","13":"instock","14":"taxable","15":"shipping-taxable","16":"purchasable","17":"product-type-simple"},"_links":{"self":[{"href":"https:\/\/bigbuy.tupique.com\/pt\/wp-json\/wp\/v2\/product\/63032","targetHints":{"allow":["GET"]}}],"collection":[{"href":"https:\/\/bigbuy.tupique.com\/pt\/wp-json\/wp\/v2\/product"}],"about":[{"href":"https:\/\/bigbuy.tupique.com\/pt\/wp-json\/wp\/v2\/types\/product"}],"replies":[{"embeddable":true,"href":"https:\/\/bigbuy.tupique.com\/pt\/wp-json\/wp\/v2\/comments?post=63032"}],"wp:featuredmedia":[{"embeddable":true,"href":"https:\/\/bigbuy.tupique.com\/pt\/wp-json\/wp\/v2\/media\/63031"}],"wp:attachment":[{"href":"https:\/\/bigbuy.tupique.com\/pt\/wp-json\/wp\/v2\/media?parent=63032"}],"wp:term":[{"taxonomy":"product_brand","embeddable":true,"href":"https:\/\/bigbuy.tupique.com\/pt\/wp-json\/wp\/v2\/product_brand?post=63032"},{"taxonomy":"product_cat","embeddable":true,"href":"https:\/\/bigbuy.tupique.com\/pt\/wp-json\/wp\/v2\/product_cat?post=63032"},{"taxonomy":"product_tag","embeddable":true,"href":"https:\/\/bigbuy.tupique.com\/pt\/wp-json\/wp\/v2\/product_tag?post=63032"}],"curies":[{"name":"wp","href":"https:\/\/api.w.org\/{rel}","templated":true}]}}