{"id":63019,"date":"2026-04-01T17:47:29","date_gmt":"2026-04-01T16:47:29","guid":{"rendered":"https:\/\/bigbuy.tupique.com\/produto\/oven-balay-3hb5159n4\/"},"modified":"2026-04-15T06:25:42","modified_gmt":"2026-04-15T05:25:42","slug":"oven-balay-3hb5159n4","status":"publish","type":"product","link":"https:\/\/bigbuy.tupique.com\/pt\/produto\/oven-balay-3hb5159n4\/","title":{"rendered":"Four Balay 3HB5159N4"},"content":{"rendered":"<p>Si vous \u00eates \u00e0 la recherche de nouvelles tendances sur le march\u00e9, nous vous pr\u00e9sentons <b>Four Balay 3HB5159N4<\/b> !<\/p>\n<p>Le <b>Balay<\/b> <b>four<\/b> encastrable en noir est une option solide et efficace pour ceux qui souhaitent \u00e9quiper leur cuisine avec une technologie ax\u00e9e sur la performance et les \u00e9conomies d&#8217;\u00e9nergie. Gr\u00e2ce \u00e0 sa <b>classe \u00e9nerg\u00e9tique A+<\/b>, ce four assure une faible consommation d&#8217;\u00e9lectricit\u00e9 sans compromettre la puissance, offrant jusqu&#8217;\u00e0 <b>3600 W<\/b> pour r\u00e9pondre efficacement \u00e0 tous types de pr\u00e9parations. Sa <b>capacit\u00e9 de 71 litres<\/b> permet de cuisiner de grandes quantit\u00e9s, id\u00e9ale pour les familles nombreuses ou les occasions sp\u00e9ciales. Il int\u00e8gre une <b>lumi\u00e8re int\u00e9rieure<\/b> qui facilite le contr\u00f4le visuel de la cuisson sans ouvrir la porte, maintenant ainsi une temp\u00e9rature stable \u00e0 l&#8217;int\u00e9rieur de l&#8217;appareil. Son <b>syst\u00e8me de commande rotatif<\/b> offre une manipulation intuitive et pr\u00e9cise, alliant confort et simplicit\u00e9 dans le choix des fonctions et des temp\u00e9ratures. Le four est de <b>type encastrable<\/b>, ce qui permet une int\u00e9gration discr\u00e8te dans les meubles de cuisine pour un rendu uniforme et moderne. De plus, gr\u00e2ce \u00e0 son raccordement au <b>r\u00e9seau \u00e9lectrique<\/b>, l&#8217;installation est simple et adapt\u00e9e \u00e0 tout foyer. Le design noir apporte une touche contemporaine qui s&#8217;adapte \u00e0 diff\u00e9rents styles de cuisine, tandis que la construction robuste et les syst\u00e8mes d&#8217;efficacit\u00e9 de Balay renforcent l&#8217;engagement envers la durabilit\u00e9 et le confort au quotidien. En somme, ce four encastrable Balay se distingue par son efficacit\u00e9, sa grande capacit\u00e9 et sa facilit\u00e9 d&#8217;utilisation, constituant une solution pratique et fonctionnelle pour la cuisine moderne.<\/p>\n<ul>\n<li>Type de four: Four<\/li>\n<li>Produit \u00e0 brancher: Oui<\/li>\n<li>Type de prise: Prise EU<\/li>\n<li>Caract\u00e9ristiques: Lumi\u00e8re int\u00e9rieure<\/li>\n<li>Classification \u00e9nerg\u00e9tique: A+<\/li>\n<li>Type de commande: Plaque Tournante<\/li>\n<li>Couleur: Noir<\/li>\n<li>Type d&#8217;installation: Int\u00e9grable<\/li>\n<li>Bloc d\u2019Alimentation: r\u00e9seau \u00e9lectrique<\/li>\n<li>puissance: 3600 W<\/li>\n<li>Grill: Oui<\/li>\n<li>Fonctions:\n<ul>\n<li>Cuisson vapeur<\/li>\n<li>Four multifonction<\/li>\n<\/ul>\n<\/li>\n<li>consommation d&#8217;\u00e9nergie: 0,81 kWh<\/li>\n<li>Nettoyage: HydroClean<\/li>\n<li>Technologie: Multifonction<\/li>\n<li>Capacit\u00e9: 71 L<\/li>\n<li>\u00c9lev\u00e9: 59,5 cm<\/li>\n<li>Connectivit\u00e9: No<\/li>\n<li>Auto-nettoyant: Hydrolyse<\/li>\n<li>Dimensions du trou d\u2019installation: 600 x 560 x 550 mm<\/li>\n<\/ul>","protected":false},"excerpt":{"rendered":"<p><span class=\"unit-info\">8.1266 &euro; \/ 1 l<\/span><\/p>","protected":false},"featured_media":63017,"comment_status":"open","ping_status":"closed","template":"","meta":[],"product_brand":[114],"product_cat":[60,747,77],"product_tag":[55],"class_list":{"0":"post-63019","1":"product","2":"type-product","3":"status-publish","4":"has-post-thumbnail","6":"product_brand-brandp_1251","7":"product_cat-cuisine-gourmet","8":"product_cat-fours","9":"product_cat-petit-electromenager","10":"product_tag-tag_926","12":"first","13":"instock","14":"taxable","15":"shipping-taxable","16":"purchasable","17":"product-type-simple"},"_links":{"self":[{"href":"https:\/\/bigbuy.tupique.com\/pt\/wp-json\/wp\/v2\/product\/63019","targetHints":{"allow":["GET"]}}],"collection":[{"href":"https:\/\/bigbuy.tupique.com\/pt\/wp-json\/wp\/v2\/product"}],"about":[{"href":"https:\/\/bigbuy.tupique.com\/pt\/wp-json\/wp\/v2\/types\/product"}],"replies":[{"embeddable":true,"href":"https:\/\/bigbuy.tupique.com\/pt\/wp-json\/wp\/v2\/comments?post=63019"}],"wp:featuredmedia":[{"embeddable":true,"href":"https:\/\/bigbuy.tupique.com\/pt\/wp-json\/wp\/v2\/media\/63017"}],"wp:attachment":[{"href":"https:\/\/bigbuy.tupique.com\/pt\/wp-json\/wp\/v2\/media?parent=63019"}],"wp:term":[{"taxonomy":"product_brand","embeddable":true,"href":"https:\/\/bigbuy.tupique.com\/pt\/wp-json\/wp\/v2\/product_brand?post=63019"},{"taxonomy":"product_cat","embeddable":true,"href":"https:\/\/bigbuy.tupique.com\/pt\/wp-json\/wp\/v2\/product_cat?post=63019"},{"taxonomy":"product_tag","embeddable":true,"href":"https:\/\/bigbuy.tupique.com\/pt\/wp-json\/wp\/v2\/product_tag?post=63019"}],"curies":[{"name":"wp","href":"https:\/\/api.w.org\/{rel}","templated":true}]}}