{"id":62991,"date":"2026-04-01T17:46:47","date_gmt":"2026-04-01T16:46:47","guid":{"rendered":"https:\/\/bigbuy.tupique.com\/produto\/conventional-hood-mepamsa-52-cm\/"},"modified":"2026-04-15T03:33:16","modified_gmt":"2026-04-15T02:33:16","slug":"conventional-hood-mepamsa-52-cm","status":"publish","type":"product","link":"https:\/\/bigbuy.tupique.com\/pt\/produto\/conventional-hood-mepamsa-52-cm\/","title":{"rendered":"Hotte standard Mepamsa 52 cm"},"content":{"rendered":"<p>Si vous pensez r\u00e9nover votre cuisine, achetez <b>Hotte standard Mepamsa 52 cm<\/b> et d\u00b4autres <b>produits Mepamsa<\/b> !<\/p>\n<p>La <b>hotte classique<\/b> <b>Mepamsa IRUN 2.0 52<\/b> est con\u00e7ue pour offrir une extraction efficace et discr\u00e8te dans les cuisines modernes gr\u00e2ce \u00e0 son caract\u00e8re <b>int\u00e9grable<\/b>, permettant une adaptation parfaite \u00e0 divers styles de mobilier sans attirer l\u2019attention. Avec une <b>largeur de 52 cm<\/b>, ce mod\u00e8le est id\u00e9al pour les plans de travail moyens, assurant une couverture optimale de la surface de cuisson. Sa <b>structure en acier<\/b> apporte r\u00e9sistance et une finition \u00e9l\u00e9gante, facile \u00e0 nettoyer et r\u00e9sistante \u00e0 la corrosion, ce qui prolonge la dur\u00e9e de vie de l\u2019appareil dans un environnement humide et exigeant comme la cuisine. \u00c9quip\u00e9e d\u2019un puissant <b>moteur de 250 W<\/b>, la hotte garantit une capacit\u00e9 d\u2019extraction ad\u00e9quate, optimisant la ventilation et aidant \u00e0 \u00e9liminer efficacement fum\u00e9es et odeurs de l\u2019air ambiant. Ce mod\u00e8le b\u00e9n\u00e9ficie d\u2019une <b>classe \u00e9nerg\u00e9tique C<\/b>, permettant un \u00e9quilibre entre performance et consommation \u00e9lectrique, constituant une solution efficace pour un usage domestique quotidien. Sa <b>prise de type EU<\/b> facilite l\u2019installation, assurant la compatibilit\u00e9 avec la majorit\u00e9 des prises \u00e9lectriques standard europ\u00e9ennes. Le design de l\u2019IRUN 2.0 52 a \u00e9t\u00e9 pens\u00e9 pour une int\u00e9gration simple, fonctionnant comme un \u00e9l\u00e9ment cl\u00e9 pour maintenir un environnement propre et confortable dans la cuisine sans sacrifier le style ni la fonctionnalit\u00e9. En d\u00e9finitive, c\u2019est une hotte classique qui se distingue par sa solidit\u00e9, son int\u00e9gration polyvalente et sa fiabilit\u00e9 pour la ventilation quotidienne du foyer.<\/p>\n<ul>\n<li>Largeur: 52 cm<\/li>\n<li>Type: Hotte standard<\/li>\n<li>Produit \u00e0 brancher: Oui<\/li>\n<li>Type de prise: Prise EU<\/li>\n<li>Bloc d\u2019Alimentation: r\u00e9seau \u00e9lectrique<\/li>\n<li>Mati\u00e8re: Acier inoxydable<\/li>\n<\/ul>","protected":false},"excerpt":{"rendered":"<p>Si vous pensez r\u00e9nover votre cuisine, achetez Hotte standard Mepamsa 52 cm et d\u00b4autres produits Mepamsa ! La hotte classique Mepamsa IRUN 2.0 52 est con\u00e7ue pour offrir une extraction efficace et discr\u00e8te dans les cuisines modernes gr\u00e2ce \u00e0 son caract\u00e8re int\u00e9grable, permettant une adaptation parfaite \u00e0 divers styles de mobilier sans attirer l\u2019attention. Avec [&hellip;]<\/p>\n","protected":false},"featured_media":62990,"comment_status":"open","ping_status":"closed","template":"","meta":[],"product_brand":[1540],"product_cat":[60,61,62],"product_tag":[56],"class_list":{"0":"post-62991","1":"product","2":"type-product","3":"status-publish","4":"has-post-thumbnail","6":"product_brand-brandp_1292","7":"product_cat-cuisine-gourmet","8":"product_cat-equipement-de-cuisine","9":"product_cat-hottes-de-cuisine","10":"product_tag-tag_930","12":"first","13":"instock","14":"taxable","15":"shipping-taxable","16":"purchasable","17":"product-type-simple"},"_links":{"self":[{"href":"https:\/\/bigbuy.tupique.com\/pt\/wp-json\/wp\/v2\/product\/62991","targetHints":{"allow":["GET"]}}],"collection":[{"href":"https:\/\/bigbuy.tupique.com\/pt\/wp-json\/wp\/v2\/product"}],"about":[{"href":"https:\/\/bigbuy.tupique.com\/pt\/wp-json\/wp\/v2\/types\/product"}],"replies":[{"embeddable":true,"href":"https:\/\/bigbuy.tupique.com\/pt\/wp-json\/wp\/v2\/comments?post=62991"}],"wp:featuredmedia":[{"embeddable":true,"href":"https:\/\/bigbuy.tupique.com\/pt\/wp-json\/wp\/v2\/media\/62990"}],"wp:attachment":[{"href":"https:\/\/bigbuy.tupique.com\/pt\/wp-json\/wp\/v2\/media?parent=62991"}],"wp:term":[{"taxonomy":"product_brand","embeddable":true,"href":"https:\/\/bigbuy.tupique.com\/pt\/wp-json\/wp\/v2\/product_brand?post=62991"},{"taxonomy":"product_cat","embeddable":true,"href":"https:\/\/bigbuy.tupique.com\/pt\/wp-json\/wp\/v2\/product_cat?post=62991"},{"taxonomy":"product_tag","embeddable":true,"href":"https:\/\/bigbuy.tupique.com\/pt\/wp-json\/wp\/v2\/product_tag?post=62991"}],"curies":[{"name":"wp","href":"https:\/\/api.w.org\/{rel}","templated":true}]}}