{"id":62967,"date":"2026-04-01T17:46:17","date_gmt":"2026-04-01T16:46:17","guid":{"rendered":"https:\/\/bigbuy.tupique.com\/produto\/induction-hot-plate-bosch-pid631hc1e-60-cm-7400-w\/"},"modified":"2026-05-11T19:56:51","modified_gmt":"2026-05-11T17:56:51","slug":"induction-hot-plate-bosch-pid631hc1e-60-cm-7400-w","status":"publish","type":"product","link":"https:\/\/bigbuy.tupique.com\/pt\/produto\/induction-hot-plate-bosch-pid631hc1e-60-cm-7400-w\/","title":{"rendered":"Plaque \u00e0 Induction BOSCH PID631HC1E 60 cm 7400 W"},"content":{"rendered":"<p>Si vous pensez r\u00e9nover votre cuisine, achetez <b>Plaque \u00e0 Induction BOSCH PID631HC1E 60 cm 7400 W<\/b> et d\u00b4autres <b>produits BOSCH<\/b> !<\/p>\n<p>La <b>plaque \u00e0 induction BOSCH PID631HC1E<\/b> est une solution avanc\u00e9e et efficace pour la cuisine moderne, offrant des performances remarquables avec une <b>puissance maximale totale de 7400 W<\/b>, r\u00e9partie sur ses <b>trois zones de cuisson<\/b>. Avec une <b>largeur de 60 cm<\/b> et une finition <b>noire<\/b> \u00e9l\u00e9gante, cette plaque allie fonctionnalit\u00e9 et design pour s\u2019int\u00e9grer parfaitement dans toute cuisine contemporaine. Elle int\u00e8gre un <b>syst\u00e8me de commande tactile<\/b> intuitif permettant de choisir parmi <b>17 niveaux de puissance<\/b>, facilitant un contr\u00f4le pr\u00e9cis de la temp\u00e9rature adapt\u00e9 \u00e0 diverses techniques culinaires. Sa technologie \u00e0 induction assure un chauffage rapide et efficace, contribuant \u00e0 une consommation d\u2019\u00e9nergie r\u00e9duite par rapport aux plaques traditionnelles. De plus, elle dispose d\u2019un <b>minuteur<\/b> permettant de programmer individuellement le temps de cuisson de chaque zone, offrant confort et pr\u00e9cision dans la gestion des recettes quotidiennes. La s\u00e9curit\u00e9 est \u00e9galement un point fort de ce mod\u00e8le, avec un <b>verrouillage enfant<\/b> qui prot\u00e8ge les plus jeunes et \u00e9vite toute manipulation accidentelle. Le design comprend un <b>\u00e9cran digital int\u00e9gr\u00e9<\/b>, facilitant la visualisation et le r\u00e9glage de chaque fonction, pour plus de clart\u00e9 et de simplicit\u00e9 d\u2019utilisation. La combinaison de ces caract\u00e9ristiques fait de la plaque BOSCH PID631HC1E un outil fiable et performant, id\u00e9al pour ceux qui recherchent qualit\u00e9, efficacit\u00e9 et s\u00e9curit\u00e9 en cuisine. Ce mod\u00e8le se positionne comme une r\u00e9f\u00e9rence dans le segment des plaques \u00e0 induction compactes et polyvalentes, offrant des performances techniques adapt\u00e9es aux exigences actuelles.<\/p>\n<ul>\n<li>Produit \u00e0 brancher: Oui<\/li>\n<li>Type de prise: Prise EU<\/li>\n<li>Bloc d\u2019Alimentation: r\u00e9seau \u00e9lectrique<\/li>\n<li>Couleur: Noir<\/li>\n<li>Largeur: 60 cm<\/li>\n<li>Caract\u00e9ristiques:\n<ul>\n<li>Minuterie<\/li>\n<li>Verrouillage pour enfants<\/li>\n<li>\u00c9cran integr\u00e9<\/li>\n<li>Commande tactile<\/li>\n<\/ul>\n<\/li>\n<li>Connectivit\u00e9: Wi-Fi<\/li>\n<li>Type d&#8217;installation: Int\u00e9grable<\/li>\n<li>puissance: 7400 W<\/li>\n<li>Niveaux de puissance: 17<\/li>\n<li>Zones de cuisson: 3<\/li>\n<li>Type:\n<ul>\n<li>Plaque \u00e0 Induction<\/li>\n<li>Int\u00e9gr\u00e9<\/li>\n<\/ul>\n<\/li>\n<li>Fonctions: Minuterie<\/li>\n<li>Forme: Rond<\/li>\n<li>Fr\u00e9quence d&#8217;entr\u00e9e AC: 50-60 Hz<\/li>\n<li>Inclut: Ecran<\/li>\n<li>Type de commande: Tactile<\/li>\n<li>Tension: 220-240 V<\/li>\n<\/ul>","protected":false},"excerpt":{"rendered":"<p>Si vous pensez r\u00e9nover votre cuisine, achetez Plaque \u00e0 Induction BOSCH PID631HC1E 60 cm 7400 W et d\u00b4autres produits BOSCH ! La plaque \u00e0 induction BOSCH PID631HC1E est une solution avanc\u00e9e et efficace pour la cuisine moderne, offrant des performances remarquables avec une puissance maximale totale de 7400 W, r\u00e9partie sur ses trois zones de [&hellip;]<\/p>\n","protected":false},"featured_media":62966,"comment_status":"open","ping_status":"closed","template":"","meta":[],"product_brand":[162],"product_cat":[60,77,78],"product_tag":[55,56],"class_list":{"0":"post-62967","1":"product","2":"type-product","3":"status-publish","4":"has-post-thumbnail","6":"product_brand-brandp_959","7":"product_cat-cuisine-gourmet","8":"product_cat-petit-electromenager","9":"product_cat-plaques-de-cuisson","10":"product_tag-tag_926","11":"product_tag-tag_930","13":"first","14":"instock","15":"taxable","16":"shipping-taxable","17":"purchasable","18":"product-type-simple"},"_links":{"self":[{"href":"https:\/\/bigbuy.tupique.com\/pt\/wp-json\/wp\/v2\/product\/62967","targetHints":{"allow":["GET"]}}],"collection":[{"href":"https:\/\/bigbuy.tupique.com\/pt\/wp-json\/wp\/v2\/product"}],"about":[{"href":"https:\/\/bigbuy.tupique.com\/pt\/wp-json\/wp\/v2\/types\/product"}],"replies":[{"embeddable":true,"href":"https:\/\/bigbuy.tupique.com\/pt\/wp-json\/wp\/v2\/comments?post=62967"}],"wp:featuredmedia":[{"embeddable":true,"href":"https:\/\/bigbuy.tupique.com\/pt\/wp-json\/wp\/v2\/media\/62966"}],"wp:attachment":[{"href":"https:\/\/bigbuy.tupique.com\/pt\/wp-json\/wp\/v2\/media?parent=62967"}],"wp:term":[{"taxonomy":"product_brand","embeddable":true,"href":"https:\/\/bigbuy.tupique.com\/pt\/wp-json\/wp\/v2\/product_brand?post=62967"},{"taxonomy":"product_cat","embeddable":true,"href":"https:\/\/bigbuy.tupique.com\/pt\/wp-json\/wp\/v2\/product_cat?post=62967"},{"taxonomy":"product_tag","embeddable":true,"href":"https:\/\/bigbuy.tupique.com\/pt\/wp-json\/wp\/v2\/product_tag?post=62967"}],"curies":[{"name":"wp","href":"https:\/\/api.w.org\/{rel}","templated":true}]}}