{"id":62962,"date":"2026-04-01T17:46:12","date_gmt":"2026-04-01T16:46:12","guid":{"rendered":"https:\/\/bigbuy.tupique.com\/produto\/oven-electrolux-cop846x1-72-l\/"},"modified":"2026-04-15T08:52:35","modified_gmt":"2026-04-15T07:52:35","slug":"oven-electrolux-cop846x1-72-l","status":"publish","type":"product","link":"https:\/\/bigbuy.tupique.com\/pt\/produto\/oven-electrolux-cop846x1-72-l\/","title":{"rendered":"Four Electrolux COP846X1 72 L"},"content":{"rendered":"<p>Si vous \u00eates \u00e0 la recherche de nouvelles tendances sur le march\u00e9, nous vous pr\u00e9sentons <b>Four Electrolux COP846X1 72 L<\/b> !<\/p>\n<p>Le <b>four<\/b> Electrolux COP846X1 allie efficacit\u00e9, technologie et capacit\u00e9 pour r\u00e9pondre aux besoins culinaires les plus exigeants dans la maison moderne. \u00c9quip\u00e9 d&#8217;une <b>capacit\u00e9 int\u00e9rieure de 72 litres<\/b>, ce mod\u00e8le permet de cuisiner de grands plats ou plusieurs pr\u00e9parations simultan\u00e9ment sans difficult\u00e9, id\u00e9al pour les familles ou les amateurs de gastronomie \u00e0 grande \u00e9chelle. Sa <b>classe \u00e9nerg\u00e9tique A+<\/b> garantit une consommation r\u00e9duite d&#8217;\u00e9lectricit\u00e9, contribuant \u00e0 l&#8217;\u00e9conomie sur la facture d&#8217;\u00e9nergie et au respect de l&#8217;environnement. L&#8217;une de ses caract\u00e9ristiques les plus remarquables est la fonction de <b>cuisson \u00e0 la vapeur<\/b>, qui permet de pr\u00e9parer les aliments de mani\u00e8re plus saine en pr\u00e9servant les nutriments, les textures et les saveurs, parfait pour des recettes \u00e9quilibr\u00e9es et contemporaines. Il pr\u00e9sente un design robuste et \u00e9l\u00e9gant, con\u00e7u pour s&#8217;int\u00e9grer facilement dans toute cuisine moderne, et int\u00e8gre une <b>prise compatible avec les prises europ\u00e9ennes (EU)<\/b> pour assurer une installation simple et rapide. Bien que son poids approximatif soit de <b>6 kg<\/b>, il reste maniable dans l&#8217;ensemble du mobilier de cuisine. Le type de four est optimis\u00e9 pour une cuisson uniforme et des r\u00e9sultats pr\u00e9cis, permettant aussi bien la cuisson au four que le r\u00f4tissage avec d&#8217;excellents r\u00e9sultats gr\u00e2ce \u00e0 une r\u00e9partition homog\u00e8ne de la chaleur. Ainsi, l&#8217;Electrolux COP846X1 se positionne comme une option polyvalente et efficace qui combine grande capacit\u00e9 et fonctions avanc\u00e9es pour enrichir toute exp\u00e9rience culinaire domestique.<\/p>\n<ul>\n<li>Type de four: Four<\/li>\n<li>Produit \u00e0 brancher: Oui<\/li>\n<li>Type de prise: Prise EU<\/li>\n<li>Bloc d\u2019Alimentation: r\u00e9seau \u00e9lectrique<\/li>\n<li>Caract\u00e9ristiques:\n<ul>\n<li>Lumi\u00e8re int\u00e9rieure<\/li>\n<li>Arr\u00eat Automatique<\/li>\n<li>Bac d&#8217;\u00e9gouttage amovible<\/li>\n<li>Verrouillage pour enfants<\/li>\n<li>Interrupteur marche\/arr\u00eat<\/li>\n<li>\u00c9cran integr\u00e9<\/li>\n<li>Facile \u00e0 nettoyer<\/li>\n<li>T\u00e9moin de fonctionnement LED<\/li>\n<\/ul>\n<\/li>\n<li>Fonctions: Cuisiner \u00e0 la vapeur<\/li>\n<li>Classification \u00e9nerg\u00e9tique: A+<\/li>\n<li>Capacit\u00e9: 72 L<\/li>\n<li>Poids: 6 Kg<\/li>\n<li>Technologie: LED<\/li>\n<li>Fr\u00e9quence: 50 &#8211; 60 Hz<\/li>\n<li>Fonctionne \u00e0 piles: AA x 1, incluses<\/li>\n<li>Inclut:\n<ul>\n<li>Grill<\/li>\n<li>Plateau pour Four<\/li>\n<li>Montre<\/li>\n<\/ul>\n<\/li>\n<li>Tension: 220-240 V<\/li>\n<li>Lampe: 1<\/li>\n<li>Type: Int\u00e9gr\u00e9<\/li>\n<li>Type d&#8217;installation: Ind\u00e9pendant<\/li>\n<\/ul>","protected":false},"excerpt":{"rendered":"<p><span class=\"unit-info\">8.3054 &euro; \/ 1 l<\/span><\/p>","protected":false},"featured_media":62961,"comment_status":"open","ping_status":"closed","template":"","meta":[],"product_brand":[1249],"product_cat":[60,747,77],"product_tag":[55],"class_list":{"0":"post-62962","1":"product","2":"type-product","3":"status-publish","4":"has-post-thumbnail","6":"product_brand-brandp_907","7":"product_cat-cuisine-gourmet","8":"product_cat-fours","9":"product_cat-petit-electromenager","10":"product_tag-tag_926","12":"first","13":"instock","14":"taxable","15":"shipping-taxable","16":"purchasable","17":"product-type-simple"},"_links":{"self":[{"href":"https:\/\/bigbuy.tupique.com\/pt\/wp-json\/wp\/v2\/product\/62962","targetHints":{"allow":["GET"]}}],"collection":[{"href":"https:\/\/bigbuy.tupique.com\/pt\/wp-json\/wp\/v2\/product"}],"about":[{"href":"https:\/\/bigbuy.tupique.com\/pt\/wp-json\/wp\/v2\/types\/product"}],"replies":[{"embeddable":true,"href":"https:\/\/bigbuy.tupique.com\/pt\/wp-json\/wp\/v2\/comments?post=62962"}],"wp:featuredmedia":[{"embeddable":true,"href":"https:\/\/bigbuy.tupique.com\/pt\/wp-json\/wp\/v2\/media\/62961"}],"wp:attachment":[{"href":"https:\/\/bigbuy.tupique.com\/pt\/wp-json\/wp\/v2\/media?parent=62962"}],"wp:term":[{"taxonomy":"product_brand","embeddable":true,"href":"https:\/\/bigbuy.tupique.com\/pt\/wp-json\/wp\/v2\/product_brand?post=62962"},{"taxonomy":"product_cat","embeddable":true,"href":"https:\/\/bigbuy.tupique.com\/pt\/wp-json\/wp\/v2\/product_cat?post=62962"},{"taxonomy":"product_tag","embeddable":true,"href":"https:\/\/bigbuy.tupique.com\/pt\/wp-json\/wp\/v2\/product_tag?post=62962"}],"curies":[{"name":"wp","href":"https:\/\/api.w.org\/{rel}","templated":true}]}}