{"id":62944,"date":"2026-04-01T17:45:51","date_gmt":"2026-04-01T16:45:51","guid":{"rendered":"https:\/\/bigbuy.tupique.com\/produto\/conventional-hood-cata-pro-600gbk-black\/"},"modified":"2026-04-15T04:07:52","modified_gmt":"2026-04-15T03:07:52","slug":"conventional-hood-cata-pro-600gbk-black","status":"publish","type":"product","link":"https:\/\/bigbuy.tupique.com\/pt\/produto\/conventional-hood-cata-pro-600gbk-black\/","title":{"rendered":"Hotte standard Cata PRO 600GBK Noir"},"content":{"rendered":"<p>Si vous pensez r\u00e9nover votre cuisine, achetez <b>Hotte standard Cata PRO 600GBK Noir<\/b> et d\u00b4autres <b>produits Cata<\/b> !<\/p>\n<p>La <b>Cata PRO 600GBK<\/b> est une <b>hotte murale conventionnelle<\/b> con\u00e7ue pour s\u2019int\u00e9grer parfaitement dans les cuisines modernes n\u00e9cessitant une grande capacit\u00e9 d\u2019extraction et une efficacit\u00e9 \u00e9nerg\u00e9tique \u00e9lev\u00e9e. Avec une <b>largeur de 80 cm<\/b>, elle couvre efficacement les plaques de cuisson grandes et moyennes, facilitant l\u2019\u00e9limination des fum\u00e9es et des odeurs pendant la cuisson. Cette hotte se distingue par sa <b>puissante capacit\u00e9 d\u2019extraction maximale de 842 m\u00b3\/h<\/b>, id\u00e9ale pour maintenir un air propre m\u00eame dans les environnements culinaires les plus exigeants, tandis que sa <b>classe \u00e9nerg\u00e9tique A et A+++ (selon sp\u00e9cifications)<\/b> assure une faible consommation et des performances durables. La finition en <b>blanc<\/b> offre un aspect \u00e9pur\u00e9 et polyvalent, facile \u00e0 assortir avec le mobilier de toute cuisine contemporaine. Dot\u00e9e d\u2019un <b>\u00e9clairage LED<\/b>, elle am\u00e9liore la visibilit\u00e9 sur la zone de cuisson tout en \u00e9conomisant de l\u2019\u00e9nergie. L\u2019\u00e9cran int\u00e9gr\u00e9 permet de contr\u00f4ler pr\u00e9cis\u00e9ment les diff\u00e9rentes fonctions, optimisant ainsi l\u2019exp\u00e9rience d\u2019utilisation. Gr\u00e2ce \u00e0 son installation murale et \u00e0 la technologie de filtration au charbon actif, elle \u00e9limine efficacement les particules grasses et les odeurs, contribuant \u00e0 un environnement plus sain et confortable. En r\u00e9sum\u00e9, cette hotte Cata est un excellent choix pour ceux qui recherchent efficacit\u00e9, puissance et design fonctionnel dans un seul appareil \u00e9lectrom\u00e9nager.<\/p>\n<ul>\n<li>Type:\n<ul>\n<li>Hotte standard<\/li>\n<li>Mural<\/li>\n<\/ul>\n<\/li>\n<li>Produit \u00e0 brancher: Oui<\/li>\n<li>Type de prise: Prise EU<\/li>\n<li>Bloc d\u2019Alimentation: r\u00e9seau \u00e9lectrique<\/li>\n<li>Filtre: Lavable<\/li>\n<li>Niveau sonore:\n<ul>\n<li>64 dB<\/li>\n<li>46 dB<\/li>\n<\/ul>\n<\/li>\n<li>Moteur: 1<\/li>\n<li>Vitesse: 6 vitesses<\/li>\n<li>Type d&#8217;ampoule: LED<\/li>\n<li>Classification \u00e9nerg\u00e9tique: A+++<\/li>\n<li>Caract\u00e9ristiques:\n<ul>\n<li>\u00c9cran integr\u00e9<\/li>\n<li>Commande tactile<\/li>\n<\/ul>\n<\/li>\n<li>Largeur: 60 cm<\/li>\n<li>Couleur: Noir<\/li>\n<li>Capacit\u00e9 d\u2019extraction: 640 m3\/h<\/li>\n<\/ul>","protected":false},"excerpt":{"rendered":"<p>Si vous pensez r\u00e9nover votre cuisine, achetez Hotte standard Cata PRO 600GBK Noir et d\u00b4autres produits Cata ! La Cata PRO 600GBK est une hotte murale conventionnelle con\u00e7ue pour s\u2019int\u00e9grer parfaitement dans les cuisines modernes n\u00e9cessitant une grande capacit\u00e9 d\u2019extraction et une efficacit\u00e9 \u00e9nerg\u00e9tique \u00e9lev\u00e9e. Avec une largeur de 80 cm, elle couvre efficacement les [&hellip;]<\/p>\n","protected":false},"featured_media":62942,"comment_status":"open","ping_status":"closed","template":"","meta":[],"product_brand":[155],"product_cat":[60,61,62],"product_tag":[56],"class_list":{"0":"post-62944","1":"product","2":"type-product","3":"status-publish","4":"has-post-thumbnail","6":"product_brand-brandp_1208","7":"product_cat-cuisine-gourmet","8":"product_cat-equipement-de-cuisine","9":"product_cat-hottes-de-cuisine","10":"product_tag-tag_930","12":"first","13":"instock","14":"taxable","15":"shipping-taxable","16":"purchasable","17":"product-type-simple"},"_links":{"self":[{"href":"https:\/\/bigbuy.tupique.com\/pt\/wp-json\/wp\/v2\/product\/62944","targetHints":{"allow":["GET"]}}],"collection":[{"href":"https:\/\/bigbuy.tupique.com\/pt\/wp-json\/wp\/v2\/product"}],"about":[{"href":"https:\/\/bigbuy.tupique.com\/pt\/wp-json\/wp\/v2\/types\/product"}],"replies":[{"embeddable":true,"href":"https:\/\/bigbuy.tupique.com\/pt\/wp-json\/wp\/v2\/comments?post=62944"}],"wp:featuredmedia":[{"embeddable":true,"href":"https:\/\/bigbuy.tupique.com\/pt\/wp-json\/wp\/v2\/media\/62942"}],"wp:attachment":[{"href":"https:\/\/bigbuy.tupique.com\/pt\/wp-json\/wp\/v2\/media?parent=62944"}],"wp:term":[{"taxonomy":"product_brand","embeddable":true,"href":"https:\/\/bigbuy.tupique.com\/pt\/wp-json\/wp\/v2\/product_brand?post=62944"},{"taxonomy":"product_cat","embeddable":true,"href":"https:\/\/bigbuy.tupique.com\/pt\/wp-json\/wp\/v2\/product_cat?post=62944"},{"taxonomy":"product_tag","embeddable":true,"href":"https:\/\/bigbuy.tupique.com\/pt\/wp-json\/wp\/v2\/product_tag?post=62944"}],"curies":[{"name":"wp","href":"https:\/\/api.w.org\/{rel}","templated":true}]}}