{"id":62848,"date":"2026-04-01T17:31:43","date_gmt":"2026-04-01T16:31:43","guid":{"rendered":"https:\/\/bigbuy.tupique.com\/produto\/washing-machine-samsung-ww90dg6u85lbu3-60-cm-1400-rpm-9-kg\/"},"modified":"2026-04-15T02:55:54","modified_gmt":"2026-04-15T01:55:54","slug":"washing-machine-samsung-ww90dg6u85lbu3-60-cm-1400-rpm-9-kg","status":"publish","type":"product","link":"https:\/\/bigbuy.tupique.com\/pt\/produto\/washing-machine-samsung-ww90dg6u85lbu3-60-cm-1400-rpm-9-kg\/","title":{"rendered":"Machine \u00e0 laver Samsung WW90DG6U85LBU3 60 cm 1400 rpm 9 kg"},"content":{"rendered":"<p>Si vous recherchez des \u00e9lectrom\u00e9nagers pour votre maison aux meilleurs prix, ne manquez pas <b>Machine \u00e0 laver Samsung WW90DG6U85LBU3 60 cm 1400 rpm 9 kg<\/b> et une large s\u00e9lection de petits \u00e9lectrom\u00e9nagers de qualit\u00e9 !<\/p>\n<p>La <b>lave-linge Samsung WW90DG6U85LBU3<\/b> est un appareil \u00e9lectrom\u00e9nager \u00e0 haute efficacit\u00e9 con\u00e7u pour offrir des performances optimales au lavage du linge. Avec une <b>capacit\u00e9 de charge de 9 kg<\/b>, il est id\u00e9al pour les familles moyennes qui ont besoin de laver de grands volumes \u00e0 chaque cycle. Ce lave-linge \u00e0 <b>chargement frontal<\/b> se distingue par sa <b>classe \u00e9nerg\u00e9tique A<\/b>, garantissant une consommation d\u2019\u00e9lectricit\u00e9 responsable et efficace, aidant \u00e0 r\u00e9duire les co\u00fbts \u00e9nerg\u00e9tiques sans compromettre la qualit\u00e9 du lavage. Son moteur permet d\u2019atteindre une <b>vitesse d\u2019essorage maximale de 1400 tr\/min<\/b>, contribuant \u00e0 une \u00e9limination efficace de l\u2019eau et r\u00e9duisant ainsi le temps de s\u00e9chage. Son design moderne en <b>noir<\/b> avec des dimensions compactes d\u2019environ <b>60 cm<\/b> de largeur facilite son int\u00e9gration dans tout espace. Il dispose de fonctions avanc\u00e9es telles que le <b>verrouillage enfant<\/b> pour plus de s\u00e9curit\u00e9, un <b>\u00e9cran int\u00e9gr\u00e9<\/b> facilitant une utilisation intuitive et la <b>connectivit\u00e9 Wi-Fi<\/b> permettant un contr\u00f4le \u00e0 distance via appareils mobiles, s\u2019adaptant aux tendances des maisons connect\u00e9es. De plus, son niveau sonore en essorage est de 72 dB, offrant un fonctionnement alliant puissance et discr\u00e9tion. Concernant les programmes de lavage, il propose une large gamme sp\u00e9cialis\u00e9e incluant des cycles pour <b>soin b\u00e9b\u00e9, chemise\/blouse, couleurs, coton, d\u00e9licats et soie, \u00e9co 40-60\u00baC, pr\u00e9lavage, rapide, rin\u00e7age et essorage, vapeur, synth\u00e9tiques et laine<\/b>, assurant des r\u00e9sultats optimaux pour tous types de tissus et besoins sp\u00e9cifiques. La programmation diff\u00e9r\u00e9e ajoute du confort en permettant de planifier le d\u00e9marrage des cycles selon la disponibilit\u00e9 de l\u2019utilisateur. En r\u00e9sum\u00e9, ce lave-linge Samsung combine technologie avanc\u00e9e, efficacit\u00e9 \u00e9nerg\u00e9tique et une large vari\u00e9t\u00e9 de programmes, occupant une place de choix sur le march\u00e9 pour ceux qui recherchent un appareil fiable, polyvalent et compatible avec les foyers connect\u00e9s.<\/p>\n<ul>\n<li>Type d&#8217;installation:\n<ul>\n<li>Sous le plan de travail<\/li>\n<li>Ind\u00e9pendant<\/li>\n<\/ul>\n<\/li>\n<li>Produit \u00e0 brancher: Oui<\/li>\n<li>Langue: Espagnol<\/li>\n<li>Type de prise: Prise EU<\/li>\n<li>Bloc d\u2019Alimentation: r\u00e9seau \u00e9lectrique<\/li>\n<li>Couleur: Noir<\/li>\n<li>Type de charge: Frontal<\/li>\n<li>vitesse: 1400 rpm<\/li>\n<li>Classification \u00e9nerg\u00e9tique: A<\/li>\n<li>Connectivit\u00e9: Wi-Fi<\/li>\n<li>Caract\u00e9ristiques:\n<ul>\n<li>Verrouillage pour enfants<\/li>\n<li>\u00c9cran integr\u00e9<\/li>\n<\/ul>\n<\/li>\n<li>Largeur: 60 cm<\/li>\n<li>Niveau sonore: 72 dB<\/li>\n<li>Capacit\u00e9: 9 kg<\/li>\n<\/ul>","protected":false},"excerpt":{"rendered":"<p><span class=\"unit-info\">100.1100 &euro; \/ 1 kg<\/span><\/p>","protected":false},"featured_media":62845,"comment_status":"open","ping_status":"closed","template":"","meta":[],"product_brand":[183],"product_cat":[239,240,751],"product_tag":[],"class_list":{"0":"post-62848","1":"product","2":"type-product","3":"status-publish","4":"has-post-thumbnail","6":"product_brand-brandp_576","7":"product_cat-maison-jardin","8":"product_cat-nettoyage-aspirateur-et-repassage","9":"product_cat-seche-linge-fers-a-repasser-sechoirs","11":"first","12":"instock","13":"taxable","14":"shipping-taxable","15":"purchasable","16":"product-type-simple"},"_links":{"self":[{"href":"https:\/\/bigbuy.tupique.com\/pt\/wp-json\/wp\/v2\/product\/62848","targetHints":{"allow":["GET"]}}],"collection":[{"href":"https:\/\/bigbuy.tupique.com\/pt\/wp-json\/wp\/v2\/product"}],"about":[{"href":"https:\/\/bigbuy.tupique.com\/pt\/wp-json\/wp\/v2\/types\/product"}],"replies":[{"embeddable":true,"href":"https:\/\/bigbuy.tupique.com\/pt\/wp-json\/wp\/v2\/comments?post=62848"}],"wp:featuredmedia":[{"embeddable":true,"href":"https:\/\/bigbuy.tupique.com\/pt\/wp-json\/wp\/v2\/media\/62845"}],"wp:attachment":[{"href":"https:\/\/bigbuy.tupique.com\/pt\/wp-json\/wp\/v2\/media?parent=62848"}],"wp:term":[{"taxonomy":"product_brand","embeddable":true,"href":"https:\/\/bigbuy.tupique.com\/pt\/wp-json\/wp\/v2\/product_brand?post=62848"},{"taxonomy":"product_cat","embeddable":true,"href":"https:\/\/bigbuy.tupique.com\/pt\/wp-json\/wp\/v2\/product_cat?post=62848"},{"taxonomy":"product_tag","embeddable":true,"href":"https:\/\/bigbuy.tupique.com\/pt\/wp-json\/wp\/v2\/product_tag?post=62848"}],"curies":[{"name":"wp","href":"https:\/\/api.w.org\/{rel}","templated":true}]}}