{"id":62840,"date":"2026-04-01T17:31:33","date_gmt":"2026-04-01T16:31:33","guid":{"rendered":"https:\/\/bigbuy.tupique.com\/produto\/vacuum-cleaner-karcher-se5-white-black\/"},"modified":"2026-04-15T02:20:36","modified_gmt":"2026-04-15T01:20:36","slug":"vacuum-cleaner-karcher-se5-white-black","status":"publish","type":"product","link":"https:\/\/bigbuy.tupique.com\/pt\/produto\/vacuum-cleaner-karcher-se5-white-black\/","title":{"rendered":"Aspirateur K\u00e4rcher SE5 Blanc Noir"},"content":{"rendered":"<p>Si vous recherchez des \u00e9lectrom\u00e9nagers pour votre maison aux meilleurs prix, ne manquez pas <b>Aspirateur K\u00e4rcher SE5 Blanc Noir<\/b> et une large s\u00e9lection de petits \u00e9lectrom\u00e9nagers de qualit\u00e9 !<\/p>\n<p>Le <b>aspirateur SE5<\/b> de <b>K\u00e4rcher<\/b> est un appareil con\u00e7u pour offrir un nettoyage efficace sur plusieurs surfaces, y compris les tapis et les sols durs. Il dispose d\u2019une capacit\u00e9 de r\u00e9servoir de <b>4 litres<\/b>, permettant une utilisation prolong\u00e9e sans vidage fr\u00e9quent, ce qui am\u00e9liore le confort lors des sessions de nettoyage. Il est disponible en deux finitions \u00e9l\u00e9gantes, <b>blanc et noir<\/b>, s\u2019adaptant facilement \u00e0 diff\u00e9rents environnements domestiques. Gr\u00e2ce \u00e0 son design compact et fonctionnel, cet aspirateur facilite la maniabilit\u00e9 pour atteindre les zones difficiles, optimisant ainsi le temps et l\u2019effort de l\u2019utilisateur. Sa qualit\u00e9 et sa fiabilit\u00e9 r\u00e9pondent aux standards reconnus de la marque K\u00e4rcher, garantissant une puissance adapt\u00e9e pour \u00e9liminer poussi\u00e8re, salet\u00e9 et poils d\u2019animaux sur surfaces textiles et rigides. L\u2019association de son r\u00e9servoir grande capacit\u00e9 et de sa polyvalence sur diff\u00e9rents types de sols en fait une option pratique pour ceux qui recherchent un aspirateur \u00e9quilibr\u00e9 entre performance et facilit\u00e9 d\u2019utilisation. En r\u00e9sum\u00e9, le K\u00e4rcher SE5 repr\u00e9sente un appareil efficace pour maintenir propres divers espaces avec la confiance d\u2019une marque reconnue dans les solutions de nettoyage.<\/p>\n<ul>\n<li>Couleur:\n<ul>\n<li>Blanc<\/li>\n<li>Noir<\/li>\n<\/ul>\n<\/li>\n<li>Capacit\u00e9: 4 L<\/li>\n<\/ul>","protected":false},"excerpt":{"rendered":"<p><span class=\"unit-info\">89.9975 &euro; \/ 1 l<\/span><\/p>","protected":false},"featured_media":62839,"comment_status":"open","ping_status":"closed","template":"","meta":[],"product_brand":[828],"product_cat":[762,239,240],"product_tag":[56],"class_list":{"0":"post-62840","1":"product","2":"type-product","3":"status-publish","4":"has-post-thumbnail","6":"product_brand-brandp_1299","7":"product_cat-aspirateurs-et-robots","8":"product_cat-maison-jardin","9":"product_cat-nettoyage-aspirateur-et-repassage","10":"product_tag-tag_930","12":"first","13":"instock","14":"taxable","15":"shipping-taxable","16":"purchasable","17":"product-type-simple"},"_links":{"self":[{"href":"https:\/\/bigbuy.tupique.com\/pt\/wp-json\/wp\/v2\/product\/62840","targetHints":{"allow":["GET"]}}],"collection":[{"href":"https:\/\/bigbuy.tupique.com\/pt\/wp-json\/wp\/v2\/product"}],"about":[{"href":"https:\/\/bigbuy.tupique.com\/pt\/wp-json\/wp\/v2\/types\/product"}],"replies":[{"embeddable":true,"href":"https:\/\/bigbuy.tupique.com\/pt\/wp-json\/wp\/v2\/comments?post=62840"}],"wp:featuredmedia":[{"embeddable":true,"href":"https:\/\/bigbuy.tupique.com\/pt\/wp-json\/wp\/v2\/media\/62839"}],"wp:attachment":[{"href":"https:\/\/bigbuy.tupique.com\/pt\/wp-json\/wp\/v2\/media?parent=62840"}],"wp:term":[{"taxonomy":"product_brand","embeddable":true,"href":"https:\/\/bigbuy.tupique.com\/pt\/wp-json\/wp\/v2\/product_brand?post=62840"},{"taxonomy":"product_cat","embeddable":true,"href":"https:\/\/bigbuy.tupique.com\/pt\/wp-json\/wp\/v2\/product_cat?post=62840"},{"taxonomy":"product_tag","embeddable":true,"href":"https:\/\/bigbuy.tupique.com\/pt\/wp-json\/wp\/v2\/product_tag?post=62840"}],"curies":[{"name":"wp","href":"https:\/\/api.w.org\/{rel}","templated":true}]}}