{"id":62822,"date":"2026-04-01T17:31:03","date_gmt":"2026-04-01T16:31:03","guid":{"rendered":"https:\/\/bigbuy.tupique.com\/produto\/soundbar-lg-sg10ty-black-420-w\/"},"modified":"2026-04-15T02:19:05","modified_gmt":"2026-04-15T01:19:05","slug":"soundbar-lg-sg10ty-black-420-w","status":"publish","type":"product","link":"https:\/\/bigbuy.tupique.com\/pt\/produto\/soundbar-lg-sg10ty-black-420-w\/","title":{"rendered":"Barre audio LG SG10TY Noir 420 W"},"content":{"rendered":"<p>Si vous \u00eates passionn\u00e9 d&#8217;<b>informatique et d&#8217;\u00e9lectronique<\/b>, si vous \u00eates \u00e0 la pointe de la technologie et qu&#8217;aucun d\u00e9tail ne vous \u00e9chappe, achetez <b>Barre audio LG SG10TY Noir 420 W<\/b> au meilleur prix.<\/p>\n<ul>\n<li>Type:\n<ul>\n<li>Haut-parleur<\/li>\n<li>Barre audio<\/li>\n<li>Wireless<\/li>\n<\/ul>\n<\/li>\n<li>Type de prise: Prise EU<\/li>\n<li>Produit \u00e0 brancher: Oui<\/li>\n<li>Bloc d\u2019Alimentation: r\u00e9seau \u00e9lectrique<\/li>\n<li>Couleur: Noir<\/li>\n<li>Largeur: 144,6 cm<\/li>\n<li>Caract\u00e9ristiques:\n<ul>\n<li>Port USB<\/li>\n<li>3 Haut-parleurs<\/li>\n<li>Equalizer<\/li>\n<li>Avec t\u00e9l\u00e9commande<\/li>\n<li>Garantie<\/li>\n<li>Guide d&#8217;installation inclus<\/li>\n<li>Apple AirPlay 2<\/li>\n<li>SimpLink<\/li>\n<li>Canal de retour audio (ARC)<\/li>\n<\/ul>\n<\/li>\n<li>Connexions:\n<ul>\n<li>HDMI x 2<\/li>\n<li>HDMI<\/li>\n<li>USB<\/li>\n<li>Optique<\/li>\n<\/ul>\n<\/li>\n<li>Connectivit\u00e9:\n<ul>\n<li>Bluetooth<\/li>\n<li>Wi-Fi<\/li>\n<li>Bluetooth 5.1<\/li>\n<li>eARC<\/li>\n<\/ul>\n<\/li>\n<li>puissance: 420 W<\/li>\n<li>Cha\u00eenes: 3.1<\/li>\n<li>Inclut:\n<ul>\n<li>Subwoofer<\/li>\n<li>T\u00e9l\u00e9commande<\/li>\n<li>HDMI 2.0<\/li>\n<\/ul>\n<\/li>\n<li>Radio FM: Non<\/li>\n<li>Puissance RMS: 420 W<\/li>\n<li>Piles incluses: Oui<\/li>\n<li>Compatible: Android, iOS<\/li>\n<li>Volume sonore: 85 dB<\/li>\n<li>Technologie: HDR10<\/li>\n<li>Chromecast: Oui<\/li>\n<li>Imp\u00e9dance: 3 \u03a9<\/li>\n<li>Audio: DTS Digital Surround,DTS-HD HR,DTS-HD Master Audio,DTS:X,Dolby Atmos,Dolby Digital,Dolby Digital Plus,Dolby TrueHD<\/li>\n<\/ul>","protected":false},"excerpt":{"rendered":"<p>Si vous \u00eates passionn\u00e9 d&#8217;informatique et d&#8217;\u00e9lectronique, si vous \u00eates \u00e0 la pointe de la technologie et qu&#8217;aucun d\u00e9tail ne vous \u00e9chappe, achetez Barre audio LG SG10TY Noir 420 W au meilleur prix. Type: Haut-parleur Barre audio Wireless Type de prise: Prise EU Produit \u00e0 brancher: Oui Bloc d\u2019Alimentation: r\u00e9seau \u00e9lectrique Couleur: Noir Largeur: 144,6 [&hellip;]<\/p>\n","protected":false},"featured_media":62821,"comment_status":"open","ping_status":"closed","template":"","meta":[],"product_brand":[662],"product_cat":[1278,755,65],"product_tag":[106],"class_list":{"0":"post-62822","1":"product","2":"type-product","3":"status-publish","4":"has-post-thumbnail","6":"product_brand-brandp_559","7":"product_cat-barres-de-son","8":"product_cat-electronique-son","9":"product_cat-informatique-electronique","10":"product_tag-tag_1295","12":"first","13":"instock","14":"taxable","15":"shipping-taxable","16":"purchasable","17":"product-type-simple"},"_links":{"self":[{"href":"https:\/\/bigbuy.tupique.com\/pt\/wp-json\/wp\/v2\/product\/62822","targetHints":{"allow":["GET"]}}],"collection":[{"href":"https:\/\/bigbuy.tupique.com\/pt\/wp-json\/wp\/v2\/product"}],"about":[{"href":"https:\/\/bigbuy.tupique.com\/pt\/wp-json\/wp\/v2\/types\/product"}],"replies":[{"embeddable":true,"href":"https:\/\/bigbuy.tupique.com\/pt\/wp-json\/wp\/v2\/comments?post=62822"}],"wp:featuredmedia":[{"embeddable":true,"href":"https:\/\/bigbuy.tupique.com\/pt\/wp-json\/wp\/v2\/media\/62821"}],"wp:attachment":[{"href":"https:\/\/bigbuy.tupique.com\/pt\/wp-json\/wp\/v2\/media?parent=62822"}],"wp:term":[{"taxonomy":"product_brand","embeddable":true,"href":"https:\/\/bigbuy.tupique.com\/pt\/wp-json\/wp\/v2\/product_brand?post=62822"},{"taxonomy":"product_cat","embeddable":true,"href":"https:\/\/bigbuy.tupique.com\/pt\/wp-json\/wp\/v2\/product_cat?post=62822"},{"taxonomy":"product_tag","embeddable":true,"href":"https:\/\/bigbuy.tupique.com\/pt\/wp-json\/wp\/v2\/product_tag?post=62822"}],"curies":[{"name":"wp","href":"https:\/\/api.w.org\/{rel}","templated":true}]}}