{"id":62763,"date":"2026-04-01T17:28:47","date_gmt":"2026-04-01T16:28:47","guid":{"rendered":"https:\/\/bigbuy.tupique.com\/produto\/smart-tv-samsung-tq115qn90ftxxc\/"},"modified":"2026-04-15T07:38:36","modified_gmt":"2026-04-15T06:38:36","slug":"smart-tv-samsung-tq115qn90ftxxc","status":"publish","type":"product","link":"https:\/\/bigbuy.tupique.com\/pt\/produto\/smart-tv-samsung-tq115qn90ftxxc\/","title":{"rendered":"TV intelligente Samsung TQ115QN90FTXXC"},"content":{"rendered":"<p>Si vous \u00eates \u00e0 la recherche de nouvelles tendances sur le march\u00e9, nous vous pr\u00e9sentons <b>TV intelligente Samsung TQ115QN90FTXXC<\/b> !<\/p>","protected":false},"excerpt":{"rendered":"<p>Si vous \u00eates \u00e0 la recherche de nouvelles tendances sur le march\u00e9, nous vous pr\u00e9sentons TV intelligente Samsung TQ115QN90FTXXC !<\/p>","protected":false},"featured_media":62762,"comment_status":"open","ping_status":"closed","template":"","meta":[],"product_brand":[183],"product_cat":[589,65,957],"product_tag":[],"class_list":{"0":"post-62763","1":"product","2":"type-product","3":"status-publish","4":"has-post-thumbnail","6":"product_brand-brandp_576","7":"product_cat-electronique-television","8":"product_cat-informatique-electronique","9":"product_cat-televisions-et-smart-tv","11":"first","12":"instock","13":"taxable","14":"shipping-taxable","15":"purchasable","16":"product-type-simple"},"_links":{"self":[{"href":"https:\/\/bigbuy.tupique.com\/pt\/wp-json\/wp\/v2\/product\/62763","targetHints":{"allow":["GET"]}}],"collection":[{"href":"https:\/\/bigbuy.tupique.com\/pt\/wp-json\/wp\/v2\/product"}],"about":[{"href":"https:\/\/bigbuy.tupique.com\/pt\/wp-json\/wp\/v2\/types\/product"}],"replies":[{"embeddable":true,"href":"https:\/\/bigbuy.tupique.com\/pt\/wp-json\/wp\/v2\/comments?post=62763"}],"wp:featuredmedia":[{"embeddable":true,"href":"https:\/\/bigbuy.tupique.com\/pt\/wp-json\/wp\/v2\/media\/62762"}],"wp:attachment":[{"href":"https:\/\/bigbuy.tupique.com\/pt\/wp-json\/wp\/v2\/media?parent=62763"}],"wp:term":[{"taxonomy":"product_brand","embeddable":true,"href":"https:\/\/bigbuy.tupique.com\/pt\/wp-json\/wp\/v2\/product_brand?post=62763"},{"taxonomy":"product_cat","embeddable":true,"href":"https:\/\/bigbuy.tupique.com\/pt\/wp-json\/wp\/v2\/product_cat?post=62763"},{"taxonomy":"product_tag","embeddable":true,"href":"https:\/\/bigbuy.tupique.com\/pt\/wp-json\/wp\/v2\/product_tag?post=62763"}],"curies":[{"name":"wp","href":"https:\/\/api.w.org\/{rel}","templated":true}]}}