{"id":62657,"date":"2026-04-01T17:26:30","date_gmt":"2026-04-01T16:26:30","guid":{"rendered":"https:\/\/bigbuy.tupique.com\/produto\/induction-hot-plate-aeg-to63iv00fb-7350-w\/"},"modified":"2026-04-15T05:48:04","modified_gmt":"2026-04-15T04:48:04","slug":"induction-hot-plate-aeg-to63iv00fb-7350-w","status":"publish","type":"product","link":"https:\/\/bigbuy.tupique.com\/pt\/produto\/induction-hot-plate-aeg-to63iv00fb-7350-w\/","title":{"rendered":"Plaque \u00e0 Induction AEG TO63IV00FB 7350 W"},"content":{"rendered":"<p>Si vous \u00eates \u00e0 la recherche de nouvelles tendances sur le march\u00e9, nous vous pr\u00e9sentons <b>Plaque \u00e0 Induction AEG TO63IV00FB 7350 W<\/b> !<\/p>\n<p>La <b>plaque \u00e0 induction<\/b> de la marque AEG est con\u00e7ue pour offrir efficacit\u00e9 et fonctionnalit\u00e9 dans la maison moderne, int\u00e9grant <b>trois zones de cuisson<\/b> permettant de pr\u00e9parer plusieurs plats simultan\u00e9ment avec pr\u00e9cision et s\u00e9curit\u00e9. Avec une <b>largeur compacte de 32 cm<\/b>, cette plaque est id\u00e9ale pour les cuisines aux espaces r\u00e9duits ou pour ceux qui recherchent une solution polyvalente adapt\u00e9e \u00e0 diff\u00e9rentes configurations. Le <b>contr\u00f4le tactile<\/b> offre une manipulation intuitive et simple, permettant d\u2019ajuster facilement la temp\u00e9rature de chaque zone selon les besoins de cuisson. Elle est \u00e9quip\u00e9e d\u2019un <b>verrouillage enfant<\/b>, une fonction de s\u00e9curit\u00e9 essentielle qui emp\u00eache les activations accidentelles ou manipulations non souhait\u00e9es, apportant s\u00e9r\u00e9nit\u00e9 aux foyers avec enfants. De plus, elle dispose d\u2019une <b>prise EU<\/b> pour une int\u00e9gration directe et rapide aux installations domestiques standard. L\u2019association d\u2019un design pratique et de fonctions de s\u00e9curit\u00e9 fait de cette plaque \u00e0 induction AEG une option efficace et fiable pour optimiser la pr\u00e9paration des repas quotidiens.<\/p>\n<ul>\n<li>Type: Plaque \u00e0 Induction<\/li>\n<li>Produit \u00e0 brancher: Oui<\/li>\n<li>Type de prise: Prise EU<\/li>\n<li>Largeur: 32 cm<\/li>\n<li>Bloc d\u2019Alimentation:\n<ul>\n<li>r\u00e9seau \u00e9lectrique<\/li>\n<li>\u00c9lectrique<\/li>\n<\/ul>\n<\/li>\n<li>Caract\u00e9ristiques:\n<ul>\n<li>Verrouillage pour enfants<\/li>\n<li>Commande tactile<\/li>\n<\/ul>\n<\/li>\n<li>Zones de cuisson: 3<\/li>\n<li>Couleur: Noir<\/li>\n<li>Finition: Mat<\/li>\n<li>Niveaux de puissance: 9<\/li>\n<li>Inclut: Manuel d\u2019utilisation<\/li>\n<li>Contr\u00f4le: Tactile<\/li>\n<li>puissance: 7350 W<\/li>\n<li>Type d&#8217;installation: Sur le plan de travail<\/li>\n<li>\u00c9lev\u00e9: 5,2 cm<\/li>\n<li>Fonctions: Commande tactile<\/li>\n<li>Mati\u00e8re: Verre c\u00e9ramique<\/li>\n<\/ul>","protected":false},"excerpt":{"rendered":"<p>Si vous \u00eates \u00e0 la recherche de nouvelles tendances sur le march\u00e9, nous vous pr\u00e9sentons Plaque \u00e0 Induction AEG TO63IV00FB 7350 W ! La plaque \u00e0 induction de la marque AEG est con\u00e7ue pour offrir efficacit\u00e9 et fonctionnalit\u00e9 dans la maison moderne, int\u00e9grant trois zones de cuisson permettant de pr\u00e9parer plusieurs plats simultan\u00e9ment avec pr\u00e9cision [&hellip;]<\/p>\n","protected":false},"featured_media":62656,"comment_status":"open","ping_status":"closed","template":"","meta":[],"product_brand":[1386],"product_cat":[60,77,78],"product_tag":[55,56],"class_list":{"0":"post-62657","1":"product","2":"type-product","3":"status-publish","4":"has-post-thumbnail","6":"product_brand-brandp_679","7":"product_cat-cuisine-gourmet","8":"product_cat-petit-electromenager","9":"product_cat-plaques-de-cuisson","10":"product_tag-tag_926","11":"product_tag-tag_930","13":"first","14":"instock","15":"taxable","16":"shipping-taxable","17":"purchasable","18":"product-type-simple"},"_links":{"self":[{"href":"https:\/\/bigbuy.tupique.com\/pt\/wp-json\/wp\/v2\/product\/62657","targetHints":{"allow":["GET"]}}],"collection":[{"href":"https:\/\/bigbuy.tupique.com\/pt\/wp-json\/wp\/v2\/product"}],"about":[{"href":"https:\/\/bigbuy.tupique.com\/pt\/wp-json\/wp\/v2\/types\/product"}],"replies":[{"embeddable":true,"href":"https:\/\/bigbuy.tupique.com\/pt\/wp-json\/wp\/v2\/comments?post=62657"}],"wp:featuredmedia":[{"embeddable":true,"href":"https:\/\/bigbuy.tupique.com\/pt\/wp-json\/wp\/v2\/media\/62656"}],"wp:attachment":[{"href":"https:\/\/bigbuy.tupique.com\/pt\/wp-json\/wp\/v2\/media?parent=62657"}],"wp:term":[{"taxonomy":"product_brand","embeddable":true,"href":"https:\/\/bigbuy.tupique.com\/pt\/wp-json\/wp\/v2\/product_brand?post=62657"},{"taxonomy":"product_cat","embeddable":true,"href":"https:\/\/bigbuy.tupique.com\/pt\/wp-json\/wp\/v2\/product_cat?post=62657"},{"taxonomy":"product_tag","embeddable":true,"href":"https:\/\/bigbuy.tupique.com\/pt\/wp-json\/wp\/v2\/product_tag?post=62657"}],"curies":[{"name":"wp","href":"https:\/\/api.w.org\/{rel}","templated":true}]}}