{"id":62635,"date":"2026-04-01T17:16:06","date_gmt":"2026-04-01T16:16:06","guid":{"rendered":"https:\/\/bigbuy.tupique.com\/produto\/dishwasher-nodor-dw6145-i-pro-steel-60-cm\/"},"modified":"2026-04-15T05:45:11","modified_gmt":"2026-04-15T04:45:11","slug":"dishwasher-nodor-dw6145-i-pro-steel-60-cm","status":"publish","type":"product","link":"https:\/\/bigbuy.tupique.com\/pt\/produto\/dishwasher-nodor-dw6145-i-pro-steel-60-cm\/","title":{"rendered":"Lave-vaisselle Nodor DW6145 I PRO Acier 60 cm"},"content":{"rendered":"<p>Si vous \u00eates \u00e0 la recherche de nouvelles tendances sur le march\u00e9, nous vous pr\u00e9sentons <b>Lave-vaisselle Nodor DW6145 I PRO Acier 60 cm<\/b> !<\/p>\n<p>Le <b>lave-vaisselle<\/b> <b>Nodor DW6145 I PRO<\/b> est un appareil \u00e9lectrom\u00e9nager de grande capacit\u00e9 et efficacit\u00e9, con\u00e7u pour les foyers recherchant des solutions pratiques et puissantes pour le nettoyage quotidien. Avec une <b>largeur standard de 60 cm<\/b>, ce mod\u00e8le s\u2019int\u00e8gre parfaitement dans la plupart des cuisines modernes, optimisant l\u2019espace et convenant aux installations sous plan de travail. Sa <b>finition en acier inoxydable<\/b> offre non seulement une esth\u00e9tique \u00e9l\u00e9gante et contemporaine, mais garantit aussi durabilit\u00e9 et facilit\u00e9 de nettoyage de la surface ext\u00e9rieure. Parmi ses principales caract\u00e9ristiques, on retrouve sa <b>capacit\u00e9 jusqu\u2019\u00e0 15 couverts<\/b>, permettant de laver de grandes quantit\u00e9s de vaisselle en un seul cycle, id\u00e9al pour les familles nombreuses ou les repas avec invit\u00e9s. Sa <b>classe \u00e9nerg\u00e9tique B<\/b> assure un \u00e9quilibre entre faible consommation d\u2019\u00e9lectricit\u00e9 et performance optimale, contribuant \u00e0 r\u00e9duire les co\u00fbts \u00e9nerg\u00e9tiques sans compromettre la qualit\u00e9 du lavage. Le <b>programme de d\u00e9part diff\u00e9r\u00e9 jusqu\u2019\u00e0 24 heures<\/b> permet d\u2019adapter les cycles de lavage \u00e0 votre routine ou de profiter des heures creuses. Il fonctionne sur le <b>r\u00e9seau \u00e9lectrique<\/b> standard, int\u00e9grant les fonctions et syst\u00e8mes de s\u00e9curit\u00e9 habituels pour ce type d\u2019appareil. Globalement, le Nodor DW6145 I PRO est une solution robuste, efficace et facile \u00e0 int\u00e9grer, pens\u00e9e pour simplifier le nettoyage apr\u00e8s chaque repas et valoriser l\u2019\u00e9quipement de la cuisine.<\/p>\n<ul>\n<li>Produit \u00e0 brancher: Oui<\/li>\n<li>Type: Lave-vaisselle<\/li>\n<li>Bloc d\u2019Alimentation: r\u00e9seau \u00e9lectrique<\/li>\n<li>Couleur: Acier<\/li>\n<li>Largeur: 60 cm<\/li>\n<li>Classification \u00e9nerg\u00e9tique: B<\/li>\n<li>Type d&#8217;installation: Int\u00e9grable<\/li>\n<li>Capacit\u00e9 (Nb de couverts): 15<\/li>\n<li>Niveau sonore: 46 dB<\/li>\n<li>Capacit\u00e9: 15 Couverts<\/li>\n<\/ul>","protected":false},"excerpt":{"rendered":"<p>Si vous \u00eates \u00e0 la recherche de nouvelles tendances sur le march\u00e9, nous vous pr\u00e9sentons Lave-vaisselle Nodor DW6145 I PRO Acier 60 cm ! Le lave-vaisselle Nodor DW6145 I PRO est un appareil \u00e9lectrom\u00e9nager de grande capacit\u00e9 et efficacit\u00e9, con\u00e7u pour les foyers recherchant des solutions pratiques et puissantes pour le nettoyage quotidien. Avec une [&hellip;]<\/p>\n","protected":false},"featured_media":62634,"comment_status":"open","ping_status":"closed","template":"","meta":[],"product_brand":[1559],"product_cat":[393,60,77],"product_tag":[],"class_list":{"0":"post-62635","1":"product","2":"type-product","3":"status-publish","4":"has-post-thumbnail","6":"product_brand-brandp_1298","7":"product_cat-autres-appareils-de-cuisines","8":"product_cat-cuisine-gourmet","9":"product_cat-petit-electromenager","11":"first","12":"instock","13":"taxable","14":"shipping-taxable","15":"purchasable","16":"product-type-simple"},"_links":{"self":[{"href":"https:\/\/bigbuy.tupique.com\/pt\/wp-json\/wp\/v2\/product\/62635","targetHints":{"allow":["GET"]}}],"collection":[{"href":"https:\/\/bigbuy.tupique.com\/pt\/wp-json\/wp\/v2\/product"}],"about":[{"href":"https:\/\/bigbuy.tupique.com\/pt\/wp-json\/wp\/v2\/types\/product"}],"replies":[{"embeddable":true,"href":"https:\/\/bigbuy.tupique.com\/pt\/wp-json\/wp\/v2\/comments?post=62635"}],"wp:featuredmedia":[{"embeddable":true,"href":"https:\/\/bigbuy.tupique.com\/pt\/wp-json\/wp\/v2\/media\/62634"}],"wp:attachment":[{"href":"https:\/\/bigbuy.tupique.com\/pt\/wp-json\/wp\/v2\/media?parent=62635"}],"wp:term":[{"taxonomy":"product_brand","embeddable":true,"href":"https:\/\/bigbuy.tupique.com\/pt\/wp-json\/wp\/v2\/product_brand?post=62635"},{"taxonomy":"product_cat","embeddable":true,"href":"https:\/\/bigbuy.tupique.com\/pt\/wp-json\/wp\/v2\/product_cat?post=62635"},{"taxonomy":"product_tag","embeddable":true,"href":"https:\/\/bigbuy.tupique.com\/pt\/wp-json\/wp\/v2\/product_tag?post=62635"}],"curies":[{"name":"wp","href":"https:\/\/api.w.org\/{rel}","templated":true}]}}