{"id":62631,"date":"2026-04-01T17:16:02","date_gmt":"2026-04-01T16:16:02","guid":{"rendered":"https:\/\/bigbuy.tupique.com\/produto\/freezer-sharp-2\/"},"modified":"2026-04-15T05:22:39","modified_gmt":"2026-04-15T04:22:39","slug":"freezer-sharp-2","status":"publish","type":"product","link":"https:\/\/bigbuy.tupique.com\/pt\/produto\/freezer-sharp-2\/","title":{"rendered":"Cong\u00e9lateur Sharp"},"content":{"rendered":"<p>Si vous \u00eates \u00e0 la recherche de nouvelles tendances sur le march\u00e9, nous vous pr\u00e9sentons <b>Cong\u00e9lateur Sharp<\/b> !<\/p>\n<p>Le <b>cong\u00e9lateur<\/b> Sharp SJSC11CMXPEES est con\u00e7u pour offrir une solution de stockage alimentaire efficace et fonctionnelle \u00e0 domicile ou dans des espaces professionnels, gr\u00e2ce \u00e0 ses dimensions de <b>186 x 60 cm<\/b> qui optimisent l\u2019espace vertical et permettent de conserver de grands volumes d\u2019aliments surgel\u00e9s. Dot\u00e9 d\u2019une <b>classe \u00e9nerg\u00e9tique E<\/b>, ce mod\u00e8le maintient une bonne efficacit\u00e9 selon les normes actuelles, aidant \u00e0 ma\u00eetriser la consommation \u00e9lectrique tout en garantissant la puissance n\u00e9cessaire \u00e0 la conservation optimale des produits. Sa connexion au <b>r\u00e9seau \u00e9lectrique via une prise EU<\/b> assure une compatibilit\u00e9 avec les syst\u00e8mes europ\u00e9ens et une installation facile. La finition ext\u00e9rieure inox apporte robustesse et aspect moderne, permettant \u00e0 l\u2019appareil de s\u2019int\u00e9grer dans diff\u00e9rents styles de cuisine ou espaces de travail. Le Sharp SJSC11CMXPEES contribue \u00e0 une gestion optimale de l\u2019espace de cong\u00e9lation, convenant aussi bien aux familles qu\u2019aux petits commerces ayant besoin d\u2019un stockage s\u00e9curis\u00e9 et accessible, et se positionne comme une option polyvalente et fonctionnelle parmi les cong\u00e9lateurs verticaux de capacit\u00e9 moyenne \u00e0 grande.<\/p>\n<ul>\n<li>Produit \u00e0 brancher: Oui<\/li>\n<li>Type: Cong\u00e9lateur<\/li>\n<li>Type de prise: Prise EU<\/li>\n<li>Bloc d\u2019Alimentation: r\u00e9seau \u00e9lectrique<\/li>\n<li>Classification \u00e9nerg\u00e9tique: E<\/li>\n<li>Dimensions approx.: 186 x 60 cm<\/li>\n<li>Mati\u00e8re: Acier inoxydable<\/li>\n<li>Type d&#8217;installation: Auto-assemblage<\/li>\n<li>Couleur: Acier<\/li>\n<li>Technologie: No Frost<\/li>\n<li>\u00c9lev\u00e9: 186 cm<\/li>\n<\/ul>","protected":false},"excerpt":{"rendered":"<p>Si vous \u00eates \u00e0 la recherche de nouvelles tendances sur le march\u00e9, nous vous pr\u00e9sentons Cong\u00e9lateur Sharp ! Le cong\u00e9lateur Sharp SJSC11CMXPEES est con\u00e7u pour offrir une solution de stockage alimentaire efficace et fonctionnelle \u00e0 domicile ou dans des espaces professionnels, gr\u00e2ce \u00e0 ses dimensions de 186 x 60 cm qui optimisent l\u2019espace vertical et [&hellip;]<\/p>\n","protected":false},"featured_media":62630,"comment_status":"open","ping_status":"closed","template":"","meta":[],"product_brand":[1088],"product_cat":[60,77,226],"product_tag":[],"class_list":{"0":"post-62631","1":"product","2":"type-product","3":"status-publish","4":"has-post-thumbnail","6":"product_brand-brandp_3340","7":"product_cat-cuisine-gourmet","8":"product_cat-petit-electromenager","9":"product_cat-refrigerateurs-et-congelateurs","11":"first","12":"instock","13":"taxable","14":"shipping-taxable","15":"purchasable","16":"product-type-simple"},"_links":{"self":[{"href":"https:\/\/bigbuy.tupique.com\/pt\/wp-json\/wp\/v2\/product\/62631","targetHints":{"allow":["GET"]}}],"collection":[{"href":"https:\/\/bigbuy.tupique.com\/pt\/wp-json\/wp\/v2\/product"}],"about":[{"href":"https:\/\/bigbuy.tupique.com\/pt\/wp-json\/wp\/v2\/types\/product"}],"replies":[{"embeddable":true,"href":"https:\/\/bigbuy.tupique.com\/pt\/wp-json\/wp\/v2\/comments?post=62631"}],"wp:featuredmedia":[{"embeddable":true,"href":"https:\/\/bigbuy.tupique.com\/pt\/wp-json\/wp\/v2\/media\/62630"}],"wp:attachment":[{"href":"https:\/\/bigbuy.tupique.com\/pt\/wp-json\/wp\/v2\/media?parent=62631"}],"wp:term":[{"taxonomy":"product_brand","embeddable":true,"href":"https:\/\/bigbuy.tupique.com\/pt\/wp-json\/wp\/v2\/product_brand?post=62631"},{"taxonomy":"product_cat","embeddable":true,"href":"https:\/\/bigbuy.tupique.com\/pt\/wp-json\/wp\/v2\/product_cat?post=62631"},{"taxonomy":"product_tag","embeddable":true,"href":"https:\/\/bigbuy.tupique.com\/pt\/wp-json\/wp\/v2\/product_tag?post=62631"}],"curies":[{"name":"wp","href":"https:\/\/api.w.org\/{rel}","templated":true}]}}