{"id":62536,"date":"2026-04-01T17:12:48","date_gmt":"2026-04-01T16:12:48","guid":{"rendered":"https:\/\/bigbuy.tupique.com\/produto\/electric-scooter-xiaomi-bhr9610es-black\/"},"modified":"2026-04-15T04:46:27","modified_gmt":"2026-04-15T03:46:27","slug":"electric-scooter-xiaomi-bhr9610es-black","status":"publish","type":"product","link":"https:\/\/bigbuy.tupique.com\/pt\/produto\/electric-scooter-xiaomi-bhr9610es-black\/","title":{"rendered":"Trottinette \u00c9lectrique Xiaomi BHR9610ES Noir"},"content":{"rendered":"<p>Si vous \u00eates \u00e0 la recherche de nouvelles tendances sur le march\u00e9, nous vous pr\u00e9sentons <b>Trottinette \u00c9lectrique Xiaomi BHR9610ES Noir<\/b> !<\/p>\n<p>Le <b>Electric Scooter 5<\/b> de Xiaomi est une <b>trottinette \u00e9lectrique<\/b> con\u00e7ue pour offrir des d\u00e9placements urbains efficaces et confortables, combinant un <b>moteur de 350 W<\/b> permettant d\u2019atteindre une <b>vitesse maximale de 25 km\/h<\/b> avec une structure robuste en <b>aluminium<\/b> et <b>acier<\/b>, mat\u00e9riaux reconnus pour leur l\u00e9g\u00e8ret\u00e9 et leur r\u00e9sistance \u00e0 l\u2019usage quotidien. Son format <b>pliable<\/b> facilite le transport et le rangement, ce qui la rend particuli\u00e8rement pratique pour ceux qui alternent entre la trottinette et d\u2019autres moyens de transport. La finition en <b>noir<\/b> lui donne un aspect moderne et discret, s\u2019int\u00e9grant parfaitement dans tout environnement urbain. De plus, elle dispose de <b>lumi\u00e8res int\u00e9gr\u00e9es<\/b> pour am\u00e9liorer la visibilit\u00e9 dans des conditions de faible luminosit\u00e9 et d\u2019un <b>\u00e9cran int\u00e9gr\u00e9<\/b> permettant de consulter des param\u00e8tres essentiels comme la vitesse, le niveau de batterie et d\u2019autres donn\u00e9es en temps r\u00e9el, am\u00e9liorant ainsi l\u2019exp\u00e9rience utilisateur et la s\u00e9curit\u00e9 lors des d\u00e9placements. Ce mod\u00e8le constitue une solution fiable et polyvalente pour ceux qui recherchent un moyen de mobilit\u00e9 durable et fonctionnel en ville.<\/p>\n<ul>\n<li>Type de prise: Prise EU<\/li>\n<li>Produit \u00e0 brancher: Oui<\/li>\n<li>Type:\n<ul>\n<li>Trottinette \u00c9lectrique<\/li>\n<li>Trottinette<\/li>\n<\/ul>\n<\/li>\n<li>Autonomie approx.: 60 km<\/li>\n<li>Taille: 10&#8243;<\/li>\n<li>vitesse: 25 km\/h<\/li>\n<li>Bloc d\u2019Alimentation:\n<ul>\n<li>r\u00e9seau \u00e9lectrique<\/li>\n<li>Batterie<\/li>\n<\/ul>\n<\/li>\n<li>Capacit\u00e9 de la batterie: 10200 mAh<\/li>\n<li>Poids Max. support\u00e9: 120 kg<\/li>\n<li>Couleur: Noir<\/li>\n<li>Mati\u00e8re:\n<ul>\n<li>Aluminium<\/li>\n<li>Acier<\/li>\n<\/ul>\n<\/li>\n<li>Caract\u00e9ristiques:\n<ul>\n<li>Pliable<\/li>\n<li>Lumi\u00e8res<\/li>\n<li>\u00c9cran integr\u00e9<\/li>\n<li>Feu arri\u00e8re<\/li>\n<li>Pied de biche<\/li>\n<\/ul>\n<\/li>\n<li>Type de batterie: Batterie rechargeable<\/li>\n<li>Connectivit\u00e9: Bluetooth<\/li>\n<li>Moteur: Sans brosse<\/li>\n<li>roues: 2 roues<\/li>\n<li>Piles incluses: Oui<\/li>\n<li>Genre: Unisexe<\/li>\n<li>puissance: 350 W<\/li>\n<li>Tension: 100 &#8211; 240 V<\/li>\n<li>Propri\u00e9t\u00e9s: amortissement<\/li>\n<li>Poids approx.: 20 kg<\/li>\n<\/ul>\n<p>Informations importantes: Si la marque n&#8217;a pas immatricul\u00e9 la trotinette, le propi\u00e9taire devra passer le ITV ou le T\u00dbV pour obtenir un &#8220;EBE&#8221; ou un permis de circulation individuel.<\/p>","protected":false},"excerpt":{"rendered":"<p>Si vous \u00eates \u00e0 la recherche de nouvelles tendances sur le march\u00e9, nous vous pr\u00e9sentons Trottinette \u00c9lectrique Xiaomi BHR9610ES Noir ! Le Electric Scooter 5 de Xiaomi est une trottinette \u00e9lectrique con\u00e7ue pour offrir des d\u00e9placements urbains efficaces et confortables, combinant un moteur de 350 W permettant d\u2019atteindre une vitesse maximale de 25 km\/h avec [&hellip;]<\/p>\n","protected":false},"featured_media":62526,"comment_status":"open","ping_status":"closed","template":"","meta":[],"product_brand":[525],"product_cat":[609,65,1146],"product_tag":[163],"class_list":{"0":"post-62536","1":"product","2":"type-product","3":"status-publish","4":"has-post-thumbnail","6":"product_brand-brandp_1269","7":"product_cat-electronique-jouets-electroniques","8":"product_cat-informatique-electronique","9":"product_cat-trottinettes-electriques","10":"product_tag-tag_17","12":"first","13":"instock","14":"taxable","15":"shipping-taxable","16":"purchasable","17":"product-type-simple"},"_links":{"self":[{"href":"https:\/\/bigbuy.tupique.com\/pt\/wp-json\/wp\/v2\/product\/62536","targetHints":{"allow":["GET"]}}],"collection":[{"href":"https:\/\/bigbuy.tupique.com\/pt\/wp-json\/wp\/v2\/product"}],"about":[{"href":"https:\/\/bigbuy.tupique.com\/pt\/wp-json\/wp\/v2\/types\/product"}],"replies":[{"embeddable":true,"href":"https:\/\/bigbuy.tupique.com\/pt\/wp-json\/wp\/v2\/comments?post=62536"}],"wp:featuredmedia":[{"embeddable":true,"href":"https:\/\/bigbuy.tupique.com\/pt\/wp-json\/wp\/v2\/media\/62526"}],"wp:attachment":[{"href":"https:\/\/bigbuy.tupique.com\/pt\/wp-json\/wp\/v2\/media?parent=62536"}],"wp:term":[{"taxonomy":"product_brand","embeddable":true,"href":"https:\/\/bigbuy.tupique.com\/pt\/wp-json\/wp\/v2\/product_brand?post=62536"},{"taxonomy":"product_cat","embeddable":true,"href":"https:\/\/bigbuy.tupique.com\/pt\/wp-json\/wp\/v2\/product_cat?post=62536"},{"taxonomy":"product_tag","embeddable":true,"href":"https:\/\/bigbuy.tupique.com\/pt\/wp-json\/wp\/v2\/product_tag?post=62536"}],"curies":[{"name":"wp","href":"https:\/\/api.w.org\/{rel}","templated":true}]}}