{"id":62486,"date":"2026-04-01T17:11:34","date_gmt":"2026-04-01T16:11:34","guid":{"rendered":"https:\/\/bigbuy.tupique.com\/produto\/smart-tv-tcl-65p7k-65-4k-ultra-hd-hdr-qled\/"},"modified":"2026-05-11T19:57:00","modified_gmt":"2026-05-11T17:57:00","slug":"smart-tv-tcl-65p7k-65-4k-ultra-hd-hdr-qled","status":"publish","type":"product","link":"https:\/\/bigbuy.tupique.com\/pt\/produto\/smart-tv-tcl-65p7k-65-4k-ultra-hd-hdr-qled\/","title":{"rendered":"TV intelligente TCL 65P7K 65&#8243; 4K Ultra HD HDR QLED"},"content":{"rendered":"<p>Si vous \u00eates passionn\u00e9 d&#8217;<b>informatique et d&#8217;\u00e9lectronique<\/b>, si vous \u00eates \u00e0 la pointe de la technologie et qu&#8217;aucun d\u00e9tail ne vous \u00e9chappe, achetez <b>TV intelligente TCL 65P7K 65&#8243; 4K Ultra HD HDR QLED<\/b> au meilleur prix.<\/p>\n<p>La <b>Smart TV de 65 pouces<\/b> de la marque TCL offre une exp\u00e9rience audiovisuelle de haute qualit\u00e9 gr\u00e2ce \u00e0 sa <b>r\u00e9solution 4K Ultra HD (3840 x 2160 pixels)<\/b>, garantissant des images nettes et d\u00e9taill\u00e9es. Elle dispose d\u2019un <b>syst\u00e8me d\u2019exploitation Google TV version 12.0<\/b>, facilitant l\u2019acc\u00e8s aux applications, contenus en streaming et navigation web, pour une interaction compl\u00e8te et polyvalente. Ce t\u00e9l\u00e9viseur supporte plusieurs formats de signal, dont <b>DVB-C, DVB-S2 et DVB-T2<\/b>, assurant la compatibilit\u00e9 avec les signaux num\u00e9riques terrestres, c\u00e2ble et satellite, ainsi qu\u2019avec un tuner analogique, pour s\u2019adapter \u00e0 diverses sources d\u2019\u00e9mission. Son design est \u00e0 \u00e9cran plat, id\u00e9al pour s\u2019int\u00e9grer dans tout espace avec une esth\u00e9tique moderne et sobre. De plus, il dispose d\u2019une <b>connectivit\u00e9 Wi-Fi<\/b>, permettant une connexion sans fil \u00e0 Internet pour un acc\u00e8s fluide aux contenus et services en ligne. L\u2019int\u00e9gration de la technologie <b>AMD FreeSync<\/b> r\u00e9duit les d\u00e9chirures et scintillements d\u2019image, am\u00e9liorant l\u2019exp\u00e9rience visuelle surtout lors de sc\u00e8nes rapides et de jeux. C\u00f4t\u00e9 audio, il offre une puissance RMS estim\u00e9e \u00e0 <b>20W<\/b>, suffisante pour une immersion sonore adapt\u00e9e en environnement domestique. Il est important de noter que ce t\u00e9l\u00e9viseur poss\u00e8de une <b>classe \u00e9nerg\u00e9tique F<\/b>, ce qui implique une consommation sup\u00e9rieure \u00e0 celle des mod\u00e8les plus efficaces. Dans l\u2019ensemble, ce mod\u00e8le TCL repr\u00e9sente une option solide dans la cat\u00e9gorie des t\u00e9l\u00e9viseurs intelligents grand format, alliant r\u00e9solution avanc\u00e9e, connectivit\u00e9 et facilit\u00e9 d\u2019utilisation pour ceux qui recherchent un appareil polyvalent avec de larges capacit\u00e9s multim\u00e9dia et de r\u00e9ception.<\/p>\n<ul>\n<li>R\u00e9solution (px): 3840 x 2160 px<\/li>\n<li>Caract\u00e9ristiques:\n<ul>\n<li>Navigation web<\/li>\n<li>R\u00e9duction du bruit<\/li>\n<li>Equalizer<\/li>\n<li>TV intelligente<\/li>\n<li>T\u00e9l\u00e9texte<\/li>\n<li>Guide \u00e9lectronique des programmes (EPG)<\/li>\n<li>Apple AirPlay 2<\/li>\n<li>2 Haut-parleurs<\/li>\n<li>Recherche de cha\u00eene automatique<\/li>\n<li>Fonction sous-titre<\/li>\n<li>Canal de retour audio (ARC)<\/li>\n<li>\u00c9cran plat<\/li>\n<\/ul>\n<\/li>\n<li>Connexions:\n<ul>\n<li>USB 2.0<\/li>\n<li>RJ45<\/li>\n<li>Ethernet LAN<\/li>\n<li>RF x 2<\/li>\n<li>USB 3.2<\/li>\n<li>HDCP<\/li>\n<li>CI+<\/li>\n<li>CI+ 1.4 x 1<\/li>\n<li>HDMI 2.1 x 1<\/li>\n<li>HDMI 1.4<\/li>\n<\/ul>\n<\/li>\n<li>Rapport d&#8217;aspect: 16:9<\/li>\n<li>Connectivit\u00e9:\n<ul>\n<li>Bluetooth<\/li>\n<li>Wi-Fi<\/li>\n<li>Interface commune<\/li>\n<li>eARC<\/li>\n<\/ul>\n<\/li>\n<li>Classification \u00e9nerg\u00e9tique: F<\/li>\n<li>Compatibilit\u00e9: Google Assistant<\/li>\n<li>Puissance RMS: 20W<\/li>\n<li>TV intelligente: Oui<\/li>\n<li>Couleur: M\u00e9tallis\u00e9<\/li>\n<li>Ecran: 65&#8243;<\/li>\n<li>Compatible:\n<ul>\n<li>Amazon Alexa<\/li>\n<li>VESA 400 x 300<\/li>\n<\/ul>\n<\/li>\n<li>Inclut: T\u00e9l\u00e9commande<\/li>\n<li>Processeur: Quad Core<\/li>\n<li>R\u00e9cepteur:\n<ul>\n<li>DVB-C,DVB-S2,DVB-T2<\/li>\n<li>Analogique et num\u00e9rique<\/li>\n<\/ul>\n<\/li>\n<li>Fonctions: Contr\u00f4leur de volume<\/li>\n<li>Technologie:\n<ul>\n<li>HDR<\/li>\n<li>QLED<\/li>\n<\/ul>\n<\/li>\n<li>R\u00e9solution: 4K Ultra HD<\/li>\n<li>Arr\u00eat Automatique: Oui<\/li>\n<li>consommation d&#8217;\u00e9nergie: 160 kWh<\/li>\n<li>Cha\u00eenes: 2.0<\/li>\n<li>Fr\u00e9quence: 60 Hz<\/li>\n<li>Montage: VESA<\/li>\n<li>Syst\u00e8me d&#8217;exploitation: Google TV<\/li>\n<li>Diagonale de l&#8217;\u00e9cran (cm): 165,1 cm<\/li>\n<li>Brille: 450 CD \/ M\u00b2<\/li>\n<li>Indice de r\u00e9parabilit\u00e9: 8.0<\/li>\n<\/ul>","protected":false},"excerpt":{"rendered":"<p>Si vous \u00eates passionn\u00e9 d&#8217;informatique et d&#8217;\u00e9lectronique, si vous \u00eates \u00e0 la pointe de la technologie et qu&#8217;aucun d\u00e9tail ne vous \u00e9chappe, achetez TV intelligente TCL 65P7K 65&#8243; 4K Ultra HD HDR QLED au meilleur prix. La Smart TV de 65 pouces de la marque TCL offre une exp\u00e9rience audiovisuelle de haute qualit\u00e9 gr\u00e2ce \u00e0 [&hellip;]<\/p>\n","protected":false},"featured_media":62484,"comment_status":"open","ping_status":"closed","template":"","meta":[],"product_brand":[1153],"product_cat":[589,65,957],"product_tag":[],"class_list":{"0":"post-62486","1":"product","2":"type-product","3":"status-publish","4":"has-post-thumbnail","6":"product_brand-brandp_3009","7":"product_cat-electronique-television","8":"product_cat-informatique-electronique","9":"product_cat-televisions-et-smart-tv","11":"first","12":"instock","13":"taxable","14":"shipping-taxable","15":"purchasable","16":"product-type-simple"},"_links":{"self":[{"href":"https:\/\/bigbuy.tupique.com\/pt\/wp-json\/wp\/v2\/product\/62486","targetHints":{"allow":["GET"]}}],"collection":[{"href":"https:\/\/bigbuy.tupique.com\/pt\/wp-json\/wp\/v2\/product"}],"about":[{"href":"https:\/\/bigbuy.tupique.com\/pt\/wp-json\/wp\/v2\/types\/product"}],"replies":[{"embeddable":true,"href":"https:\/\/bigbuy.tupique.com\/pt\/wp-json\/wp\/v2\/comments?post=62486"}],"wp:featuredmedia":[{"embeddable":true,"href":"https:\/\/bigbuy.tupique.com\/pt\/wp-json\/wp\/v2\/media\/62484"}],"wp:attachment":[{"href":"https:\/\/bigbuy.tupique.com\/pt\/wp-json\/wp\/v2\/media?parent=62486"}],"wp:term":[{"taxonomy":"product_brand","embeddable":true,"href":"https:\/\/bigbuy.tupique.com\/pt\/wp-json\/wp\/v2\/product_brand?post=62486"},{"taxonomy":"product_cat","embeddable":true,"href":"https:\/\/bigbuy.tupique.com\/pt\/wp-json\/wp\/v2\/product_cat?post=62486"},{"taxonomy":"product_tag","embeddable":true,"href":"https:\/\/bigbuy.tupique.com\/pt\/wp-json\/wp\/v2\/product_tag?post=62486"}],"curies":[{"name":"wp","href":"https:\/\/api.w.org\/{rel}","templated":true}]}}