{"id":62435,"date":"2026-04-01T17:10:18","date_gmt":"2026-04-01T16:10:18","guid":{"rendered":"https:\/\/bigbuy.tupique.com\/produto\/smartwatch-polar-grit-x2-brown\/"},"modified":"2026-05-11T19:57:07","modified_gmt":"2026-05-11T17:57:07","slug":"smartwatch-polar-grit-x2-brown","status":"publish","type":"product","link":"https:\/\/bigbuy.tupique.com\/pt\/produto\/smartwatch-polar-grit-x2-brown\/","title":{"rendered":"Montre intelligente Polar GRIT X2 Marron"},"content":{"rendered":"<p>Si vous \u00eates \u00e0 la recherche de nouvelles tendances sur le march\u00e9, nous vous pr\u00e9sentons <b>Montre intelligente Polar GRIT X2 Marron<\/b> !<\/p>\n<p>Le <b>Polar GRIT X2<\/b> est une <b>montre connect\u00e9e<\/b> con\u00e7ue pour offrir une combinaison robuste de fonctionnalit\u00e9 et de style, id\u00e9ale pour ceux qui recherchent une montre intelligente capable de supporter un usage quotidien ainsi que des activit\u00e9s en plein air. Son bo\u00eetier est fabriqu\u00e9 en <b>acier inoxydable<\/b>, garantissant une grande r\u00e9sistance et durabilit\u00e9 face aux chocs et \u00e0 l\u2019usure, tandis que son design en <b>couleur marron<\/b> lui conf\u00e8re une finition \u00e9l\u00e9gante et sobre. Le bracelet, \u00e9galement en <b>couleur marron<\/b>, offre confort et s\u2019adapte parfaitement au poignet gr\u00e2ce \u00e0 sa <b>taille S<\/b>, adapt\u00e9e aux utilisateurs avec un poignet plus fin. Ce mod\u00e8le int\u00e8gre une technologie de <b>connectivit\u00e9 Bluetooth<\/b> permettant la synchronisation avec les smartphones, facilitant la r\u00e9ception des notifications, le contr\u00f4le de la musique et l\u2019acc\u00e8s aux donn\u00e9es d\u2019activit\u00e9 physique en temps r\u00e9el. Au-del\u00e0 de son esth\u00e9tique et de ses mat\u00e9riaux, le Polar GRIT X2 s\u2019adresse \u00e0 un public actif qui valorise la pr\u00e9cision sportive et la robustesse d\u2019une montre connect\u00e9e capable de r\u00e9sister \u00e0 des conditions exigeantes. Son design solide et ses mat\u00e9riaux de qualit\u00e9 positionnent cette montre intelligente comme une option fiable pour les utilisateurs cherchant \u00e0 allier fonctionnalit\u00e9 avanc\u00e9e et style classique et discret.<\/p>\n<ul>\n<li>Type de montre: Montre intelligente<\/li>\n<li>Produit \u00e0 brancher: Oui<\/li>\n<li>Type de prise: Prise EU<\/li>\n<li>Bloc d\u2019Alimentation: r\u00e9seau \u00e9lectrique<\/li>\n<li>Couleur du bracelet: Marron<\/li>\n<li>Couleur: Marron<\/li>\n<li>Mati\u00e8re: Acier inoxydable<\/li>\n<li>Connectivit\u00e9: Bluetooth<\/li>\n<li>Taille:\n<ul>\n<li>S<\/li>\n<li>L<\/li>\n<\/ul>\n<\/li>\n<li>Mat\u00e9riau du bracelet: Cuir<\/li>\n<li>Genre: Unisexe<\/li>\n<li>GPS: Oui<\/li>\n<li>Ecran: 1,28&#8243;<\/li>\n<li>Compatible:\n<ul>\n<li>Android, iOS<\/li>\n<li>Bluetooth<\/li>\n<\/ul>\n<\/li>\n<li>Bracelet: S-L<\/li>\n<li>Sport: Fitness<\/li>\n<li>Forme: Ronde<\/li>\n<\/ul>","protected":false},"excerpt":{"rendered":"<p>Si vous \u00eates \u00e0 la recherche de nouvelles tendances sur le march\u00e9, nous vous pr\u00e9sentons Montre intelligente Polar GRIT X2 Marron ! Le Polar GRIT X2 est une montre connect\u00e9e con\u00e7ue pour offrir une combinaison robuste de fonctionnalit\u00e9 et de style, id\u00e9ale pour ceux qui recherchent une montre intelligente capable de supporter un usage quotidien [&hellip;]<\/p>\n","protected":false},"featured_media":62434,"comment_status":"open","ping_status":"closed","template":"","meta":[],"product_brand":[178],"product_cat":[575,65,748],"product_tag":[103,566,106],"class_list":{"0":"post-62435","1":"product","2":"type-product","3":"status-publish","4":"has-post-thumbnail","6":"product_brand-brandp_5019","7":"product_cat-electronique-telephonie-et-tablettes","8":"product_cat-informatique-electronique","9":"product_cat-smartwatches","10":"product_tag-tag_1261","11":"product_tag-tag_547","12":"product_tag-tag_1295","14":"first","15":"instock","16":"taxable","17":"shipping-taxable","18":"purchasable","19":"product-type-simple"},"_links":{"self":[{"href":"https:\/\/bigbuy.tupique.com\/pt\/wp-json\/wp\/v2\/product\/62435","targetHints":{"allow":["GET"]}}],"collection":[{"href":"https:\/\/bigbuy.tupique.com\/pt\/wp-json\/wp\/v2\/product"}],"about":[{"href":"https:\/\/bigbuy.tupique.com\/pt\/wp-json\/wp\/v2\/types\/product"}],"replies":[{"embeddable":true,"href":"https:\/\/bigbuy.tupique.com\/pt\/wp-json\/wp\/v2\/comments?post=62435"}],"wp:featuredmedia":[{"embeddable":true,"href":"https:\/\/bigbuy.tupique.com\/pt\/wp-json\/wp\/v2\/media\/62434"}],"wp:attachment":[{"href":"https:\/\/bigbuy.tupique.com\/pt\/wp-json\/wp\/v2\/media?parent=62435"}],"wp:term":[{"taxonomy":"product_brand","embeddable":true,"href":"https:\/\/bigbuy.tupique.com\/pt\/wp-json\/wp\/v2\/product_brand?post=62435"},{"taxonomy":"product_cat","embeddable":true,"href":"https:\/\/bigbuy.tupique.com\/pt\/wp-json\/wp\/v2\/product_cat?post=62435"},{"taxonomy":"product_tag","embeddable":true,"href":"https:\/\/bigbuy.tupique.com\/pt\/wp-json\/wp\/v2\/product_tag?post=62435"}],"curies":[{"name":"wp","href":"https:\/\/api.w.org\/{rel}","templated":true}]}}