{"id":62402,"date":"2026-04-01T17:09:39","date_gmt":"2026-04-01T16:09:39","guid":{"rendered":"https:\/\/bigbuy.tupique.com\/produto\/induction-hot-plate-aeg\/"},"modified":"2026-04-15T04:09:08","modified_gmt":"2026-04-15T03:09:08","slug":"induction-hot-plate-aeg","status":"publish","type":"product","link":"https:\/\/bigbuy.tupique.com\/pt\/produto\/induction-hot-plate-aeg\/","title":{"rendered":"Plaque \u00e0 Induction AEG"},"content":{"rendered":"<p>Si vous \u00eates \u00e0 la recherche de nouvelles tendances sur le march\u00e9, nous vous pr\u00e9sentons <b>Plaque \u00e0 Induction AEG<\/b> !<\/p>\n<p>La <b>plaque \u00e0 induction<\/b> de la marque <b>AEG<\/b> offre une solution efficace et s\u00fbre pour la cuisine moderne, \u00e9quip\u00e9e de <b>3 zones de cuisson<\/b> permettant de pr\u00e9parer plusieurs plats simultan\u00e9ment, adapt\u00e9es \u00e0 diff\u00e9rentes tailles de r\u00e9cipients. Son syst\u00e8me de contr\u00f4le est enti\u00e8rement <b>tactile<\/b>, offrant une interface intuitive, confortable et facile \u00e0 nettoyer, \u00e9liminant le besoin de boutons physiques. Gr\u00e2ce \u00e0 sa technologie avanc\u00e9e, elle atteint une <b>puissance maximale totale de 7350 W<\/b>, garantissant une transmission rapide de la chaleur et un contr\u00f4le pr\u00e9cis pendant la cuisson. De plus, elle int\u00e8gre un \u00e9l\u00e9ment de s\u00e9curit\u00e9 important avec le <b>verrouillage enfant<\/b>, qui pr\u00e9vient les manipulations accidentelles, apportant tranquillit\u00e9 d\u2019esprit dans les foyers avec enfants. La plaque fonctionne avec une <b>prise europ\u00e9enne (EU)<\/b>, facilitant son installation dans la plupart des cuisines du continent. Son design compact et sa fonctionnalit\u00e9 intuitive font de cette plaque un choix id\u00e9al pour ceux qui recherchent rapidit\u00e9, contr\u00f4le et s\u00e9curit\u00e9 en cuisine, tout en maintenant une performance constante et efficace au quotidien. Ce mod\u00e8le repr\u00e9sente une option \u00e9quilibr\u00e9e et pratique dans la gamme des plaques \u00e0 induction pour usage domestique.<\/p>\n<ul>\n<li>Type: Plaque \u00e0 Induction<\/li>\n<li>Produit \u00e0 brancher: Oui<\/li>\n<li>Type de prise: Prise EU<\/li>\n<li>Bloc d\u2019Alimentation: r\u00e9seau \u00e9lectrique<\/li>\n<li>Caract\u00e9ristiques:\n<ul>\n<li>Verrouillage pour enfants<\/li>\n<li>Commande tactile<\/li>\n<\/ul>\n<\/li>\n<li>Zones de cuisson: 3<\/li>\n<li>Mati\u00e8re: Verre tremp\u00e9<\/li>\n<\/ul>","protected":false},"excerpt":{"rendered":"<p>Si vous \u00eates \u00e0 la recherche de nouvelles tendances sur le march\u00e9, nous vous pr\u00e9sentons Plaque \u00e0 Induction AEG ! La plaque \u00e0 induction de la marque AEG offre une solution efficace et s\u00fbre pour la cuisine moderne, \u00e9quip\u00e9e de 3 zones de cuisson permettant de pr\u00e9parer plusieurs plats simultan\u00e9ment, adapt\u00e9es \u00e0 diff\u00e9rentes tailles de [&hellip;]<\/p>\n","protected":false},"featured_media":62399,"comment_status":"open","ping_status":"closed","template":"","meta":[],"product_brand":[1386],"product_cat":[60,77,78],"product_tag":[55,56],"class_list":{"0":"post-62402","1":"product","2":"type-product","3":"status-publish","4":"has-post-thumbnail","6":"product_brand-brandp_679","7":"product_cat-cuisine-gourmet","8":"product_cat-petit-electromenager","9":"product_cat-plaques-de-cuisson","10":"product_tag-tag_926","11":"product_tag-tag_930","13":"first","14":"instock","15":"taxable","16":"shipping-taxable","17":"purchasable","18":"product-type-simple"},"_links":{"self":[{"href":"https:\/\/bigbuy.tupique.com\/pt\/wp-json\/wp\/v2\/product\/62402","targetHints":{"allow":["GET"]}}],"collection":[{"href":"https:\/\/bigbuy.tupique.com\/pt\/wp-json\/wp\/v2\/product"}],"about":[{"href":"https:\/\/bigbuy.tupique.com\/pt\/wp-json\/wp\/v2\/types\/product"}],"replies":[{"embeddable":true,"href":"https:\/\/bigbuy.tupique.com\/pt\/wp-json\/wp\/v2\/comments?post=62402"}],"wp:featuredmedia":[{"embeddable":true,"href":"https:\/\/bigbuy.tupique.com\/pt\/wp-json\/wp\/v2\/media\/62399"}],"wp:attachment":[{"href":"https:\/\/bigbuy.tupique.com\/pt\/wp-json\/wp\/v2\/media?parent=62402"}],"wp:term":[{"taxonomy":"product_brand","embeddable":true,"href":"https:\/\/bigbuy.tupique.com\/pt\/wp-json\/wp\/v2\/product_brand?post=62402"},{"taxonomy":"product_cat","embeddable":true,"href":"https:\/\/bigbuy.tupique.com\/pt\/wp-json\/wp\/v2\/product_cat?post=62402"},{"taxonomy":"product_tag","embeddable":true,"href":"https:\/\/bigbuy.tupique.com\/pt\/wp-json\/wp\/v2\/product_tag?post=62402"}],"curies":[{"name":"wp","href":"https:\/\/api.w.org\/{rel}","templated":true}]}}