{"id":62285,"date":"2026-04-01T16:56:05","date_gmt":"2026-04-01T15:56:05","guid":{"rendered":"https:\/\/bigbuy.tupique.com\/produto\/dishwasher-samsung-dw50dg450b00et-45-cm\/"},"modified":"2026-04-15T03:33:18","modified_gmt":"2026-04-15T02:33:18","slug":"dishwasher-samsung-dw50dg450b00et-45-cm","status":"publish","type":"product","link":"https:\/\/bigbuy.tupique.com\/pt\/produto\/dishwasher-samsung-dw50dg450b00et-45-cm\/","title":{"rendered":"Lave-vaisselle Samsung DW50DG450B00ET 45 cm"},"content":{"rendered":"<p>Si vous pensez r\u00e9nover votre cuisine, achetez <b>Lave-vaisselle Samsung DW50DG450B00ET 45 cm<\/b> et d\u00b4autres <b>produits Samsung<\/b> !<\/p>\n<p>Le <b>lave-vaisselle Samsung DW50DG450B00ET<\/b> est un appareil encastrable con\u00e7u pour offrir une solution efficace et fonctionnelle dans les cuisines \u00e0 espace limit\u00e9, gr\u00e2ce \u00e0 sa <b>largeur de 45 cm<\/b>, id\u00e9ale pour les foyers de taille moyenne. Il dispose d\u2019une <b>capacit\u00e9 de chargement jusqu\u2019\u00e0 10 couverts<\/b>, permettant de g\u00e9rer facilement des charges moyennes ou compl\u00e8tes. Sa <b>classe \u00e9nerg\u00e9tique D<\/b> indique une consommation ma\u00eetris\u00e9e, avec une <b>consommation d\u2019eau de 9 litres par cycle<\/b>, contribuant \u00e0 une utilisation responsable des ressources. Ce mod\u00e8le propose plusieurs programmes de lavage, dont Auto, D\u00e9licat, \u00c9co, Intensif et Rapide, offrant une flexibilit\u00e9 adapt\u00e9e \u00e0 diff\u00e9rents types de salissures et besoins quotidiens. Il int\u00e8gre \u00e9galement la fonction <b>demi-charge<\/b>, facilitant un lavage efficace lorsque le lave-vaisselle n\u2019est pas compl\u00e8tement rempli, optimisant ainsi la consommation d\u2019eau et d\u2019\u00e9nergie. C\u00f4t\u00e9 s\u00e9curit\u00e9 et ergonomie, il se distingue par le <b>verrouillage enfant<\/b>, qui pr\u00e9vient les accidents et modifications involontaires pendant le cycle, ainsi qu\u2019un <b>\u00e9cran int\u00e9gr\u00e9<\/b> permettant un contr\u00f4le simple et intuitif des programmes et fonctions. Son design encastrable facilite l\u2019installation dans les meubles de cuisine, assurant une harmonie esth\u00e9tique sans sacrifier la capacit\u00e9 ni les performances n\u00e9cessaires \u00e0 un usage quotidien. La <b>largeur r\u00e9elle de 448 mm<\/b> garantit une compatibilit\u00e9 adapt\u00e9e aux espaces standards pour ce type d\u2019appareils. En r\u00e9sum\u00e9, le Samsung DW50DG450B00ET est un lave-vaisselle pratique et polyvalent, destin\u00e9 aux utilisateurs recherchant une option compacte, efficace et dot\u00e9e de fonctions assurant un nettoyage fiable et s\u00e9curis\u00e9 de la vaisselle domestique.<\/p>\n<ul>\n<li>Produit \u00e0 brancher: Oui<\/li>\n<li>Type: Lave-vaisselle<\/li>\n<li>Type de prise: Prise EU<\/li>\n<li>Bloc d\u2019Alimentation: r\u00e9seau \u00e9lectrique<\/li>\n<li>Largeur: 45 cm<\/li>\n<li>Caract\u00e9ristiques:\n<ul>\n<li>Verrouillage pour enfants<\/li>\n<li>\u00c9cran integr\u00e9<\/li>\n<li>Commande tactile<\/li>\n<\/ul>\n<\/li>\n<li>Type d&#8217;installation: Int\u00e9grable<\/li>\n<li>Capacit\u00e9 (Nb de couverts): 10<\/li>\n<li>Classification \u00e9nerg\u00e9tique: D<\/li>\n<li>Programmes: 6<\/li>\n<li>Niveau sonore: 44 dB<\/li>\n<\/ul>","protected":false},"excerpt":{"rendered":"<p>Si vous pensez r\u00e9nover votre cuisine, achetez Lave-vaisselle Samsung DW50DG450B00ET 45 cm et d\u00b4autres produits Samsung ! Le lave-vaisselle Samsung DW50DG450B00ET est un appareil encastrable con\u00e7u pour offrir une solution efficace et fonctionnelle dans les cuisines \u00e0 espace limit\u00e9, gr\u00e2ce \u00e0 sa largeur de 45 cm, id\u00e9ale pour les foyers de taille moyenne. Il dispose [&hellip;]<\/p>\n","protected":false},"featured_media":62283,"comment_status":"open","ping_status":"closed","template":"","meta":[],"product_brand":[183],"product_cat":[393,60,77],"product_tag":[],"class_list":{"0":"post-62285","1":"product","2":"type-product","3":"status-publish","4":"has-post-thumbnail","6":"product_brand-brandp_576","7":"product_cat-autres-appareils-de-cuisines","8":"product_cat-cuisine-gourmet","9":"product_cat-petit-electromenager","11":"first","12":"instock","13":"taxable","14":"shipping-taxable","15":"purchasable","16":"product-type-simple"},"_links":{"self":[{"href":"https:\/\/bigbuy.tupique.com\/pt\/wp-json\/wp\/v2\/product\/62285","targetHints":{"allow":["GET"]}}],"collection":[{"href":"https:\/\/bigbuy.tupique.com\/pt\/wp-json\/wp\/v2\/product"}],"about":[{"href":"https:\/\/bigbuy.tupique.com\/pt\/wp-json\/wp\/v2\/types\/product"}],"replies":[{"embeddable":true,"href":"https:\/\/bigbuy.tupique.com\/pt\/wp-json\/wp\/v2\/comments?post=62285"}],"wp:featuredmedia":[{"embeddable":true,"href":"https:\/\/bigbuy.tupique.com\/pt\/wp-json\/wp\/v2\/media\/62283"}],"wp:attachment":[{"href":"https:\/\/bigbuy.tupique.com\/pt\/wp-json\/wp\/v2\/media?parent=62285"}],"wp:term":[{"taxonomy":"product_brand","embeddable":true,"href":"https:\/\/bigbuy.tupique.com\/pt\/wp-json\/wp\/v2\/product_brand?post=62285"},{"taxonomy":"product_cat","embeddable":true,"href":"https:\/\/bigbuy.tupique.com\/pt\/wp-json\/wp\/v2\/product_cat?post=62285"},{"taxonomy":"product_tag","embeddable":true,"href":"https:\/\/bigbuy.tupique.com\/pt\/wp-json\/wp\/v2\/product_tag?post=62285"}],"curies":[{"name":"wp","href":"https:\/\/api.w.org\/{rel}","templated":true}]}}