{"id":62130,"date":"2026-04-01T16:52:21","date_gmt":"2026-04-01T15:52:21","guid":{"rendered":"https:\/\/bigbuy.tupique.com\/produto\/induction-hot-plate-balay-3ebc989lh-7400-w\/"},"modified":"2026-04-15T02:57:31","modified_gmt":"2026-04-15T01:57:31","slug":"induction-hot-plate-balay-3ebc989lh-7400-w","status":"publish","type":"product","link":"https:\/\/bigbuy.tupique.com\/pt\/produto\/induction-hot-plate-balay-3ebc989lh-7400-w\/","title":{"rendered":"Plaque \u00e0 Induction Balay 3EBC989LH 7400 W"},"content":{"rendered":"<p>Si vous pensez r\u00e9nover votre cuisine, achetez <b>Plaque \u00e0 Induction Balay 3EBC989LH 7400 W<\/b> et d\u00b4autres <b>produits Balay<\/b> !<\/p>\n<p>La <b>Table \u00e0 induction Balay 3EBC989LH<\/b> est un <b>mod\u00e8le encastrable<\/b> avanc\u00e9 con\u00e7u pour offrir efficacit\u00e9 et contr\u00f4le en cuisine moderne. Avec une <b>largeur de 80 cm<\/b>, elle propose un grand espace pour cuisiner confortablement, int\u00e9gr\u00e9e facilement dans toute surface gr\u00e2ce \u00e0 son format <b>noir et design encastrable<\/b> qui s\u2019adapte \u00e0 tout style d\u2019int\u00e9rieur. Elle dispose de <b>3 zones de cuisson<\/b> permettant l\u2019utilisation simultan\u00e9e de plusieurs r\u00e9cipients, r\u00e9partissant une puissance totale de <b>7400 W<\/b> pour une r\u00e9ponse thermique rapide et une cuisson pr\u00e9cise, r\u00e9duisant la consommation \u00e9nerg\u00e9tique par rapport aux plaques classiques. Sa technologie d\u2019induction chauffe directement le r\u00e9cipient, garantissant s\u00e9curit\u00e9 et rapidit\u00e9, tandis que le <b>syst\u00e8me de verrouillage enfant<\/b> offre une protection id\u00e9ale pour les foyers avec enfants, \u00e9vitant toute manipulation accidentelle. Gr\u00e2ce \u00e0 l\u2019<b>\u00e9cran int\u00e9gr\u00e9<\/b>, l\u2019utilisateur contr\u00f4le clairement et facilement la temp\u00e9rature et les temps de cuisson, rendant l\u2019exp\u00e9rience plus intuitive et pratique. Ce mod\u00e8le Balay allie fonctionnalit\u00e9 et design dans un appareil polyvalent qui optimise l\u2019espace et l\u2019\u00e9nergie en cuisine, facilitant une pr\u00e9paration efficace et s\u00fbre des aliments. En r\u00e9sum\u00e9, cette table \u00e0 induction repr\u00e9sente une solution technique avanc\u00e9e r\u00e9pondant aux besoins actuels de ceux qui recherchent qualit\u00e9 et performance dans les appareils de cuisson encastrables.<\/p>\n<ul>\n<li>Type: Plaque \u00e0 Induction<\/li>\n<li>Produit \u00e0 brancher: Oui<\/li>\n<li>Type de prise: Prise EU<\/li>\n<li>Bloc d\u2019Alimentation: r\u00e9seau \u00e9lectrique<\/li>\n<li>Couleur: Noir<\/li>\n<li>Largeur: 80 cm<\/li>\n<li>Caract\u00e9ristiques:\n<ul>\n<li>Verrouillage pour enfants<\/li>\n<li>\u00c9cran integr\u00e9<\/li>\n<\/ul>\n<\/li>\n<li>Type d&#8217;installation: Int\u00e9grable<\/li>\n<li>Classification \u00e9nerg\u00e9tique: B<\/li>\n<li>puissance: 7400 W<\/li>\n<li>Zones de cuisson: 3<\/li>\n<li>Arr\u00eat Automatique: Oui<\/li>\n<li>Capacit\u00e9 d\u2019extraction: 500 m3\/h<\/li>\n<\/ul>","protected":false},"excerpt":{"rendered":"<p>Si vous pensez r\u00e9nover votre cuisine, achetez Plaque \u00e0 Induction Balay 3EBC989LH 7400 W et d\u00b4autres produits Balay ! La Table \u00e0 induction Balay 3EBC989LH est un mod\u00e8le encastrable avanc\u00e9 con\u00e7u pour offrir efficacit\u00e9 et contr\u00f4le en cuisine moderne. Avec une largeur de 80 cm, elle propose un grand espace pour cuisiner confortablement, int\u00e9gr\u00e9e facilement [&hellip;]<\/p>\n","protected":false},"featured_media":62129,"comment_status":"open","ping_status":"closed","template":"","meta":[],"product_brand":[114],"product_cat":[60,77,78],"product_tag":[55,56],"class_list":{"0":"post-62130","1":"product","2":"type-product","3":"status-publish","4":"has-post-thumbnail","6":"product_brand-brandp_1251","7":"product_cat-cuisine-gourmet","8":"product_cat-petit-electromenager","9":"product_cat-plaques-de-cuisson","10":"product_tag-tag_926","11":"product_tag-tag_930","13":"first","14":"instock","15":"taxable","16":"shipping-taxable","17":"purchasable","18":"product-type-simple"},"_links":{"self":[{"href":"https:\/\/bigbuy.tupique.com\/pt\/wp-json\/wp\/v2\/product\/62130","targetHints":{"allow":["GET"]}}],"collection":[{"href":"https:\/\/bigbuy.tupique.com\/pt\/wp-json\/wp\/v2\/product"}],"about":[{"href":"https:\/\/bigbuy.tupique.com\/pt\/wp-json\/wp\/v2\/types\/product"}],"replies":[{"embeddable":true,"href":"https:\/\/bigbuy.tupique.com\/pt\/wp-json\/wp\/v2\/comments?post=62130"}],"wp:featuredmedia":[{"embeddable":true,"href":"https:\/\/bigbuy.tupique.com\/pt\/wp-json\/wp\/v2\/media\/62129"}],"wp:attachment":[{"href":"https:\/\/bigbuy.tupique.com\/pt\/wp-json\/wp\/v2\/media?parent=62130"}],"wp:term":[{"taxonomy":"product_brand","embeddable":true,"href":"https:\/\/bigbuy.tupique.com\/pt\/wp-json\/wp\/v2\/product_brand?post=62130"},{"taxonomy":"product_cat","embeddable":true,"href":"https:\/\/bigbuy.tupique.com\/pt\/wp-json\/wp\/v2\/product_cat?post=62130"},{"taxonomy":"product_tag","embeddable":true,"href":"https:\/\/bigbuy.tupique.com\/pt\/wp-json\/wp\/v2\/product_tag?post=62130"}],"curies":[{"name":"wp","href":"https:\/\/api.w.org\/{rel}","templated":true}]}}