{"id":62111,"date":"2026-04-01T16:51:58","date_gmt":"2026-04-01T15:51:58","guid":{"rendered":"https:\/\/bigbuy.tupique.com\/produto\/dishwasher-lg-df030fl-steel-60-cm\/"},"modified":"2026-04-15T02:56:42","modified_gmt":"2026-04-15T01:56:42","slug":"dishwasher-lg-df030fl-steel-60-cm","status":"publish","type":"product","link":"https:\/\/bigbuy.tupique.com\/pt\/produto\/dishwasher-lg-df030fl-steel-60-cm\/","title":{"rendered":"Lave-vaisselle LG DF030FL Acier 60 cm"},"content":{"rendered":"<p>Si vous pensez r\u00e9nover votre cuisine, achetez <b>Lave-vaisselle LG DF030FL Acier 60 cm<\/b> et d\u00b4autres <b>produits LG<\/b> !<\/p>\n<ul>\n<li>Produit \u00e0 brancher: Oui<\/li>\n<li>Type de prise: Prise EU<\/li>\n<li>Type: Lave-vaisselle<\/li>\n<li>Bloc d\u2019Alimentation: r\u00e9seau \u00e9lectrique<\/li>\n<li>Couleur:\n<ul>\n<li>Acier<\/li>\n<li>Argent<\/li>\n<\/ul>\n<\/li>\n<li>Largeur: 60 cm<\/li>\n<li>Caract\u00e9ristiques:\n<ul>\n<li>Verrouillage pour enfants<\/li>\n<li>\u00c9cran integr\u00e9<\/li>\n<li>Voyant lumineux<\/li>\n<li>Commande tactile<\/li>\n<\/ul>\n<\/li>\n<li>Capacit\u00e9 (Nb de couverts): 13<\/li>\n<li>Classification \u00e9nerg\u00e9tique: E<\/li>\n<li>Programmes: 8<\/li>\n<li>Niveau sonore: 46 dB<\/li>\n<li>Fr\u00e9quence: 50 Hz<\/li>\n<li>Inclut: 2 Paniers<\/li>\n<li>Tension: 220-240 V<\/li>\n<li>Pieds: Ajustables<\/li>\n<li>Type d&#8217;installation: Ind\u00e9pendant<\/li>\n<\/ul>","protected":false},"excerpt":{"rendered":"<p>Si vous pensez r\u00e9nover votre cuisine, achetez Lave-vaisselle LG DF030FL Acier 60 cm et d\u00b4autres produits LG ! Produit \u00e0 brancher: Oui Type de prise: Prise EU Type: Lave-vaisselle Bloc d\u2019Alimentation: r\u00e9seau \u00e9lectrique Couleur: Acier Argent Largeur: 60 cm Caract\u00e9ristiques: Verrouillage pour enfants \u00c9cran integr\u00e9 Voyant lumineux Commande tactile Capacit\u00e9 (Nb de couverts): 13 Classification [&hellip;]<\/p>\n","protected":false},"featured_media":62104,"comment_status":"open","ping_status":"closed","template":"","meta":[],"product_brand":[662],"product_cat":[393,60,77],"product_tag":[],"class_list":{"0":"post-62111","1":"product","2":"type-product","3":"status-publish","4":"has-post-thumbnail","6":"product_brand-brandp_559","7":"product_cat-autres-appareils-de-cuisines","8":"product_cat-cuisine-gourmet","9":"product_cat-petit-electromenager","11":"first","12":"instock","13":"taxable","14":"shipping-taxable","15":"purchasable","16":"product-type-simple"},"_links":{"self":[{"href":"https:\/\/bigbuy.tupique.com\/pt\/wp-json\/wp\/v2\/product\/62111","targetHints":{"allow":["GET"]}}],"collection":[{"href":"https:\/\/bigbuy.tupique.com\/pt\/wp-json\/wp\/v2\/product"}],"about":[{"href":"https:\/\/bigbuy.tupique.com\/pt\/wp-json\/wp\/v2\/types\/product"}],"replies":[{"embeddable":true,"href":"https:\/\/bigbuy.tupique.com\/pt\/wp-json\/wp\/v2\/comments?post=62111"}],"wp:featuredmedia":[{"embeddable":true,"href":"https:\/\/bigbuy.tupique.com\/pt\/wp-json\/wp\/v2\/media\/62104"}],"wp:attachment":[{"href":"https:\/\/bigbuy.tupique.com\/pt\/wp-json\/wp\/v2\/media?parent=62111"}],"wp:term":[{"taxonomy":"product_brand","embeddable":true,"href":"https:\/\/bigbuy.tupique.com\/pt\/wp-json\/wp\/v2\/product_brand?post=62111"},{"taxonomy":"product_cat","embeddable":true,"href":"https:\/\/bigbuy.tupique.com\/pt\/wp-json\/wp\/v2\/product_cat?post=62111"},{"taxonomy":"product_tag","embeddable":true,"href":"https:\/\/bigbuy.tupique.com\/pt\/wp-json\/wp\/v2\/product_tag?post=62111"}],"curies":[{"name":"wp","href":"https:\/\/api.w.org\/{rel}","templated":true}]}}