{"id":62096,"date":"2026-04-01T16:51:40","date_gmt":"2026-04-01T15:51:40","guid":{"rendered":"https:\/\/bigbuy.tupique.com\/produto\/smart-tv-toshiba-65qv3463dg-4k-ultra-hd-65-hdr-qled\/"},"modified":"2026-04-15T02:56:12","modified_gmt":"2026-04-15T01:56:12","slug":"smart-tv-toshiba-65qv3463dg-4k-ultra-hd-65-hdr-qled","status":"publish","type":"product","link":"https:\/\/bigbuy.tupique.com\/pt\/produto\/smart-tv-toshiba-65qv3463dg-4k-ultra-hd-65-hdr-qled\/","title":{"rendered":"TV intelligente Toshiba 65QV3463DG 4K Ultra HD 65&#8243; HDR QLED"},"content":{"rendered":"<p>Si vous \u00eates passionn\u00e9 d&#8217;<b>informatique et d&#8217;\u00e9lectronique<\/b>, si vous \u00eates \u00e0 la pointe de la technologie et qu&#8217;aucun d\u00e9tail ne vous \u00e9chappe, achetez <b>TV intelligente Toshiba 65QV3463DG 4K Ultra HD 65&#8243; HDR QLED<\/b> au meilleur prix.<\/p>\n<p>Le <b>Toshiba 65QV3463DG<\/b> est un <b>Smart TV de 65 pouces<\/b> qui offre une exp\u00e9rience visuelle de haute qualit\u00e9 gr\u00e2ce \u00e0 sa <b>r\u00e9solution 4K Ultra HD (3840 x 2160 pixels)<\/b>, garantissant des images nettes et d\u00e9taill\u00e9es. \u00c9quip\u00e9 d\u2019une dalle <b>QLED<\/b> et d\u2019un r\u00e9tro\u00e9clairage <b>Direct LED<\/b>, ce t\u00e9l\u00e9viseur propose des couleurs vives et un contraste \u00e9lev\u00e9 pour am\u00e9liorer la restitution des contenus multim\u00e9dias. Son format d\u2019\u00e9cran <b>plat 16:9<\/b> est id\u00e9al pour la plupart des contenus audiovisuels, offrant une immersion optimale sur une grande surface qui s\u2019int\u00e8gre parfaitement dans un salon ou une pi\u00e8ce \u00e0 vivre. C\u00f4t\u00e9 son, il dispose d\u2019une puissance estim\u00e9e \u00e0 <b>20 W RMS<\/b>, assurant une qualit\u00e9 sonore suffisante pour un usage domestique courant. Ce mod\u00e8le se distingue \u00e9galement par sa connectivit\u00e9 avanc\u00e9e, int\u00e9grant <b>Bluetooth<\/b> et <b>Wi-Fi<\/b>, facilitant la connexion \u00e0 des appareils externes ainsi que l\u2019acc\u00e8s \u00e0 de nombreux services de streaming et applications gr\u00e2ce \u00e0 son syst\u00e8me d\u2019exploitation VIDAA, transformant la t\u00e9l\u00e9vision en un centre multim\u00e9dia intelligent. De plus, il supporte plusieurs formats de signal num\u00e9rique, notamment <b>DVB-T2<\/b>, <b>DVB-C<\/b> et <b>DVB-S2<\/b>, offrant une grande polyvalence pour la r\u00e9ception des signaux terrestres, c\u00e2ble ou satellite. Avec une classification \u00e9nerg\u00e9tique <b>E<\/b>, il repr\u00e9sente un choix \u00e9quilibr\u00e9 en consommation pour sa taille et ses performances. Son design en couleur <b>noir<\/b> apporte une finition \u00e9l\u00e9gante et discr\u00e8te, adapt\u00e9e \u00e0 tout type de d\u00e9coration. En r\u00e9sum\u00e9, le Toshiba 65QV3463DG combine technologie avanc\u00e9e et fonctionnalit\u00e9s intelligentes pour les utilisateurs recherchant qualit\u00e9 d\u2019image, connectivit\u00e9 et simplicit\u00e9 d\u2019utilisation avec un syst\u00e8me d\u2019exploitation intuitif.<\/p>\n<ul>\n<li>Diagonale de l&#8217;\u00e9cran (cm): 165,1 cm<\/li>\n<li>Type: T\u00e9l\u00e9vision<\/li>\n<li>Produit \u00e0 brancher: Oui<\/li>\n<li>Ecran: 65&#8243;<\/li>\n<li>Type de prise: Prise EU<\/li>\n<li>Classification \u00e9nerg\u00e9tique: E<\/li>\n<li>Connectivit\u00e9:\n<ul>\n<li>Wi-Fi<\/li>\n<li>Bluetooth<\/li>\n<\/ul>\n<\/li>\n<li>Bloc d\u2019Alimentation: r\u00e9seau \u00e9lectrique<\/li>\n<li>Couleur: Noir<\/li>\n<li>HbbTV: Oui<\/li>\n<li>TV intelligente: Oui<\/li>\n<li>Technologie:\n<ul>\n<li>HDR<\/li>\n<li>QLED<\/li>\n<\/ul>\n<\/li>\n<li>R\u00e9cepteur: Analogique et num\u00e9rique<\/li>\n<li>R\u00e9solution: 4K Ultra HD<\/li>\n<li>Connexions:\n<ul>\n<li>RJ45<\/li>\n<li>Ethernet LAN<\/li>\n<li>USB 2.0 x 2<\/li>\n<li>HDMI x 3<\/li>\n<\/ul>\n<\/li>\n<li>Caract\u00e9ristiques: 2 Haut-parleurs<\/li>\n<li>R\u00e9solution (px): 3840 x 2160 px<\/li>\n<li>Rapport d&#8217;aspect: 16:9<\/li>\n<li>Fr\u00e9quence: 60 Hz<\/li>\n<\/ul>","protected":false},"excerpt":{"rendered":"<p>Si vous \u00eates passionn\u00e9 d&#8217;informatique et d&#8217;\u00e9lectronique, si vous \u00eates \u00e0 la pointe de la technologie et qu&#8217;aucun d\u00e9tail ne vous \u00e9chappe, achetez TV intelligente Toshiba 65QV3463DG 4K Ultra HD 65&#8243; HDR QLED au meilleur prix. Le Toshiba 65QV3463DG est un Smart TV de 65 pouces qui offre une exp\u00e9rience visuelle de haute qualit\u00e9 gr\u00e2ce [&hellip;]<\/p>\n","protected":false},"featured_media":62094,"comment_status":"open","ping_status":"closed","template":"","meta":[],"product_brand":[1073],"product_cat":[589,65,957],"product_tag":[104],"class_list":{"0":"post-62096","1":"product","2":"type-product","3":"status-publish","4":"has-post-thumbnail","6":"product_brand-brandp_584","7":"product_cat-electronique-television","8":"product_cat-informatique-electronique","9":"product_cat-televisions-et-smart-tv","10":"product_tag-tag_1279","12":"first","13":"instock","14":"taxable","15":"shipping-taxable","16":"purchasable","17":"product-type-simple"},"_links":{"self":[{"href":"https:\/\/bigbuy.tupique.com\/pt\/wp-json\/wp\/v2\/product\/62096","targetHints":{"allow":["GET"]}}],"collection":[{"href":"https:\/\/bigbuy.tupique.com\/pt\/wp-json\/wp\/v2\/product"}],"about":[{"href":"https:\/\/bigbuy.tupique.com\/pt\/wp-json\/wp\/v2\/types\/product"}],"replies":[{"embeddable":true,"href":"https:\/\/bigbuy.tupique.com\/pt\/wp-json\/wp\/v2\/comments?post=62096"}],"wp:featuredmedia":[{"embeddable":true,"href":"https:\/\/bigbuy.tupique.com\/pt\/wp-json\/wp\/v2\/media\/62094"}],"wp:attachment":[{"href":"https:\/\/bigbuy.tupique.com\/pt\/wp-json\/wp\/v2\/media?parent=62096"}],"wp:term":[{"taxonomy":"product_brand","embeddable":true,"href":"https:\/\/bigbuy.tupique.com\/pt\/wp-json\/wp\/v2\/product_brand?post=62096"},{"taxonomy":"product_cat","embeddable":true,"href":"https:\/\/bigbuy.tupique.com\/pt\/wp-json\/wp\/v2\/product_cat?post=62096"},{"taxonomy":"product_tag","embeddable":true,"href":"https:\/\/bigbuy.tupique.com\/pt\/wp-json\/wp\/v2\/product_tag?post=62096"}],"curies":[{"name":"wp","href":"https:\/\/api.w.org\/{rel}","templated":true}]}}