{"id":62090,"date":"2026-04-01T16:51:33","date_gmt":"2026-04-01T15:51:33","guid":{"rendered":"https:\/\/bigbuy.tupique.com\/produto\/digital-camera-insta360-cinrsgp-a\/"},"modified":"2026-04-15T02:56:03","modified_gmt":"2026-04-15T01:56:03","slug":"digital-camera-insta360-cinrsgp-a","status":"publish","type":"product","link":"https:\/\/bigbuy.tupique.com\/pt\/produto\/digital-camera-insta360-cinrsgp-a\/","title":{"rendered":"Appareil Photo Num\u00e9rique Insta360 CINRSGP\/A"},"content":{"rendered":"<p>Si vous \u00eates passionn\u00e9 d&#8217;<b>informatique et d&#8217;\u00e9lectronique<\/b>, si vous \u00eates \u00e0 la pointe de la technologie et qu&#8217;aucun d\u00e9tail ne vous \u00e9chappe, achetez <b>Appareil Photo Num\u00e9rique Insta360 CINRSGP\/A<\/b> au meilleur prix.<\/p>\n<p>La cam\u00e9ra num\u00e9rique Insta360 est con\u00e7ue pour capturer des moments de mani\u00e8re exceptionnelle, offrant un \u00e9quilibre parfait entre qualit\u00e9 et fonctionnalit\u00e9. Disponible en noir et rouge, cette cam\u00e9ra est une option polyvalente pour les passionn\u00e9s de photographie et de vid\u00e9o. Sa r\u00e9solution d&#8217;image maximale de 8000 x 6000 pixels garantit des d\u00e9tails nets, tandis que sa capacit\u00e9 d&#8217;enregistrement vid\u00e9o en 4K Ultra HD (6016 x 2560 pixels) fournit une exp\u00e9rience audiovisuelle immersive et de haute qualit\u00e9. Cette cam\u00e9ra inclut un zoom num\u00e9rique de 2,7, permettant de rapprocher les d\u00e9tails sans compromettre la qualit\u00e9 de l&#8217;image. De plus, sa compatibilit\u00e9 avec plusieurs formats d&#8217;image, y compris JPG et RAW, offre une flexibilit\u00e9 pour r\u00e9pondre \u00e0 diverses pr\u00e9f\u00e9rences d&#8217;\u00e9dition.<\/p>\n<p>Avec une connectivit\u00e9 avanc\u00e9e, l&#8217;Insta360 propose Bluetooth, Wi-Fi et NFC, facilitant le transfert de fichiers et la connexion avec des appareils mobiles. Avec le Bluetooth 5.0, elle permet une connexion plus rapide et stable. Avec son design portable et \u00e9l\u00e9gant, cette cam\u00e9ra est id\u00e9ale tant pour les photographes professionnels que pour les amateurs cherchant \u00e0 capturer leur monde avec une qualit\u00e9 sup\u00e9rieure.<\/p>\n<p>&#8211; R\u00e9solution maximale d&#8217;image : 8000 x 6000 pixels<\/p>\n<p>&#8211; R\u00e9solution maximale vid\u00e9o : 6016 x 2560 pixels<\/p>\n<p>&#8211; Formats d&#8217;image pris en charge : JPG, RAW<\/p>\n<p>&#8211; Zoom num\u00e9rique de 2,7<\/p>\n<p>&#8211; Connectivit\u00e9 : Bluetooth, Wi-Fi, NFC et Bluetooth 5.0<\/p>\n<p>&#8211; Couleurs disponibles : Noir et Rouge<\/p>\n<p>&#8211; Qualit\u00e9 vid\u00e9o : 4K Ultra HD<\/p>\n<p>&#8211; Design compact et l\u00e9ger pour une portabilit\u00e9 facile<\/p>\n<ul>\n<li>Produit \u00e0 brancher: Oui<\/li>\n<li>Type de prise: Prise EU<\/li>\n<li>Couleur:\n<ul>\n<li>Rouge<\/li>\n<li>Noir<\/li>\n<li>Negro, rojo<\/li>\n<\/ul>\n<\/li>\n<li>Bloc d\u2019Alimentation:\n<ul>\n<li>r\u00e9seau \u00e9lectrique<\/li>\n<li>Batterie<\/li>\n<\/ul>\n<\/li>\n<li>Caract\u00e9ristiques:\n<ul>\n<li>\u00c9cran integr\u00e9<\/li>\n<li>R\u00e9sistant \u00e0 l&#8217;eau<\/li>\n<li>Gyroscope<\/li>\n<li>Microphone int\u00e9gr\u00e9<\/li>\n<li>R\u00e9sistant aux intemp\u00e9ries<\/li>\n<li>Mode nuit<\/li>\n<\/ul>\n<\/li>\n<li>Connexions: USB-C<\/li>\n<li>Connectivit\u00e9:\n<ul>\n<li>Bluetooth<\/li>\n<li>Wi-Fi<\/li>\n<li>NFC<\/li>\n<li>Bluetooth 5.0<\/li>\n<li>Bluetooth Low Energy<\/li>\n<li>Wi-Fi 5 GHz<\/li>\n<\/ul>\n<\/li>\n<li>R\u00e9solution: 4K Ultra HD<\/li>\n<li>Cartes M\u00e9moire Compatibles: MicroSD (TransFlash)<\/li>\n<li>Batterie: Oui<\/li>\n<li>Type: St\u00e9r\u00e9o<\/li>\n<li>Inclut:\n<ul>\n<li>Kit de Montage<\/li>\n<li>Batterie au lithium rechargeable<\/li>\n<li>Manuel de l&#8217;utilisateur<\/li>\n<\/ul>\n<\/li>\n<li>Ecran: 1&#8243;<\/li>\n<li>Type de batterie: Batterie au lithium rechargeable<\/li>\n<\/ul>","protected":false},"excerpt":{"rendered":"<p>Si vous \u00eates passionn\u00e9 d&#8217;informatique et d&#8217;\u00e9lectronique, si vous \u00eates \u00e0 la pointe de la technologie et qu&#8217;aucun d\u00e9tail ne vous \u00e9chappe, achetez Appareil Photo Num\u00e9rique Insta360 CINRSGP\/A au meilleur prix. La cam\u00e9ra num\u00e9rique Insta360 est con\u00e7ue pour capturer des moments de mani\u00e8re exceptionnelle, offrant un \u00e9quilibre parfait entre qualit\u00e9 et fonctionnalit\u00e9. Disponible en noir [&hellip;]<\/p>\n","protected":false},"featured_media":62089,"comment_status":"open","ping_status":"closed","template":"","meta":[],"product_brand":[1307],"product_cat":[1064,600,65],"product_tag":[571],"class_list":{"0":"post-62090","1":"product","2":"type-product","3":"status-publish","4":"has-post-thumbnail","6":"product_brand-brandp_2530","7":"product_cat-appareils-photo-compacts","8":"product_cat-electronique-photo-et-video","9":"product_cat-informatique-electronique","10":"product_tag-tag_27","12":"first","13":"instock","14":"taxable","15":"shipping-taxable","16":"purchasable","17":"product-type-simple"},"_links":{"self":[{"href":"https:\/\/bigbuy.tupique.com\/pt\/wp-json\/wp\/v2\/product\/62090","targetHints":{"allow":["GET"]}}],"collection":[{"href":"https:\/\/bigbuy.tupique.com\/pt\/wp-json\/wp\/v2\/product"}],"about":[{"href":"https:\/\/bigbuy.tupique.com\/pt\/wp-json\/wp\/v2\/types\/product"}],"replies":[{"embeddable":true,"href":"https:\/\/bigbuy.tupique.com\/pt\/wp-json\/wp\/v2\/comments?post=62090"}],"wp:featuredmedia":[{"embeddable":true,"href":"https:\/\/bigbuy.tupique.com\/pt\/wp-json\/wp\/v2\/media\/62089"}],"wp:attachment":[{"href":"https:\/\/bigbuy.tupique.com\/pt\/wp-json\/wp\/v2\/media?parent=62090"}],"wp:term":[{"taxonomy":"product_brand","embeddable":true,"href":"https:\/\/bigbuy.tupique.com\/pt\/wp-json\/wp\/v2\/product_brand?post=62090"},{"taxonomy":"product_cat","embeddable":true,"href":"https:\/\/bigbuy.tupique.com\/pt\/wp-json\/wp\/v2\/product_cat?post=62090"},{"taxonomy":"product_tag","embeddable":true,"href":"https:\/\/bigbuy.tupique.com\/pt\/wp-json\/wp\/v2\/product_tag?post=62090"}],"curies":[{"name":"wp","href":"https:\/\/api.w.org\/{rel}","templated":true}]}}