{"id":62086,"date":"2026-04-01T16:51:30","date_gmt":"2026-04-01T15:51:30","guid":{"rendered":"https:\/\/bigbuy.tupique.com\/produto\/condensation-dryer-electrolux-edi618a5bo\/"},"modified":"2026-04-15T02:56:02","modified_gmt":"2026-04-15T01:56:02","slug":"condensation-dryer-electrolux-edi618a5bo","status":"publish","type":"product","link":"https:\/\/bigbuy.tupique.com\/pt\/produto\/condensation-dryer-electrolux-edi618a5bo\/","title":{"rendered":"S\u00e9choir \u00e0 condensation Electrolux EDI618A5BO"},"content":{"rendered":"<p>Si vous pensez r\u00e9nover votre cuisine, achetez <b>S\u00e9choir \u00e0 condensation Electrolux EDI618A5BO<\/b> et d\u00b4autres <b>produits Electrolux<\/b> !<\/p>\n<p>Le <b>s\u00e8che-linge \u00e0 condensation Electrolux EDI618A5BO<\/b> est un appareil con\u00e7u pour optimiser l\u2019entretien et le s\u00e9chage du linge \u00e0 domicile, alliant efficacit\u00e9 et confort. Il dispose d\u2019un <b>syst\u00e8me de s\u00e9chage par pompe \u00e0 chaleur<\/b>, qui r\u00e9duit la consommation d\u2019\u00e9nergie et prot\u00e8ge les v\u00eatements en travaillant \u00e0 des temp\u00e9ratures plus basses que les syst\u00e8mes traditionnels, minimisant ainsi l\u2019usure et le r\u00e9tr\u00e9cissement des tissus. Sa <b>capacit\u00e9 de charge de 8 kg<\/b> permet de traiter des charges moyennes \u00e0 grandes, adapt\u00e9es aux besoins des familles de taille moyenne. La finition en <b>blanc<\/b> lui conf\u00e8re un aspect propre et neutre, s\u2019int\u00e9grant \u00e0 tout style de cuisine ou buanderie. Ce mod\u00e8le int\u00e8gre un <b>\u00e9cran int\u00e9gr\u00e9<\/b> facilitant la s\u00e9lection et le suivi des diff\u00e9rents programmes, dont le cycle de <b>soin d\u00e9licat<\/b>, sp\u00e9cialement con\u00e7u pour les textiles sensibles. De plus, il offre un niveau sonore mod\u00e9r\u00e9 de <b>67 dB<\/b>, garantissant une utilisation confortable sans bruit excessif. En termes d\u2019efficacit\u00e9, ce s\u00e8che-linge b\u00e9n\u00e9ficie d\u2019une classification \u00e9nerg\u00e9tique en cat\u00e9gorie <b>B<\/b>, offrant un bon \u00e9quilibre entre consommation et performance pour cette technologie, avec des r\u00e9f\u00e9rences allant de B \u00e0 A+++, typiques de cette gamme. Electrolux, marque reconnue dans le secteur, assure avec ce mod\u00e8le fiabilit\u00e9 et qualit\u00e9 gr\u00e2ce \u00e0 des technologies avanc\u00e9es et des mat\u00e9riaux durables, garantissant un produit robuste et p\u00e9renne. En r\u00e9sum\u00e9, le s\u00e8che-linge EDI618A5BO repr\u00e9sente une solution pratique et efficace pour un s\u00e9chage soign\u00e9, \u00e9conomique et simple, sans renoncer \u00e0 la technologie moderne et au confort \u00e0 la maison.<\/p>\n<ul>\n<li>Produit \u00e0 brancher: Oui<\/li>\n<li>Type de prise: Prise EU<\/li>\n<li>Type:\n<ul>\n<li>S\u00e9choir \u00e0 condensation<\/li>\n<li>Pompe \u00e0 chaleur<\/li>\n<\/ul>\n<\/li>\n<li>Bloc d\u2019Alimentation: r\u00e9seau \u00e9lectrique<\/li>\n<li>Couleur: Blanc<\/li>\n<li>Classification \u00e9nerg\u00e9tique:\n<ul>\n<li>B<\/li>\n<li>C<\/li>\n<li>A+++<\/li>\n<\/ul>\n<\/li>\n<li>Niveau sonore: 67 dB<\/li>\n<li>Capacit\u00e9: 8 kg<\/li>\n<li>Type de charge: Sup\u00e9rieur<\/li>\n<\/ul>","protected":false},"excerpt":{"rendered":"<p><span class=\"unit-info\">98.7488 &euro; \/ 1 kg<\/span><\/p>","protected":false},"featured_media":62084,"comment_status":"open","ping_status":"closed","template":"","meta":[],"product_brand":[1249],"product_cat":[239,240,751],"product_tag":[56],"class_list":{"0":"post-62086","1":"product","2":"type-product","3":"status-publish","4":"has-post-thumbnail","6":"product_brand-brandp_907","7":"product_cat-maison-jardin","8":"product_cat-nettoyage-aspirateur-et-repassage","9":"product_cat-seche-linge-fers-a-repasser-sechoirs","10":"product_tag-tag_930","12":"first","13":"instock","14":"taxable","15":"shipping-taxable","16":"purchasable","17":"product-type-simple"},"_links":{"self":[{"href":"https:\/\/bigbuy.tupique.com\/pt\/wp-json\/wp\/v2\/product\/62086","targetHints":{"allow":["GET"]}}],"collection":[{"href":"https:\/\/bigbuy.tupique.com\/pt\/wp-json\/wp\/v2\/product"}],"about":[{"href":"https:\/\/bigbuy.tupique.com\/pt\/wp-json\/wp\/v2\/types\/product"}],"replies":[{"embeddable":true,"href":"https:\/\/bigbuy.tupique.com\/pt\/wp-json\/wp\/v2\/comments?post=62086"}],"wp:featuredmedia":[{"embeddable":true,"href":"https:\/\/bigbuy.tupique.com\/pt\/wp-json\/wp\/v2\/media\/62084"}],"wp:attachment":[{"href":"https:\/\/bigbuy.tupique.com\/pt\/wp-json\/wp\/v2\/media?parent=62086"}],"wp:term":[{"taxonomy":"product_brand","embeddable":true,"href":"https:\/\/bigbuy.tupique.com\/pt\/wp-json\/wp\/v2\/product_brand?post=62086"},{"taxonomy":"product_cat","embeddable":true,"href":"https:\/\/bigbuy.tupique.com\/pt\/wp-json\/wp\/v2\/product_cat?post=62086"},{"taxonomy":"product_tag","embeddable":true,"href":"https:\/\/bigbuy.tupique.com\/pt\/wp-json\/wp\/v2\/product_tag?post=62086"}],"curies":[{"name":"wp","href":"https:\/\/api.w.org\/{rel}","templated":true}]}}