{"id":62075,"date":"2026-04-01T16:51:15","date_gmt":"2026-04-01T15:51:15","guid":{"rendered":"https:\/\/bigbuy.tupique.com\/produto\/dishwasher-teka-dfi46710-60-cm-white-integrable\/"},"modified":"2026-04-15T02:20:42","modified_gmt":"2026-04-15T01:20:42","slug":"dishwasher-teka-dfi46710-60-cm-white-integrable","status":"publish","type":"product","link":"https:\/\/bigbuy.tupique.com\/pt\/produto\/dishwasher-teka-dfi46710-60-cm-white-integrable\/","title":{"rendered":"Lave-vaisselle Teka DFI46710 60 cm Blanc Int\u00e9grable"},"content":{"rendered":"<p>Si vous pensez r\u00e9nover votre cuisine, achetez <b>Lave-vaisselle Teka DFI46710 60 cm Blanc Int\u00e9grable<\/b> et d\u00b4autres <b>produits Teka<\/b> !<\/p>\n<p>Le <b>lave-vaisselle DFI46710<\/b> de <b>Teka<\/b> est un appareil encastrable qui allie fonctionnalit\u00e9 et efficacit\u00e9 pour un usage domestique. Avec une <b>largeur r\u00e9elle de 60 cm<\/b>, il est con\u00e7u pour s\u2019adapter aux cuisines standards, offrant une capacit\u00e9 de lavage jusqu\u2019\u00e0 <b>12 couverts<\/b>, id\u00e9al pour les familles moyennes ou les utilisateurs n\u00e9cessitant un cycle complet sans multiples charges. Il pr\u00e9sente une <b>classe d\u2019efficacit\u00e9 \u00e9nerg\u00e9tique E<\/b>, ce qui implique une consommation ma\u00eetris\u00e9e mais mod\u00e9r\u00e9e dans sa cat\u00e9gorie. Son syst\u00e8me est \u00e9conome en eau, avec une <b>consommation de 11 litres par cycle<\/b>, garantissant un bon \u00e9quilibre entre propret\u00e9 et usage responsable des ressources. De plus, il dispose de la fonction <b>demi-charge<\/b> qui permet de laver des charges moins volumineuses sans gaspiller, facilitant un usage flexible adapt\u00e9 aux besoins quotidiens. Parmi ses programmes de lavage figurent des cycles adapt\u00e9s \u00e0 diverses exigences, comme le rapide de 60 minutes, l\u2019\u00e9co pour \u00e9conomiser l\u2019\u00e9nergie, l\u2019intensif pour les salissures tenaces et le rapide, offrant une grande polyvalence pour la vaisselle. Ce mod\u00e8le est \u00e9quip\u00e9 d\u2019un <b>\u00e9cran int\u00e9gr\u00e9<\/b> qui facilite le contr\u00f4le et la configuration des cycles, rendant l\u2019utilisation plus intuitive. Son design est disponible en <b>blanc et noir<\/b>, permettant une int\u00e9gration esth\u00e9tique selon l\u2019environnement de la cuisine. Le lave-vaisselle dispose \u00e9galement d\u2019un minuteur de <b>d\u00e9part diff\u00e9r\u00e9 jusqu\u2019\u00e0 12 heures<\/b>, une fonction pratique qui permet de programmer le lavage au moment le plus adapt\u00e9 \u00e0 l\u2019utilisateur et \u00e0 la tarification \u00e9lectrique. Bien qu\u2019il ne comporte pas de troisi\u00e8me panier pour les couverts, son design pratique et efficace couvre les besoins essentiels sans complication. En r\u00e9sum\u00e9, le lave-vaisselle <b>Teka DFI46710<\/b> offre un bon compromis entre capacit\u00e9, programmes et efficacit\u00e9 dans un format encastrable qui s\u2019adapte \u00e0 la plupart des cuisines familiales, constituant une option fonctionnelle dans le segment des appareils \u00e9lectrom\u00e9nagers responsables.<\/p>\n<ul>\n<li>Type d&#8217;installation: Int\u00e9grable<\/li>\n<li>Produit \u00e0 brancher: Oui<\/li>\n<li>Type: Lave-vaisselle<\/li>\n<li>Type de prise: Prise EU<\/li>\n<li>Bloc d\u2019Alimentation: r\u00e9seau \u00e9lectrique<\/li>\n<li>Couleur:\n<ul>\n<li>Noir<\/li>\n<li>Blanc<\/li>\n<\/ul>\n<\/li>\n<li>Largeur: 60 cm<\/li>\n<li>Caract\u00e9ristiques:\n<ul>\n<li>\u00c9cran integr\u00e9<\/li>\n<li>Commande tactile<\/li>\n<\/ul>\n<\/li>\n<li>Capacit\u00e9 (Nb de couverts): 12<\/li>\n<li>Classification \u00e9nerg\u00e9tique: E<\/li>\n<li>Programmes: 5<\/li>\n<li>Niveau sonore: 47 dB<\/li>\n<li>Capacit\u00e9: 11 L<\/li>\n<li>Technologie: LCD<\/li>\n<\/ul>","protected":false},"excerpt":{"rendered":"<p><span class=\"unit-info\">46.7264 &euro; \/ 1 l<\/span><\/p>","protected":false},"featured_media":62072,"comment_status":"open","ping_status":"closed","template":"","meta":[],"product_brand":[667],"product_cat":[393,60,77],"product_tag":[],"class_list":{"0":"post-62075","1":"product","2":"type-product","3":"status-publish","4":"has-post-thumbnail","6":"product_brand-brandp_1172","7":"product_cat-autres-appareils-de-cuisines","8":"product_cat-cuisine-gourmet","9":"product_cat-petit-electromenager","11":"first","12":"instock","13":"taxable","14":"shipping-taxable","15":"purchasable","16":"product-type-simple"},"_links":{"self":[{"href":"https:\/\/bigbuy.tupique.com\/pt\/wp-json\/wp\/v2\/product\/62075","targetHints":{"allow":["GET"]}}],"collection":[{"href":"https:\/\/bigbuy.tupique.com\/pt\/wp-json\/wp\/v2\/product"}],"about":[{"href":"https:\/\/bigbuy.tupique.com\/pt\/wp-json\/wp\/v2\/types\/product"}],"replies":[{"embeddable":true,"href":"https:\/\/bigbuy.tupique.com\/pt\/wp-json\/wp\/v2\/comments?post=62075"}],"wp:featuredmedia":[{"embeddable":true,"href":"https:\/\/bigbuy.tupique.com\/pt\/wp-json\/wp\/v2\/media\/62072"}],"wp:attachment":[{"href":"https:\/\/bigbuy.tupique.com\/pt\/wp-json\/wp\/v2\/media?parent=62075"}],"wp:term":[{"taxonomy":"product_brand","embeddable":true,"href":"https:\/\/bigbuy.tupique.com\/pt\/wp-json\/wp\/v2\/product_brand?post=62075"},{"taxonomy":"product_cat","embeddable":true,"href":"https:\/\/bigbuy.tupique.com\/pt\/wp-json\/wp\/v2\/product_cat?post=62075"},{"taxonomy":"product_tag","embeddable":true,"href":"https:\/\/bigbuy.tupique.com\/pt\/wp-json\/wp\/v2\/product_tag?post=62075"}],"curies":[{"name":"wp","href":"https:\/\/api.w.org\/{rel}","templated":true}]}}