{"id":61969,"date":"2026-04-01T16:37:41","date_gmt":"2026-04-01T15:37:41","guid":{"rendered":"https:\/\/bigbuy.tupique.com\/produto\/pyrolytic-oven-aeg-or6pb51wsb-72-l\/"},"modified":"2026-04-15T07:37:57","modified_gmt":"2026-04-15T06:37:57","slug":"pyrolytic-oven-aeg-or6pb51wsb-72-l","status":"publish","type":"product","link":"https:\/\/bigbuy.tupique.com\/pt\/produto\/pyrolytic-oven-aeg-or6pb51wsb-72-l\/","title":{"rendered":"Four \u00e0 pyrolyse AEG OR6PB51WSB 72 L"},"content":{"rendered":"<p>Si vous pensez r\u00e9nover votre cuisine, achetez <b>Four \u00e0 pyrolyse AEG OR6PB51WSB 72 L<\/b> et d\u00b4autres <b>produits AEG<\/b> !<\/p>\n<ul>\n<li>Produit \u00e0 brancher: Oui<\/li>\n<li>Type de prise: Prise EU<\/li>\n<li>Type de four: Four \u00e0 pyrolyse<\/li>\n<li>Caract\u00e9ristiques: Lumi\u00e8re int\u00e9rieure<\/li>\n<li>Fonctions: Cuisiner \u00e0 la vapeur<\/li>\n<li>Classification \u00e9nerg\u00e9tique: A++<\/li>\n<li>Couleur: Noir<\/li>\n<li>Type d&#8217;installation: Int\u00e9grable<\/li>\n<li>Bloc d\u2019Alimentation: r\u00e9seau \u00e9lectrique<\/li>\n<li>Temp\u00e9rature max.: 250\u00baC<\/li>\n<li>Capacit\u00e9: 72 L<\/li>\n<li>\u00c9lev\u00e9: 59,5 cm<\/li>\n<li>Connectivit\u00e9: No<\/li>\n<\/ul>","protected":false},"excerpt":{"rendered":"<p><span class=\"unit-info\">10.3054 &euro; \/ 1 l<\/span><\/p>","protected":false},"featured_media":61960,"comment_status":"open","ping_status":"closed","template":"","meta":[],"product_brand":[1386],"product_cat":[60,747,77],"product_tag":[55],"class_list":{"0":"post-61969","1":"product","2":"type-product","3":"status-publish","4":"has-post-thumbnail","6":"product_brand-brandp_679","7":"product_cat-cuisine-gourmet","8":"product_cat-fours","9":"product_cat-petit-electromenager","10":"product_tag-tag_926","12":"first","13":"instock","14":"taxable","15":"shipping-taxable","16":"purchasable","17":"product-type-simple"},"_links":{"self":[{"href":"https:\/\/bigbuy.tupique.com\/pt\/wp-json\/wp\/v2\/product\/61969","targetHints":{"allow":["GET"]}}],"collection":[{"href":"https:\/\/bigbuy.tupique.com\/pt\/wp-json\/wp\/v2\/product"}],"about":[{"href":"https:\/\/bigbuy.tupique.com\/pt\/wp-json\/wp\/v2\/types\/product"}],"replies":[{"embeddable":true,"href":"https:\/\/bigbuy.tupique.com\/pt\/wp-json\/wp\/v2\/comments?post=61969"}],"wp:featuredmedia":[{"embeddable":true,"href":"https:\/\/bigbuy.tupique.com\/pt\/wp-json\/wp\/v2\/media\/61960"}],"wp:attachment":[{"href":"https:\/\/bigbuy.tupique.com\/pt\/wp-json\/wp\/v2\/media?parent=61969"}],"wp:term":[{"taxonomy":"product_brand","embeddable":true,"href":"https:\/\/bigbuy.tupique.com\/pt\/wp-json\/wp\/v2\/product_brand?post=61969"},{"taxonomy":"product_cat","embeddable":true,"href":"https:\/\/bigbuy.tupique.com\/pt\/wp-json\/wp\/v2\/product_cat?post=61969"},{"taxonomy":"product_tag","embeddable":true,"href":"https:\/\/bigbuy.tupique.com\/pt\/wp-json\/wp\/v2\/product_tag?post=61969"}],"curies":[{"name":"wp","href":"https:\/\/api.w.org\/{rel}","templated":true}]}}