{"id":61874,"date":"2026-04-01T16:35:29","date_gmt":"2026-04-01T15:35:29","guid":{"rendered":"https:\/\/bigbuy.tupique.com\/produto\/washing-machine-samsung-ww11db7b94geu3-60-cm-1400-rpm-11-kg\/"},"modified":"2026-04-15T05:48:34","modified_gmt":"2026-04-15T04:48:34","slug":"washing-machine-samsung-ww11db7b94geu3-60-cm-1400-rpm-11-kg","status":"publish","type":"product","link":"https:\/\/bigbuy.tupique.com\/pt\/produto\/washing-machine-samsung-ww11db7b94geu3-60-cm-1400-rpm-11-kg\/","title":{"rendered":"Machine \u00e0 laver Samsung WW11DB7B94GEU3 60 cm 1400 rpm 11 Kg"},"content":{"rendered":"<p>Si vous recherchez des \u00e9lectrom\u00e9nagers pour votre maison aux meilleurs prix, ne manquez pas <b>Machine \u00e0 laver Samsung WW11DB7B94GEU3 60 cm 1400 rpm 11 Kg<\/b> et une large s\u00e9lection de petits \u00e9lectrom\u00e9nagers de qualit\u00e9 !<\/p>\n<ul>\n<li>Produit \u00e0 brancher: Oui<\/li>\n<li>Langue: Espagnol<\/li>\n<li>Type de prise: Prise EU<\/li>\n<li>Type d&#8217;installation:\n<ul>\n<li>Sous le plan de travail<\/li>\n<li>Ind\u00e9pendant<\/li>\n<\/ul>\n<\/li>\n<li>Bloc d\u2019Alimentation: r\u00e9seau \u00e9lectrique<\/li>\n<li>Couleur:\n<ul>\n<li>Blanc<\/li>\n<li>Noir<\/li>\n<\/ul>\n<\/li>\n<li>Type de charge: Frontal<\/li>\n<li>vitesse: 1400 rpm<\/li>\n<li>Classification \u00e9nerg\u00e9tique: A<\/li>\n<li>Connectivit\u00e9: Wi-Fi<\/li>\n<li>Caract\u00e9ristiques:\n<ul>\n<li>Verrouillage pour enfants<\/li>\n<li>\u00c9cran integr\u00e9<\/li>\n<\/ul>\n<\/li>\n<li>Largeur: 60 cm<\/li>\n<li>Niveau sonore: 72 dB<\/li>\n<li>Capacit\u00e9:\n<ul>\n<li>11 Kg<\/li>\n<li>11 L<\/li>\n<\/ul>\n<\/li>\n<li>Mati\u00e8re: Acier inoxydable<\/li>\n<li>Programmes:\n<ul>\n<li>15<\/li>\n<li>Coton<\/li>\n<li>Centrifugation<\/li>\n<li>Laine<\/li>\n<li>Synth\u00e9tiques<\/li>\n<li>Rapide<\/li>\n<li>Lavage \u00e0 froid<\/li>\n<li>ECO<\/li>\n<li>Sport<\/li>\n<\/ul>\n<\/li>\n<li>Type de commande: Plaque Tournante<\/li>\n<li>Quantit\u00e9 de programmes automatiques: 15<\/li>\n<\/ul>","protected":false},"excerpt":{"rendered":"<p><span class=\"unit-info\">75.2718 &euro; \/ 1 kg<\/span><\/p>","protected":false},"featured_media":61872,"comment_status":"open","ping_status":"closed","template":"","meta":[],"product_brand":[183],"product_cat":[239,240,751],"product_tag":[],"class_list":{"0":"post-61874","1":"product","2":"type-product","3":"status-publish","4":"has-post-thumbnail","6":"product_brand-brandp_576","7":"product_cat-maison-jardin","8":"product_cat-nettoyage-aspirateur-et-repassage","9":"product_cat-seche-linge-fers-a-repasser-sechoirs","11":"first","12":"instock","13":"taxable","14":"shipping-taxable","15":"purchasable","16":"product-type-simple"},"_links":{"self":[{"href":"https:\/\/bigbuy.tupique.com\/pt\/wp-json\/wp\/v2\/product\/61874","targetHints":{"allow":["GET"]}}],"collection":[{"href":"https:\/\/bigbuy.tupique.com\/pt\/wp-json\/wp\/v2\/product"}],"about":[{"href":"https:\/\/bigbuy.tupique.com\/pt\/wp-json\/wp\/v2\/types\/product"}],"replies":[{"embeddable":true,"href":"https:\/\/bigbuy.tupique.com\/pt\/wp-json\/wp\/v2\/comments?post=61874"}],"wp:featuredmedia":[{"embeddable":true,"href":"https:\/\/bigbuy.tupique.com\/pt\/wp-json\/wp\/v2\/media\/61872"}],"wp:attachment":[{"href":"https:\/\/bigbuy.tupique.com\/pt\/wp-json\/wp\/v2\/media?parent=61874"}],"wp:term":[{"taxonomy":"product_brand","embeddable":true,"href":"https:\/\/bigbuy.tupique.com\/pt\/wp-json\/wp\/v2\/product_brand?post=61874"},{"taxonomy":"product_cat","embeddable":true,"href":"https:\/\/bigbuy.tupique.com\/pt\/wp-json\/wp\/v2\/product_cat?post=61874"},{"taxonomy":"product_tag","embeddable":true,"href":"https:\/\/bigbuy.tupique.com\/pt\/wp-json\/wp\/v2\/product_tag?post=61874"}],"curies":[{"name":"wp","href":"https:\/\/api.w.org\/{rel}","templated":true}]}}