{"id":61867,"date":"2026-04-01T16:35:22","date_gmt":"2026-04-01T15:35:22","guid":{"rendered":"https:\/\/bigbuy.tupique.com\/produto\/smart-tv-hisense-100e7q-pro\/"},"modified":"2026-05-11T19:57:10","modified_gmt":"2026-05-11T17:57:10","slug":"smart-tv-hisense-100e7q-pro","status":"publish","type":"product","link":"https:\/\/bigbuy.tupique.com\/pt\/produto\/smart-tv-hisense-100e7q-pro\/","title":{"rendered":"TV intelligente Hisense 100E7Q PRO"},"content":{"rendered":"<p>Si vous \u00eates \u00e0 la recherche de nouvelles tendances sur le march\u00e9, nous vous pr\u00e9sentons <b>TV intelligente Hisense 100E7Q PRO 4K Ultra HD 100&#8243; LED HDR QLED<\/b> !<\/p>\n<ul>\n<li>Couleur: Noir<\/li>\n<li>Caract\u00e9ristiques:\n<ul>\n<li>Navigation web<\/li>\n<li>Equalizer<\/li>\n<li>TV intelligente<\/li>\n<li>T\u00e9l\u00e9texte<\/li>\n<li>Apple AirPlay 2<\/li>\n<li>2 Haut-parleurs<\/li>\n<li>\u00c9cran plat<\/li>\n<\/ul>\n<\/li>\n<li>Connexions:\n<ul>\n<li>USB 2.0<\/li>\n<li>RJ45<\/li>\n<li>RF x 2<\/li>\n<li>USB 3.2<\/li>\n<li>CI+<\/li>\n<li>HDMI 2.1 x 1<\/li>\n<li>HDMI x 4<\/li>\n<\/ul>\n<\/li>\n<li>Rapport d&#8217;aspect: 16:9<\/li>\n<li>Connectivit\u00e9:\n<ul>\n<li>Bluetooth<\/li>\n<li>Wi-Fi<\/li>\n<li>Ethernet LAN<\/li>\n<li>Bluetooth 5.0<\/li>\n<li>eARC<\/li>\n<\/ul>\n<\/li>\n<li>Classification \u00e9nerg\u00e9tique: E<\/li>\n<li>R\u00e9cepteur:\n<ul>\n<li>Num\u00e9rique<\/li>\n<li>DVB-C,DVB-S,DVB-S2,DVB-T,DVB-T2<\/li>\n<\/ul>\n<\/li>\n<li>Bloc d\u2019Alimentation:\n<ul>\n<li>Cordon d&#8217;alimentation CA<\/li>\n<li>Courant alternatif<\/li>\n<\/ul>\n<\/li>\n<li>Technologie:\n<ul>\n<li>LED<\/li>\n<li>HDR<\/li>\n<li>QLED<\/li>\n<\/ul>\n<\/li>\n<li>Puissance RMS:\n<ul>\n<li>20 W<\/li>\n<li>30 W<\/li>\n<\/ul>\n<\/li>\n<li>Rapport de contraste: 5000:1<\/li>\n<li>TV intelligente: Oui<\/li>\n<li>Fr\u00e9quence: 144 Hz<\/li>\n<li>Inclut:\n<ul>\n<li>T\u00e9l\u00e9commande<\/li>\n<li>Subwoofer<\/li>\n<\/ul>\n<\/li>\n<li>Processeur: Quad Core<\/li>\n<li>Fonctions: Timeshift<\/li>\n<li>R\u00e9solution: 4K Ultra HD<\/li>\n<li>Tension: 100 &#8211; 240 V<\/li>\n<li>Fr\u00e9quence d&#8217;entr\u00e9e AC: 50-60 Hz<\/li>\n<li>Angle: 178\u00ba<\/li>\n<li>Ecran: 100&#8243;<\/li>\n<li>Montage: VESA<\/li>\n<li>Compatible: VESA 800 x 400 mm<\/li>\n<li>R\u00e9solution (px): 3840 x 2160 px<\/li>\n<\/ul>","protected":false},"excerpt":{"rendered":"<p>Si vous \u00eates \u00e0 la recherche de nouvelles tendances sur le march\u00e9, nous vous pr\u00e9sentons TV intelligente Hisense 100E7Q PRO 4K Ultra HD 100&#8243; LED HDR QLED ! Couleur: Noir Caract\u00e9ristiques: Navigation web Equalizer TV intelligente T\u00e9l\u00e9texte Apple AirPlay 2 2 Haut-parleurs \u00c9cran plat Connexions: USB 2.0 RJ45 RF x 2 USB 3.2 CI+ HDMI [&hellip;]<\/p>\n","protected":false},"featured_media":178864,"comment_status":"open","ping_status":"closed","template":"","meta":[],"product_brand":[1341],"product_cat":[589,65,957],"product_tag":[],"class_list":{"0":"post-61867","1":"product","2":"type-product","3":"status-publish","4":"has-post-thumbnail","6":"product_brand-brandp_612","7":"product_cat-electronique-television","8":"product_cat-informatique-electronique","9":"product_cat-televisions-et-smart-tv","11":"first","12":"instock","13":"taxable","14":"shipping-taxable","15":"purchasable","16":"product-type-simple"},"_links":{"self":[{"href":"https:\/\/bigbuy.tupique.com\/pt\/wp-json\/wp\/v2\/product\/61867","targetHints":{"allow":["GET"]}}],"collection":[{"href":"https:\/\/bigbuy.tupique.com\/pt\/wp-json\/wp\/v2\/product"}],"about":[{"href":"https:\/\/bigbuy.tupique.com\/pt\/wp-json\/wp\/v2\/types\/product"}],"replies":[{"embeddable":true,"href":"https:\/\/bigbuy.tupique.com\/pt\/wp-json\/wp\/v2\/comments?post=61867"}],"wp:featuredmedia":[{"embeddable":true,"href":"https:\/\/bigbuy.tupique.com\/pt\/wp-json\/wp\/v2\/media\/178864"}],"wp:attachment":[{"href":"https:\/\/bigbuy.tupique.com\/pt\/wp-json\/wp\/v2\/media?parent=61867"}],"wp:term":[{"taxonomy":"product_brand","embeddable":true,"href":"https:\/\/bigbuy.tupique.com\/pt\/wp-json\/wp\/v2\/product_brand?post=61867"},{"taxonomy":"product_cat","embeddable":true,"href":"https:\/\/bigbuy.tupique.com\/pt\/wp-json\/wp\/v2\/product_cat?post=61867"},{"taxonomy":"product_tag","embeddable":true,"href":"https:\/\/bigbuy.tupique.com\/pt\/wp-json\/wp\/v2\/product_tag?post=61867"}],"curies":[{"name":"wp","href":"https:\/\/api.w.org\/{rel}","templated":true}]}}