{"id":61726,"date":"2026-04-01T16:18:17","date_gmt":"2026-04-01T15:18:17","guid":{"rendered":"https:\/\/bigbuy.tupique.com\/produto\/amplifier-wiim-wiin-amp\/"},"modified":"2026-04-15T23:52:37","modified_gmt":"2026-04-15T22:52:37","slug":"amplifier-wiim-wiin-amp","status":"publish","type":"product","link":"https:\/\/bigbuy.tupique.com\/pt\/produto\/amplifier-wiim-wiin-amp\/","title":{"rendered":"Amplificateur Wiim WIIN AMP"},"content":{"rendered":"<p>Si vous \u00eates \u00e0 la recherche de nouvelles tendances sur le march\u00e9, nous vous pr\u00e9sentons <b>Amplificateur Wiim WIIN AMP<\/b> !<\/p>\n<p>L\u2019<b>amplificateur<\/b> Wiim se distingue comme une option polyvalente pour les syst\u00e8mes audio domestiques exigeant puissance, connectivit\u00e9 et design \u00e9l\u00e9gant. Ce mod\u00e8le propose <b>2 canaux<\/b> de sortie, permettant de g\u00e9rer efficacement un syst\u00e8me st\u00e9r\u00e9o ou d\u2019alimenter une paire d\u2019enceintes principales avec une restitution claire et pr\u00e9cise. Dot\u00e9 d\u2019une finition <b>argent\u00e9e<\/b> et d\u2019un <b>ch\u00e2ssis en aluminium<\/b>, son design offre non seulement une esth\u00e9tique moderne, mais aussi une robustesse optimale et une dissipation thermique efficace, assurant de hautes performances m\u00eame lors d\u2019utilisations prolong\u00e9es. Con\u00e7u pour \u00eatre branch\u00e9 au <b>secteur<\/b>, il garantit une alimentation constante et stable, permettant de tirer le meilleur parti des enceintes. De plus, l\u2019int\u00e9gration des technologies de connectivit\u00e9 habituelles de la marque facilite son int\u00e9gration dans des installations haute fid\u00e9lit\u00e9 modernes. L\u2019architecture d\u2019amplification est optimis\u00e9e pour offrir un son dynamique et d\u00e9taill\u00e9, id\u00e9al aussi bien pour l\u2019\u00e9coute critique que pour les solutions de divertissement domestique avanc\u00e9es. Ce mod\u00e8le constitue une solution fiable et \u00e9l\u00e9gante pour ceux qui souhaitent am\u00e9liorer la qualit\u00e9 de leur syst\u00e8me audio domestique en profitant des derni\u00e8res avanc\u00e9es en mati\u00e8re d\u2019amplificateurs compacts et performants.<\/p>\n<ul>\n<li>Type: Amplificateur<\/li>\n<li>Produit \u00e0 brancher: Oui<\/li>\n<li>Bloc d\u2019Alimentation: r\u00e9seau \u00e9lectrique<\/li>\n<li>Caract\u00e9ristiques:\n<ul>\n<li>Wi-Fi<\/li>\n<li>Sans fil<\/li>\n<\/ul>\n<\/li>\n<li>Connectivit\u00e9:\n<ul>\n<li>Bluetooth<\/li>\n<li>Wi-Fi<\/li>\n<\/ul>\n<\/li>\n<li>Cha\u00eenes:\n<ul>\n<li>2<\/li>\n<li>2 Cha\u00eenes<\/li>\n<\/ul>\n<\/li>\n<li>Couleur: Argent\u00e9<\/li>\n<\/ul>","protected":false},"excerpt":{"rendered":"<p>Si vous \u00eates \u00e0 la recherche de nouvelles tendances sur le march\u00e9, nous vous pr\u00e9sentons Amplificateur Wiim WIIN AMP ! L\u2019amplificateur Wiim se distingue comme une option polyvalente pour les syst\u00e8mes audio domestiques exigeant puissance, connectivit\u00e9 et design \u00e9l\u00e9gant. Ce mod\u00e8le propose 2 canaux de sortie, permettant de g\u00e9rer efficacement un syst\u00e8me st\u00e9r\u00e9o ou d\u2019alimenter [&hellip;]<\/p>\n","protected":false},"featured_media":61725,"comment_status":"open","ping_status":"closed","template":"","meta":[],"product_brand":[1628],"product_cat":[755,65,1625],"product_tag":[104],"class_list":{"0":"post-61726","1":"product","2":"type-product","3":"status-publish","4":"has-post-thumbnail","6":"product_brand-brandp_10598","7":"product_cat-electronique-son","8":"product_cat-informatique-electronique","9":"product_cat-tours-audio","10":"product_tag-tag_1279","12":"first","13":"instock","14":"taxable","15":"shipping-taxable","16":"purchasable","17":"product-type-simple"},"_links":{"self":[{"href":"https:\/\/bigbuy.tupique.com\/pt\/wp-json\/wp\/v2\/product\/61726","targetHints":{"allow":["GET"]}}],"collection":[{"href":"https:\/\/bigbuy.tupique.com\/pt\/wp-json\/wp\/v2\/product"}],"about":[{"href":"https:\/\/bigbuy.tupique.com\/pt\/wp-json\/wp\/v2\/types\/product"}],"replies":[{"embeddable":true,"href":"https:\/\/bigbuy.tupique.com\/pt\/wp-json\/wp\/v2\/comments?post=61726"}],"wp:featuredmedia":[{"embeddable":true,"href":"https:\/\/bigbuy.tupique.com\/pt\/wp-json\/wp\/v2\/media\/61725"}],"wp:attachment":[{"href":"https:\/\/bigbuy.tupique.com\/pt\/wp-json\/wp\/v2\/media?parent=61726"}],"wp:term":[{"taxonomy":"product_brand","embeddable":true,"href":"https:\/\/bigbuy.tupique.com\/pt\/wp-json\/wp\/v2\/product_brand?post=61726"},{"taxonomy":"product_cat","embeddable":true,"href":"https:\/\/bigbuy.tupique.com\/pt\/wp-json\/wp\/v2\/product_cat?post=61726"},{"taxonomy":"product_tag","embeddable":true,"href":"https:\/\/bigbuy.tupique.com\/pt\/wp-json\/wp\/v2\/product_tag?post=61726"}],"curies":[{"name":"wp","href":"https:\/\/api.w.org\/{rel}","templated":true}]}}