{"id":61720,"date":"2026-04-01T16:18:10","date_gmt":"2026-04-01T15:18:10","guid":{"rendered":"https:\/\/bigbuy.tupique.com\/produto\/digital-camera-insta360-inx5stb1\/"},"modified":"2026-04-15T05:08:40","modified_gmt":"2026-04-15T04:08:40","slug":"digital-camera-insta360-inx5stb1","status":"publish","type":"product","link":"https:\/\/bigbuy.tupique.com\/pt\/produto\/digital-camera-insta360-inx5stb1\/","title":{"rendered":"Appareil Photo Num\u00e9rique Insta360 INX5STB1"},"content":{"rendered":"<p>Si vous \u00eates \u00e0 la recherche de nouvelles tendances sur le march\u00e9, nous vous pr\u00e9sentons <b>Appareil Photo Num\u00e9rique Insta360 INX5STB1<\/b> !<\/p>\n<p>La <b>CINSAAHA(X501) d\u2019Insta360<\/b> est une <b>cam\u00e9ra num\u00e9rique<\/b> avanc\u00e9e con\u00e7ue pour ceux qui souhaitent capturer la r\u00e9alit\u00e9 avec une immersion totale et une qualit\u00e9 d\u2019image maximale. Avec une <b>r\u00e9solution 8K Ultra HD<\/b>, cette cam\u00e9ra permet d\u2019obtenir des vid\u00e9os et des photos extr\u00eamement d\u00e9taill\u00e9es, id\u00e9ales aussi bien pour un usage professionnel que pour les passionn\u00e9s d\u2019image recherchant une nettet\u00e9 sup\u00e9rieure. L\u2019appareil dispose de la <b>technologie d\u2019enregistrement 360\u00ba<\/b>, permettant de capturer l\u2019ensemble de l\u2019environnement en une seule prise, pour des exp\u00e9riences immersives et des contenus cr\u00e9atifs destin\u00e9s \u00e0 la r\u00e9alit\u00e9 virtuelle ou aux r\u00e9seaux sociaux. Sa <b>r\u00e9sistance \u00e0 l\u2019eau<\/b> en fait un choix robuste pour les activit\u00e9s en ext\u00e9rieur ou sportives, permettant de filmer dans des conditions difficiles ou humides sans souci. Ce mod\u00e8le int\u00e8gre un <b>microphone st\u00e9r\u00e9o<\/b> et un <b>microphone int\u00e9gr\u00e9<\/b> pour garantir un son clair, ainsi qu\u2019un <b>gyroscope<\/b> qui stabilise les images, am\u00e9liorant le rendu lors des prises de vue en mouvement. Il est \u00e9galement \u00e9quip\u00e9 d\u2019un <b>\u00e9cran int\u00e9gr\u00e9<\/b> pour une visualisation et un contr\u00f4le faciles, facilitant le cadrage et la gestion des r\u00e9glages en temps r\u00e9el. C\u00f4t\u00e9 connectivit\u00e9, la cam\u00e9ra propose le <b>Wi-Fi<\/b> et le <b>Bluetooth<\/b> pour transf\u00e9rer ou partager rapidement des fichiers et g\u00e9rer l\u2019appareil depuis un smartphone ou d\u2019autres \u00e9quipements compatibles. Elle dispose aussi d\u2019une <b>connexion USB-C<\/b> pour un transfert de donn\u00e9es ou une recharge efficace. Arborant une \u00e9l\u00e9gante finition noire, l\u2019Insta360 CINSAAHA(X501) allie robustesse, connectivit\u00e9 et performances techniques de r\u00e9f\u00e9rence, s\u2019imposant comme un outil polyvalent pour capturer des images et vid\u00e9os exceptionnelles dans tous les environnements.<\/p>\n<ul>\n<li>Produit \u00e0 brancher: Oui<\/li>\n<li>Type de prise: Prise EU<\/li>\n<li>Bloc d\u2019Alimentation:\n<ul>\n<li>r\u00e9seau \u00e9lectrique<\/li>\n<li>Batterie<\/li>\n<li>USB<\/li>\n<\/ul>\n<\/li>\n<li>Type: St\u00e9r\u00e9o<\/li>\n<li>Couleur:\n<ul>\n<li>Noir<\/li>\n<li>noir<\/li>\n<\/ul>\n<\/li>\n<li>Caract\u00e9ristiques:\n<ul>\n<li>R\u00e9sistant \u00e0 l&#8217;eau<\/li>\n<li>Gyroscope<\/li>\n<li>Microphone int\u00e9gr\u00e9<\/li>\n<li>\u00c9cran integr\u00e9<\/li>\n<\/ul>\n<\/li>\n<li>Connexions:\n<ul>\n<li>USB<\/li>\n<li>USB-C<\/li>\n<\/ul>\n<\/li>\n<li>Type de batterie:\n<ul>\n<li>Int\u00e9gr\u00e9e<\/li>\n<li>Batterie au lithium rechargeable<\/li>\n<\/ul>\n<\/li>\n<li>Connectivit\u00e9:\n<ul>\n<li>Bluetooth<\/li>\n<li>Wi-Fi<\/li>\n<li>Bluetooth 5.2<\/li>\n<li>Wi-Fi 5 GHz<\/li>\n<\/ul>\n<\/li>\n<li>Capacit\u00e9: 2400 mAh<\/li>\n<li>Compatible: Android, iOS<\/li>\n<li>Cartes M\u00e9moire Compatibles: MicroSD (TransFlash)<\/li>\n<\/ul>","protected":false},"excerpt":{"rendered":"<p>Si vous \u00eates \u00e0 la recherche de nouvelles tendances sur le march\u00e9, nous vous pr\u00e9sentons Appareil Photo Num\u00e9rique Insta360 INX5STB1 ! La CINSAAHA(X501) d\u2019Insta360 est une cam\u00e9ra num\u00e9rique avanc\u00e9e con\u00e7ue pour ceux qui souhaitent capturer la r\u00e9alit\u00e9 avec une immersion totale et une qualit\u00e9 d\u2019image maximale. Avec une r\u00e9solution 8K Ultra HD, cette cam\u00e9ra permet [&hellip;]<\/p>\n","protected":false},"featured_media":164945,"comment_status":"open","ping_status":"closed","template":"","meta":[],"product_brand":[1307],"product_cat":[1064,600,65],"product_tag":[571],"class_list":{"0":"post-61720","1":"product","2":"type-product","3":"status-publish","4":"has-post-thumbnail","6":"product_brand-brandp_2530","7":"product_cat-appareils-photo-compacts","8":"product_cat-electronique-photo-et-video","9":"product_cat-informatique-electronique","10":"product_tag-tag_27","12":"first","13":"instock","14":"taxable","15":"shipping-taxable","16":"purchasable","17":"product-type-simple"},"_links":{"self":[{"href":"https:\/\/bigbuy.tupique.com\/pt\/wp-json\/wp\/v2\/product\/61720","targetHints":{"allow":["GET"]}}],"collection":[{"href":"https:\/\/bigbuy.tupique.com\/pt\/wp-json\/wp\/v2\/product"}],"about":[{"href":"https:\/\/bigbuy.tupique.com\/pt\/wp-json\/wp\/v2\/types\/product"}],"replies":[{"embeddable":true,"href":"https:\/\/bigbuy.tupique.com\/pt\/wp-json\/wp\/v2\/comments?post=61720"}],"wp:featuredmedia":[{"embeddable":true,"href":"https:\/\/bigbuy.tupique.com\/pt\/wp-json\/wp\/v2\/media\/164945"}],"wp:attachment":[{"href":"https:\/\/bigbuy.tupique.com\/pt\/wp-json\/wp\/v2\/media?parent=61720"}],"wp:term":[{"taxonomy":"product_brand","embeddable":true,"href":"https:\/\/bigbuy.tupique.com\/pt\/wp-json\/wp\/v2\/product_brand?post=61720"},{"taxonomy":"product_cat","embeddable":true,"href":"https:\/\/bigbuy.tupique.com\/pt\/wp-json\/wp\/v2\/product_cat?post=61720"},{"taxonomy":"product_tag","embeddable":true,"href":"https:\/\/bigbuy.tupique.com\/pt\/wp-json\/wp\/v2\/product_tag?post=61720"}],"curies":[{"name":"wp","href":"https:\/\/api.w.org\/{rel}","templated":true}]}}