{"id":61714,"date":"2026-04-01T16:18:04","date_gmt":"2026-04-01T15:18:04","guid":{"rendered":"https:\/\/bigbuy.tupique.com\/produto\/smart-tv-philips-65pus8010-65-4k-ultra-hd-led-hdr\/"},"modified":"2026-05-11T19:57:11","modified_gmt":"2026-05-11T17:57:11","slug":"smart-tv-philips-65pus8010-65-4k-ultra-hd-led-hdr","status":"publish","type":"product","link":"https:\/\/bigbuy.tupique.com\/pt\/produto\/smart-tv-philips-65pus8010-65-4k-ultra-hd-led-hdr\/","title":{"rendered":"TV intelligente Philips 65PUS8010 65&#8243; 4K Ultra HD LED HDR"},"content":{"rendered":"<p>Si vous \u00eates \u00e0 la recherche de nouvelles tendances sur le march\u00e9, nous vous pr\u00e9sentons <b>TV intelligente Philips 65PUS8010 65&#8243; 4K Ultra HD LED HDR<\/b> !<\/p>\n<p>Le <b>t\u00e9l\u00e9viseur Smart TV Philips 65PUS8010\/12<\/b> est un appareil milieu-haut de gamme offrant une exp\u00e9rience visuelle avanc\u00e9e gr\u00e2ce \u00e0 son <b>\u00e9cran de 65 pouces<\/b> avec <b>r\u00e9solution 4K Ultra HD<\/b>, qui d\u00e9livre des images nettes, d\u00e9taill\u00e9es et aux couleurs r\u00e9alistes pour profiter aussi bien du cin\u00e9ma que des jeux vid\u00e9o et des contenus en streaming. Ce mod\u00e8le int\u00e8gre la technologie <b>Ambilight<\/b>, un syst\u00e8me exclusif de Philips projetant des lumi\u00e8res LED autour du cadre du t\u00e9l\u00e9viseur, cr\u00e9ant une ambiance immersive qui amplifie la sensation d\u2019immersion et r\u00e9duit la fatigue visuelle. Con\u00e7u dans un \u00e9l\u00e9gant coloris <b>noir<\/b>, l\u2019appareil dispose \u00e9galement de la fonctionnalit\u00e9 <b>Smart TV<\/b>, offrant un acc\u00e8s simple et rapide aux plateformes de contenu en ligne via une connexion <b>WiFi<\/b>, facilitant la navigation et le divertissement sans c\u00e2bles suppl\u00e9mentaires. Il int\u00e8gre aussi un <b>\u00e9galiseur<\/b> permettant d\u2019ajuster le son pour optimiser la qualit\u00e9 acoustique selon les pr\u00e9f\u00e9rences de l\u2019utilisateur ou le type de contenu, am\u00e9liorant la clart\u00e9 et la profondeur audio sans besoin d\u2019enceintes externes. La pr\u00e9sence d\u2019une <b>t\u00e9l\u00e9commande<\/b> ergonomique et fonctionnelle garantit un contr\u00f4le intuitif et confortable de toutes les fonctions du t\u00e9l\u00e9viseur, facilitant la gestion des applications, du volume et des r\u00e9glages. En r\u00e9sum\u00e9, le Philips 65PUS8010\/12 combine un grand \u00e9cran avec des technologies visuelles et sonores avanc\u00e9es dans un design sobre, destin\u00e9 aux utilisateurs recherchant un t\u00e9l\u00e9viseur polyvalent pour profiter autant du divertissement digital que d\u2019une exp\u00e9rience audiovisuelle immersive \u00e0 domicile.<\/p>\n<ul>\n<li>Diagonale de l&#8217;\u00e9cran (cm):\n<ul>\n<li>165,1 cm<\/li>\n<li>162,6 cm<\/li>\n<\/ul>\n<\/li>\n<li>Caract\u00e9ristiques:\n<ul>\n<li>accesorios incluidos<\/li>\n<li>Capteur de lumi\u00e8re<\/li>\n<li>ECO<\/li>\n<li>Equalizer<\/li>\n<li>TV intelligente<\/li>\n<li>T\u00e9l\u00e9texte<\/li>\n<li>2 Haut-parleurs<\/li>\n<li>Canal de retour audio (ARC)<\/li>\n<li>\u00c9cran plat<\/li>\n<\/ul>\n<\/li>\n<li>Connectivit\u00e9:\n<ul>\n<li>Wi-Fi<\/li>\n<li>Bluetooth<\/li>\n<li>Bluetooth 5.2<\/li>\n<li>eARC<\/li>\n<\/ul>\n<\/li>\n<li>R\u00e9solution (px): 3840 x 2160 px<\/li>\n<li>Couleur: Noir<\/li>\n<li>Rapport d&#8217;aspect: 16:9<\/li>\n<li>Format: 16:9<\/li>\n<li>Classification \u00e9nerg\u00e9tique: E<\/li>\n<li>Compatibilit\u00e9: Google Assistant<\/li>\n<li>Technologie:\n<ul>\n<li>LED<\/li>\n<li>HDR<\/li>\n<\/ul>\n<\/li>\n<li>Puissance RMS: 20W<\/li>\n<li>TV intelligente: Oui<\/li>\n<li>Ecran: 65&#8243;<\/li>\n<li>Compatible:\n<ul>\n<li>Amazon Alexa<\/li>\n<li>VESA 400 x 300<\/li>\n<\/ul>\n<\/li>\n<li>Inclut: T\u00e9l\u00e9commande<\/li>\n<li>Fonctions: ECO<\/li>\n<li>R\u00e9solution: 4K Ultra HD<\/li>\n<li>Tension: 100 &#8211; 240 V<\/li>\n<li>Arr\u00eat Automatique: Oui<\/li>\n<li>Fr\u00e9quence d&#8217;entr\u00e9e AC: 50-60 Hz<\/li>\n<li>Connexions:\n<ul>\n<li>HDCP<\/li>\n<li>HDMI 2.1 x 1<\/li>\n<li>HDMI 1.4<\/li>\n<\/ul>\n<\/li>\n<li>R\u00e9cepteur:\n<ul>\n<li>DVB-C,DVB-S,DVB-S2,DVB-T,DVB-T2,DVB-T2 HD<\/li>\n<li>Analogique et num\u00e9rique<\/li>\n<\/ul>\n<\/li>\n<li>Cha\u00eenes: 2.0<\/li>\n<li>Fr\u00e9quence: 60 Hz<\/li>\n<li>Formats: BMP,GIF,HEIF,JPEG,PNG<\/li>\n<li>Montage: VESA<\/li>\n<li>Ann\u00e9e: 2024<\/li>\n<\/ul>","protected":false},"excerpt":{"rendered":"<p>Si vous \u00eates \u00e0 la recherche de nouvelles tendances sur le march\u00e9, nous vous pr\u00e9sentons TV intelligente Philips 65PUS8010 65&#8243; 4K Ultra HD LED HDR ! Le t\u00e9l\u00e9viseur Smart TV Philips 65PUS8010\/12 est un appareil milieu-haut de gamme offrant une exp\u00e9rience visuelle avanc\u00e9e gr\u00e2ce \u00e0 son \u00e9cran de 65 pouces avec r\u00e9solution 4K Ultra HD, [&hellip;]<\/p>\n","protected":false},"featured_media":61707,"comment_status":"open","ping_status":"closed","template":"","meta":[],"product_brand":[315],"product_cat":[589,65,957],"product_tag":[],"class_list":{"0":"post-61714","1":"product","2":"type-product","3":"status-publish","4":"has-post-thumbnail","6":"product_brand-brandp_571","7":"product_cat-electronique-television","8":"product_cat-informatique-electronique","9":"product_cat-televisions-et-smart-tv","11":"first","12":"instock","13":"taxable","14":"shipping-taxable","15":"purchasable","16":"product-type-simple"},"_links":{"self":[{"href":"https:\/\/bigbuy.tupique.com\/pt\/wp-json\/wp\/v2\/product\/61714","targetHints":{"allow":["GET"]}}],"collection":[{"href":"https:\/\/bigbuy.tupique.com\/pt\/wp-json\/wp\/v2\/product"}],"about":[{"href":"https:\/\/bigbuy.tupique.com\/pt\/wp-json\/wp\/v2\/types\/product"}],"replies":[{"embeddable":true,"href":"https:\/\/bigbuy.tupique.com\/pt\/wp-json\/wp\/v2\/comments?post=61714"}],"wp:featuredmedia":[{"embeddable":true,"href":"https:\/\/bigbuy.tupique.com\/pt\/wp-json\/wp\/v2\/media\/61707"}],"wp:attachment":[{"href":"https:\/\/bigbuy.tupique.com\/pt\/wp-json\/wp\/v2\/media?parent=61714"}],"wp:term":[{"taxonomy":"product_brand","embeddable":true,"href":"https:\/\/bigbuy.tupique.com\/pt\/wp-json\/wp\/v2\/product_brand?post=61714"},{"taxonomy":"product_cat","embeddable":true,"href":"https:\/\/bigbuy.tupique.com\/pt\/wp-json\/wp\/v2\/product_cat?post=61714"},{"taxonomy":"product_tag","embeddable":true,"href":"https:\/\/bigbuy.tupique.com\/pt\/wp-json\/wp\/v2\/product_tag?post=61714"}],"curies":[{"name":"wp","href":"https:\/\/api.w.org\/{rel}","templated":true}]}}