{"id":61609,"date":"2026-04-01T16:15:37","date_gmt":"2026-04-01T15:15:37","guid":{"rendered":"https:\/\/bigbuy.tupique.com\/produto\/combined-refrigerator-lg-gtfn256set-white\/"},"modified":"2026-04-15T04:09:34","modified_gmt":"2026-04-15T03:09:34","slug":"combined-refrigerator-lg-gtfn256set-white","status":"publish","type":"product","link":"https:\/\/bigbuy.tupique.com\/pt\/produto\/combined-refrigerator-lg-gtfn256set-white\/","title":{"rendered":"R\u00e9frig\u00e9rateur Combin\u00e9 LG GTFN256SET Blanc"},"content":{"rendered":"<p>Si vous \u00eates passionn\u00e9 d&#8217;<b>informatique et d&#8217;\u00e9lectronique<\/b>, si vous \u00eates \u00e0 la pointe de la technologie et qu&#8217;aucun d\u00e9tail ne vous \u00e9chappe, achetez <b>R\u00e9frig\u00e9rateur Combin\u00e9 LG GTFN256SET Blanc<\/b> au meilleur prix.<\/p>\n<p>Le <b>GTFN256SET<\/b> de LG est un <b>r\u00e9frig\u00e9rateur combin\u00e9<\/b> con\u00e7u pour ceux qui recherchent efficacit\u00e9 et adaptabilit\u00e9 dans une cuisine moderne, gr\u00e2ce \u00e0 son format <b>int\u00e9grable<\/b> qui s\u2019int\u00e8gre parfaitement au mobilier et \u00e0 sa disponibilit\u00e9 en <b>blanc<\/b> ou <b>noir<\/b> pour s\u2019adapter \u00e0 diff\u00e9rents styles. Ce mod\u00e8le pr\u00e9sente une <b>hauteur de 177 cm<\/b> et une <b>largeur de 54 cm<\/b>, des dimensions id\u00e9ales pour optimiser l\u2019espace dans des cuisines de toutes tailles sans perdre en capacit\u00e9 de stockage. Il offre une <b>capacit\u00e9 nette du r\u00e9frig\u00e9rateur de 170 litres<\/b> et un <b>cong\u00e9lateur de 63 litres<\/b>, facilitant la conservation organis\u00e9e et prolong\u00e9e des aliments frais et surgel\u00e9s. Il dispose d\u2019un <b>\u00e9cran int\u00e9gr\u00e9<\/b> et d\u2019un <b>\u00e9clairage LED<\/b>, assurant un contr\u00f4le intuitif et une visibilit\u00e9 claire des aliments, tandis que le <b>compartiment zone fra\u00eeche<\/b> permet de garder fruits, l\u00e9gumes et autres produits d\u00e9licats dans des conditions optimales plus longtemps. La <b>classe \u00e9nerg\u00e9tique E<\/b> garantit une gestion efficace de la consommation \u00e9lectrique adapt\u00e9e \u00e0 un usage domestique courant. Son design int\u00e9grable et ses finitions permettent \u00e0 l\u2019appareil de se fondre discr\u00e8tement dans la cuisine sans sacrifier la fonctionnalit\u00e9 quotidienne propre aux appareils LG. En r\u00e9sum\u00e9, ce r\u00e9frig\u00e9rateur combin\u00e9 constitue une solution pratique et moderne pour ceux qui privil\u00e9gient l\u2019int\u00e9gration esth\u00e9tique et des fonctionnalit\u00e9s polyvalentes dans leur espace culinaire.<\/p>\n<ul>\n<li>Type d&#8217;installation: Int\u00e9grable<\/li>\n<li>Produit \u00e0 brancher: Oui<\/li>\n<li>Type:\n<ul>\n<li>R\u00e9frig\u00e9rateur Combin\u00e9<\/li>\n<li>Int\u00e9gr\u00e9<\/li>\n<\/ul>\n<\/li>\n<li>Bloc d\u2019Alimentation: r\u00e9seau \u00e9lectrique<\/li>\n<li>Couleur:\n<ul>\n<li>Blanc<\/li>\n<li>Noir<\/li>\n<\/ul>\n<\/li>\n<li>Classification \u00e9nerg\u00e9tique: E<\/li>\n<li>\u00c9lev\u00e9: 177 cm<\/li>\n<li>Dimensions approx.: 177 x 54 cm<\/li>\n<li>Caract\u00e9ristiques: \u00c9cran integr\u00e9<\/li>\n<li>Technologie: LED<\/li>\n<li>Direction d&#8217;ouverture: Droite<\/li>\n<li>Largeur: 54 cm<\/li>\n<li>Niveau sonore: 38 dB<\/li>\n<\/ul>","protected":false},"excerpt":{"rendered":"<p>Si vous \u00eates passionn\u00e9 d&#8217;informatique et d&#8217;\u00e9lectronique, si vous \u00eates \u00e0 la pointe de la technologie et qu&#8217;aucun d\u00e9tail ne vous \u00e9chappe, achetez R\u00e9frig\u00e9rateur Combin\u00e9 LG GTFN256SET Blanc au meilleur prix. Le GTFN256SET de LG est un r\u00e9frig\u00e9rateur combin\u00e9 con\u00e7u pour ceux qui recherchent efficacit\u00e9 et adaptabilit\u00e9 dans une cuisine moderne, gr\u00e2ce \u00e0 son format [&hellip;]<\/p>\n","protected":false},"featured_media":61606,"comment_status":"open","ping_status":"closed","template":"","meta":[],"product_brand":[662],"product_cat":[60,77,226],"product_tag":[56],"class_list":{"0":"post-61609","1":"product","2":"type-product","3":"status-publish","4":"has-post-thumbnail","6":"product_brand-brandp_559","7":"product_cat-cuisine-gourmet","8":"product_cat-petit-electromenager","9":"product_cat-refrigerateurs-et-congelateurs","10":"product_tag-tag_930","12":"first","13":"instock","14":"taxable","15":"shipping-taxable","16":"purchasable","17":"product-type-simple"},"_links":{"self":[{"href":"https:\/\/bigbuy.tupique.com\/pt\/wp-json\/wp\/v2\/product\/61609","targetHints":{"allow":["GET"]}}],"collection":[{"href":"https:\/\/bigbuy.tupique.com\/pt\/wp-json\/wp\/v2\/product"}],"about":[{"href":"https:\/\/bigbuy.tupique.com\/pt\/wp-json\/wp\/v2\/types\/product"}],"replies":[{"embeddable":true,"href":"https:\/\/bigbuy.tupique.com\/pt\/wp-json\/wp\/v2\/comments?post=61609"}],"wp:featuredmedia":[{"embeddable":true,"href":"https:\/\/bigbuy.tupique.com\/pt\/wp-json\/wp\/v2\/media\/61606"}],"wp:attachment":[{"href":"https:\/\/bigbuy.tupique.com\/pt\/wp-json\/wp\/v2\/media?parent=61609"}],"wp:term":[{"taxonomy":"product_brand","embeddable":true,"href":"https:\/\/bigbuy.tupique.com\/pt\/wp-json\/wp\/v2\/product_brand?post=61609"},{"taxonomy":"product_cat","embeddable":true,"href":"https:\/\/bigbuy.tupique.com\/pt\/wp-json\/wp\/v2\/product_cat?post=61609"},{"taxonomy":"product_tag","embeddable":true,"href":"https:\/\/bigbuy.tupique.com\/pt\/wp-json\/wp\/v2\/product_tag?post=61609"}],"curies":[{"name":"wp","href":"https:\/\/api.w.org\/{rel}","templated":true}]}}