{"id":61582,"date":"2026-04-01T16:15:03","date_gmt":"2026-04-01T15:15:03","guid":{"rendered":"https:\/\/bigbuy.tupique.com\/produto\/smart-tv-tcl-98c6k-4k-ultra-hd-98-hdr-qled\/"},"modified":"2026-04-15T04:08:12","modified_gmt":"2026-04-15T03:08:12","slug":"smart-tv-tcl-98c6k-4k-ultra-hd-98-hdr-qled","status":"publish","type":"product","link":"https:\/\/bigbuy.tupique.com\/pt\/produto\/smart-tv-tcl-98c6k-4k-ultra-hd-98-hdr-qled\/","title":{"rendered":"TV intelligente TCL 98C6K 4K Ultra HD 98&#8243; HDR QLED"},"content":{"rendered":"<p>Si vous \u00eates passionn\u00e9 d&#8217;<b>informatique et d&#8217;\u00e9lectronique<\/b>, si vous \u00eates \u00e0 la pointe de la technologie et qu&#8217;aucun d\u00e9tail ne vous \u00e9chappe, achetez <b>TV intelligente TCL 98C6K 4K Ultra HD 98&#8243; HDR QLED<\/b> au meilleur prix.<\/p>\n<ul>\n<li>Diagonale de l&#8217;\u00e9cran (cm): 248,9 cm<\/li>\n<li>Classification \u00e9nerg\u00e9tique: E<\/li>\n<li>R\u00e9solution (px): 3840 x 2160 px<\/li>\n<li>Couleur: Noir<\/li>\n<li>Caract\u00e9ristiques:\n<ul>\n<li>ECO<\/li>\n<li>TV intelligente<\/li>\n<li>Guide \u00e9lectronique des programmes (EPG)<\/li>\n<li>3 Haut-parleurs<\/li>\n<li>Canal de retour audio (ARC)<\/li>\n<li>\u00c9cran plat<\/li>\n<\/ul>\n<\/li>\n<li>Rapport d&#8217;aspect: 16:9<\/li>\n<li>Connectivit\u00e9:\n<ul>\n<li>Bluetooth<\/li>\n<li>Wi-Fi<\/li>\n<li>Miracast<\/li>\n<li>eARC<\/li>\n<\/ul>\n<\/li>\n<li>Compatibilit\u00e9: Google Assistant<\/li>\n<li>Puissance RMS:\n<ul>\n<li>20 W<\/li>\n<li>40 W<\/li>\n<\/ul>\n<\/li>\n<li>Rapport de contraste: 5000:1<\/li>\n<li>Cha\u00eenes: 2.1<\/li>\n<li>TV intelligente: Oui<\/li>\n<li>Fr\u00e9quence: 144 Hz<\/li>\n<li>Fonctions: Timeshift<\/li>\n<li>Technologie:\n<ul>\n<li>HDR<\/li>\n<li>QLED<\/li>\n<\/ul>\n<\/li>\n<li>R\u00e9solution: 4K Ultra HD<\/li>\n<li>Modes vid\u00e9o support\u00e9s: 2160p<\/li>\n<li>Connexions: HDCP<\/li>\n<li>Inclut: Subwoofer<\/li>\n<li>Ecran: 98&#8243;<\/li>\n<li>Montage: VESA<\/li>\n<li>Syst\u00e8me d&#8217;exploitation: Google TV<\/li>\n<\/ul>","protected":false},"excerpt":{"rendered":"<p>Si vous \u00eates passionn\u00e9 d&#8217;informatique et d&#8217;\u00e9lectronique, si vous \u00eates \u00e0 la pointe de la technologie et qu&#8217;aucun d\u00e9tail ne vous \u00e9chappe, achetez TV intelligente TCL 98C6K 4K Ultra HD 98&#8243; HDR QLED au meilleur prix. Diagonale de l&#8217;\u00e9cran (cm): 248,9 cm Classification \u00e9nerg\u00e9tique: E R\u00e9solution (px): 3840 x 2160 px Couleur: Noir Caract\u00e9ristiques: ECO [&hellip;]<\/p>\n","protected":false},"featured_media":61579,"comment_status":"open","ping_status":"closed","template":"","meta":[],"product_brand":[1153],"product_cat":[589,65,957],"product_tag":[104],"class_list":{"0":"post-61582","1":"product","2":"type-product","3":"status-publish","4":"has-post-thumbnail","6":"product_brand-brandp_3009","7":"product_cat-electronique-television","8":"product_cat-informatique-electronique","9":"product_cat-televisions-et-smart-tv","10":"product_tag-tag_1279","12":"first","13":"instock","14":"taxable","15":"shipping-taxable","16":"purchasable","17":"product-type-simple"},"_links":{"self":[{"href":"https:\/\/bigbuy.tupique.com\/pt\/wp-json\/wp\/v2\/product\/61582","targetHints":{"allow":["GET"]}}],"collection":[{"href":"https:\/\/bigbuy.tupique.com\/pt\/wp-json\/wp\/v2\/product"}],"about":[{"href":"https:\/\/bigbuy.tupique.com\/pt\/wp-json\/wp\/v2\/types\/product"}],"replies":[{"embeddable":true,"href":"https:\/\/bigbuy.tupique.com\/pt\/wp-json\/wp\/v2\/comments?post=61582"}],"wp:featuredmedia":[{"embeddable":true,"href":"https:\/\/bigbuy.tupique.com\/pt\/wp-json\/wp\/v2\/media\/61579"}],"wp:attachment":[{"href":"https:\/\/bigbuy.tupique.com\/pt\/wp-json\/wp\/v2\/media?parent=61582"}],"wp:term":[{"taxonomy":"product_brand","embeddable":true,"href":"https:\/\/bigbuy.tupique.com\/pt\/wp-json\/wp\/v2\/product_brand?post=61582"},{"taxonomy":"product_cat","embeddable":true,"href":"https:\/\/bigbuy.tupique.com\/pt\/wp-json\/wp\/v2\/product_cat?post=61582"},{"taxonomy":"product_tag","embeddable":true,"href":"https:\/\/bigbuy.tupique.com\/pt\/wp-json\/wp\/v2\/product_tag?post=61582"}],"curies":[{"name":"wp","href":"https:\/\/api.w.org\/{rel}","templated":true}]}}