{"id":61575,"date":"2026-04-01T16:14:54","date_gmt":"2026-04-01T15:14:54","guid":{"rendered":"https:\/\/bigbuy.tupique.com\/produto\/sports-camera-insta360-go3s-black\/"},"modified":"2026-04-15T03:34:33","modified_gmt":"2026-04-15T02:34:33","slug":"sports-camera-insta360-go3s-black","status":"publish","type":"product","link":"https:\/\/bigbuy.tupique.com\/pt\/produto\/sports-camera-insta360-go3s-black\/","title":{"rendered":"Cam\u00e9ra de sport Insta360 GO3S Noir"},"content":{"rendered":"<p>Si vous \u00eates \u00e0 la recherche de nouvelles tendances sur le march\u00e9, nous vous pr\u00e9sentons <b>Cam\u00e9ra de sport Insta360 GO3S Noir<\/b> !<\/p>\n<p>La <b>cam\u00e9ra sportive GO3S<\/b> de <b>Insta360<\/b> est con\u00e7ue pour capturer des images et vid\u00e9os d\u2019une qualit\u00e9 exceptionnelle dans tous les environnements d\u2019action. \u00c9quip\u00e9e d\u2019une <b>r\u00e9solution 4K Ultra HD<\/b>, elle permet d\u2019enregistrer des vid\u00e9os en <b>3840 x 2880 pixels<\/b> et de prendre des photos jusqu\u2019\u00e0 <b>4000 x 3000 pixels<\/b>, garantissant des images nettes et d\u00e9taill\u00e9es. Son <b>\u00e9cran tactile de 5,59 cm<\/b> facilite le contr\u00f4le intuitif et la visualisation directe du contenu, tandis que le <b>gyroscope int\u00e9gr\u00e9<\/b> stabilise l\u2019image pour des r\u00e9sultats plus professionnels. Compatible avec les formats <b>DNG et JPG<\/b>, elle offre une grande flexibilit\u00e9 pour \u00e9diter et partager des photos de haute qualit\u00e9. Elle dispose de connexions modernes via <b>USB-C et USB 2.0<\/b> pour un transfert rapide des donn\u00e9es et une charge efficace. C\u00f4t\u00e9 connectivit\u00e9, elle int\u00e8gre <b>Bluetooth<\/b> et <b>Wi-Fi<\/b>, permettant une connexion sans fil avec d\u2019autres appareils pour une utilisation polyvalente et un transfert instantan\u00e9. Son design en <b>noir<\/b> et le <b>microphone int\u00e9gr\u00e9<\/b> \u00e9largissent ses fonctions pour enregistrer un son clair lors des vid\u00e9os. La sensibilit\u00e9 ISO r\u00e9glable de 100 \u00e0 3200 s\u2019adapte \u00e0 diverses conditions lumineuses, optimisant la qualit\u00e9 finale de l\u2019image. Compacte et robuste, cette cam\u00e9ra est id\u00e9ale pour les sportifs et utilisateurs recherchant un appareil polyvalent et performant en situations dynamiques et d\u2019aventure. En r\u00e9sum\u00e9, la Insta360 GO3S offre un \u00e9quilibre entre portabilit\u00e9, technologie avanc\u00e9e et qualit\u00e9 audiovisuelle pour ceux qui veulent enregistrer leurs activit\u00e9s avec pr\u00e9cision et simplicit\u00e9.<\/p>\n<ul>\n<li>Produit \u00e0 brancher: Oui<\/li>\n<li>Type de prise: Prise EU<\/li>\n<li>Type: Cam\u00e9ra de sport<\/li>\n<li>Bloc d\u2019Alimentation: r\u00e9seau \u00e9lectrique<\/li>\n<li>Couleur: Noir<\/li>\n<li>Caract\u00e9ristiques:\n<ul>\n<li>Ecran tactile<\/li>\n<li>Gyroscope<\/li>\n<li>Microphone int\u00e9gr\u00e9<\/li>\n<li>\u00c9cran integr\u00e9<\/li>\n<\/ul>\n<\/li>\n<li>Connexions:\n<ul>\n<li>USB<\/li>\n<li>USB-C<\/li>\n<li>USB 2.0<\/li>\n<\/ul>\n<\/li>\n<li>Connectivit\u00e9:\n<ul>\n<li>Bluetooth<\/li>\n<li>Wi-Fi<\/li>\n<li>Bluetooth 5.0<\/li>\n<li>Wi-Fi 5 GHz<\/li>\n<\/ul>\n<\/li>\n<li>Compatible: Android, iOS<\/li>\n<li>R\u00e9solution: 4K Ultra HD<\/li>\n<li>R\u00e9solution vid\u00e9o: 4K<\/li>\n<li>M\u00e9moire interne: 128 GB<\/li>\n<li>Classification IP: IPX8<\/li>\n<li>Diagonale de l&#8217;\u00e9cran (cm): 5,6 cm<\/li>\n<\/ul>","protected":false},"excerpt":{"rendered":"<p>Si vous \u00eates \u00e0 la recherche de nouvelles tendances sur le march\u00e9, nous vous pr\u00e9sentons Cam\u00e9ra de sport Insta360 GO3S Noir ! La cam\u00e9ra sportive GO3S de Insta360 est con\u00e7ue pour capturer des images et vid\u00e9os d\u2019une qualit\u00e9 exceptionnelle dans tous les environnements d\u2019action. \u00c9quip\u00e9e d\u2019une r\u00e9solution 4K Ultra HD, elle permet d\u2019enregistrer des vid\u00e9os [&hellip;]<\/p>\n","protected":false},"featured_media":61574,"comment_status":"open","ping_status":"closed","template":"","meta":[],"product_brand":[1307],"product_cat":[1281,600,65],"product_tag":[571,163],"class_list":{"0":"post-61575","1":"product","2":"type-product","3":"status-publish","4":"has-post-thumbnail","6":"product_brand-brandp_2530","7":"product_cat-appareils-photo-sport","8":"product_cat-electronique-photo-et-video","9":"product_cat-informatique-electronique","10":"product_tag-tag_27","11":"product_tag-tag_17","13":"first","14":"instock","15":"taxable","16":"shipping-taxable","17":"purchasable","18":"product-type-simple"},"_links":{"self":[{"href":"https:\/\/bigbuy.tupique.com\/pt\/wp-json\/wp\/v2\/product\/61575","targetHints":{"allow":["GET"]}}],"collection":[{"href":"https:\/\/bigbuy.tupique.com\/pt\/wp-json\/wp\/v2\/product"}],"about":[{"href":"https:\/\/bigbuy.tupique.com\/pt\/wp-json\/wp\/v2\/types\/product"}],"replies":[{"embeddable":true,"href":"https:\/\/bigbuy.tupique.com\/pt\/wp-json\/wp\/v2\/comments?post=61575"}],"wp:featuredmedia":[{"embeddable":true,"href":"https:\/\/bigbuy.tupique.com\/pt\/wp-json\/wp\/v2\/media\/61574"}],"wp:attachment":[{"href":"https:\/\/bigbuy.tupique.com\/pt\/wp-json\/wp\/v2\/media?parent=61575"}],"wp:term":[{"taxonomy":"product_brand","embeddable":true,"href":"https:\/\/bigbuy.tupique.com\/pt\/wp-json\/wp\/v2\/product_brand?post=61575"},{"taxonomy":"product_cat","embeddable":true,"href":"https:\/\/bigbuy.tupique.com\/pt\/wp-json\/wp\/v2\/product_cat?post=61575"},{"taxonomy":"product_tag","embeddable":true,"href":"https:\/\/bigbuy.tupique.com\/pt\/wp-json\/wp\/v2\/product_tag?post=61575"}],"curies":[{"name":"wp","href":"https:\/\/api.w.org\/{rel}","templated":true}]}}