{"id":61571,"date":"2026-04-01T16:14:50","date_gmt":"2026-04-01T15:14:50","guid":{"rendered":"https:\/\/bigbuy.tupique.com\/produto\/washer-dryer-aeg-l7wbg851-1600-rpm-5-kg\/"},"modified":"2026-04-15T03:34:27","modified_gmt":"2026-04-15T02:34:27","slug":"washer-dryer-aeg-l7wbg851-1600-rpm-5-kg","status":"publish","type":"product","link":"https:\/\/bigbuy.tupique.com\/pt\/produto\/washer-dryer-aeg-l7wbg851-1600-rpm-5-kg\/","title":{"rendered":"Laveuse &#8211; S\u00e9cheuse AEG L7WBG851 1600 rpm 5 kg"},"content":{"rendered":"<p>Si vous pensez r\u00e9nover votre cuisine, achetez <b>Laveuse &#8211; S\u00e9cheuse AEG L7WBG851 1600 rpm 5 kg<\/b> et d\u00b4autres <b>produits AEG<\/b> !<\/p>\n<ul>\n<li>Couleur: Blanc<\/li>\n<li>Type d&#8217;installation:\n<ul>\n<li>Auto-assemblage<\/li>\n<li>Sous le plan de travail<\/li>\n<\/ul>\n<\/li>\n<li>Classification \u00e9nerg\u00e9tique:\n<ul>\n<li>D<\/li>\n<li>A<\/li>\n<\/ul>\n<\/li>\n<li>Type de charge: Frontal<\/li>\n<li>Capacit\u00e9:\n<ul>\n<li>8 kg<\/li>\n<li>5 kg<\/li>\n<\/ul>\n<\/li>\n<li>vitesse: 1600 rpm<\/li>\n<li>Dimensions approx.: 60 x 63 x 85 cm<\/li>\n<li>Produit \u00e0 brancher: Oui<\/li>\n<li>Type de prise: Prise EU<\/li>\n<li>Bloc d\u2019Alimentation: r\u00e9seau \u00e9lectrique<\/li>\n<li>Largeur: 60 cm<\/li>\n<li>Programmes: Coton<\/li>\n<li>Mati\u00e8re: Acier<\/li>\n<\/ul>","protected":false},"excerpt":{"rendered":"<p><span class=\"unit-info\">103.2488 &euro; \/ 1 kg<\/span><\/p>","protected":false},"featured_media":61568,"comment_status":"open","ping_status":"closed","template":"","meta":[],"product_brand":[1386],"product_cat":[239,240,751],"product_tag":[],"class_list":{"0":"post-61571","1":"product","2":"type-product","3":"status-publish","4":"has-post-thumbnail","6":"product_brand-brandp_679","7":"product_cat-maison-jardin","8":"product_cat-nettoyage-aspirateur-et-repassage","9":"product_cat-seche-linge-fers-a-repasser-sechoirs","11":"first","12":"instock","13":"taxable","14":"shipping-taxable","15":"purchasable","16":"product-type-simple"},"_links":{"self":[{"href":"https:\/\/bigbuy.tupique.com\/pt\/wp-json\/wp\/v2\/product\/61571","targetHints":{"allow":["GET"]}}],"collection":[{"href":"https:\/\/bigbuy.tupique.com\/pt\/wp-json\/wp\/v2\/product"}],"about":[{"href":"https:\/\/bigbuy.tupique.com\/pt\/wp-json\/wp\/v2\/types\/product"}],"replies":[{"embeddable":true,"href":"https:\/\/bigbuy.tupique.com\/pt\/wp-json\/wp\/v2\/comments?post=61571"}],"wp:featuredmedia":[{"embeddable":true,"href":"https:\/\/bigbuy.tupique.com\/pt\/wp-json\/wp\/v2\/media\/61568"}],"wp:attachment":[{"href":"https:\/\/bigbuy.tupique.com\/pt\/wp-json\/wp\/v2\/media?parent=61571"}],"wp:term":[{"taxonomy":"product_brand","embeddable":true,"href":"https:\/\/bigbuy.tupique.com\/pt\/wp-json\/wp\/v2\/product_brand?post=61571"},{"taxonomy":"product_cat","embeddable":true,"href":"https:\/\/bigbuy.tupique.com\/pt\/wp-json\/wp\/v2\/product_cat?post=61571"},{"taxonomy":"product_tag","embeddable":true,"href":"https:\/\/bigbuy.tupique.com\/pt\/wp-json\/wp\/v2\/product_tag?post=61571"}],"curies":[{"name":"wp","href":"https:\/\/api.w.org\/{rel}","templated":true}]}}