{"id":61556,"date":"2026-04-01T16:14:33","date_gmt":"2026-04-01T15:14:33","guid":{"rendered":"https:\/\/bigbuy.tupique.com\/produto\/food-processor-kitchenaid-5ksm125ecu-silver-300-w-48-l\/"},"modified":"2026-04-15T03:32:46","modified_gmt":"2026-04-15T02:32:46","slug":"food-processor-kitchenaid-5ksm125ecu-silver-300-w-48-l","status":"publish","type":"product","link":"https:\/\/bigbuy.tupique.com\/pt\/produto\/food-processor-kitchenaid-5ksm125ecu-silver-300-w-48-l\/","title":{"rendered":"Robot culinaire KitchenAid 5KSM125ECU Argent\u00e9 300 W 4,8 L"},"content":{"rendered":"<p>Si vous recherchez des \u00e9lectrom\u00e9nagers pour votre maison aux meilleurs prix, ne manquez pas <b>Robot culinaire KitchenAid 5KSM125ECU Argent\u00e9 300 W 4,8 L<\/b> et une large s\u00e9lection de petits \u00e9lectrom\u00e9nagers de qualit\u00e9 !<\/p>\n<p>Le <b>robot de cuisine KitchenAid 5KSM125ECU<\/b> est un appareil robuste et polyvalent con\u00e7u pour faciliter les t\u00e2ches culinaires gr\u00e2ce \u00e0 sa <b>puissance de 300 W<\/b>, offrant une performance stable et efficace pour une grande vari\u00e9t\u00e9 de pr\u00e9parations. Ce mod\u00e8le int\u00e8gre un bol d\u2019une <b>capacit\u00e9 de 4,8 litres<\/b> en <b>acier inoxydable<\/b>, garantissant durabilit\u00e9, r\u00e9sistance \u00e0 la corrosion et un nettoyage facile apr\u00e8s usage. Sa finition en <b>couleur argent\u00e9e<\/b> apporte un aspect moderne et professionnel, s\u2019int\u00e9grant ais\u00e9ment dans toute cuisine contemporaine. Il dispose d\u2019un syst\u00e8me de <b>commande rotative<\/b> permettant d\u2019ajuster facilement les diff\u00e9rentes vitesses pour adapter puissance et vitesse \u00e0 chaque type de m\u00e9lange ou battage, optimisant ainsi les r\u00e9sultats pour diverses recettes. Parmi ses accessoires, on trouve un <b>fouet<\/b> en acier inoxydable, id\u00e9al pour pr\u00e9parer p\u00e2tes, cr\u00e8mes ou meringues de mani\u00e8re homog\u00e8ne et sans effort. De plus, ce mod\u00e8le fonctionne \u00e0 une fr\u00e9quence de <b>50 &#8211; 60 Hz<\/b> et utilise une connexion <b>Type C<\/b>, standard dans de nombreuses cuisines europ\u00e9ennes. Il est livr\u00e9 avec un <b>manuel d\u2019instructions en espagnol<\/b> pour faciliter son installation et son utilisation correcte d\u00e8s le premier jour. Ce robot offre une solution \u00e9quilibr\u00e9e avec une finition de qualit\u00e9 pour les utilisateurs exigeants recherchant performance et polyvalence dans un seul appareil. En r\u00e9sum\u00e9, le KitchenAid 5KSM125ECU est un outil professionnel alliant solidit\u00e9, capacit\u00e9 et commandes pr\u00e9cises, id\u00e9al pour ceux qui souhaitent \u00e9tendre leurs comp\u00e9tences culinaires avec un \u00e9quipement fiable et efficace.<\/p>\n<ul>\n<li>Produit \u00e0 brancher: Oui<\/li>\n<li>Type de prise:\n<ul>\n<li>Prise EU<\/li>\n<li>Type C<\/li>\n<\/ul>\n<\/li>\n<li>Bloc d\u2019Alimentation:\n<ul>\n<li>r\u00e9seau \u00e9lectrique<\/li>\n<li>Courant alternatif<\/li>\n<\/ul>\n<\/li>\n<li>Type: Fouet<\/li>\n<li>Mati\u00e8re: Acier inoxydable<\/li>\n<li>Caract\u00e9ristiques: Diff\u00e9rentes vitesses<\/li>\n<li>Couleur: Argent\u00e9<\/li>\n<li>Fr\u00e9quence: 50 &#8211; 60 Hz<\/li>\n<li>Manuel d\u2019utilisation: Espagnol<\/li>\n<li>Contr\u00f4le: Plaque Tournante<\/li>\n<li>Inclut:\n<ul>\n<li>Tiges de m\u00e9lange<\/li>\n<li>Tiges de p\u00e9trissage<\/li>\n<\/ul>\n<\/li>\n<li>Tension: 220-240 V<\/li>\n<li>puissance: 300 W<\/li>\n<li>\u00c9cran integr\u00e9: Non<\/li>\n<li>Capacit\u00e9: 4,8 L<\/li>\n<li>Vitesse: 10 vitesses<\/li>\n<\/ul>","protected":false},"excerpt":{"rendered":"<p>Si vous recherchez des \u00e9lectrom\u00e9nagers pour votre maison aux meilleurs prix, ne manquez pas Robot culinaire KitchenAid 5KSM125ECU Argent\u00e9 300 W 4,8 L et une large s\u00e9lection de petits \u00e9lectrom\u00e9nagers de qualit\u00e9 ! Le robot de cuisine KitchenAid 5KSM125ECU est un appareil robuste et polyvalent con\u00e7u pour faciliter les t\u00e2ches culinaires gr\u00e2ce \u00e0 sa puissance [&hellip;]<\/p>\n","protected":false},"featured_media":61555,"comment_status":"open","ping_status":"closed","template":"","meta":[],"product_brand":[1572],"product_cat":[60,77,724],"product_tag":[55,56],"class_list":{"0":"post-61556","1":"product","2":"type-product","3":"status-publish","4":"has-post-thumbnail","6":"product_brand-brandp_5419","7":"product_cat-cuisine-gourmet","8":"product_cat-petit-electromenager","9":"product_cat-robots-de-cuisine","10":"product_tag-tag_926","11":"product_tag-tag_930","13":"first","14":"instock","15":"taxable","16":"shipping-taxable","17":"purchasable","18":"product-type-simple"},"_links":{"self":[{"href":"https:\/\/bigbuy.tupique.com\/pt\/wp-json\/wp\/v2\/product\/61556","targetHints":{"allow":["GET"]}}],"collection":[{"href":"https:\/\/bigbuy.tupique.com\/pt\/wp-json\/wp\/v2\/product"}],"about":[{"href":"https:\/\/bigbuy.tupique.com\/pt\/wp-json\/wp\/v2\/types\/product"}],"replies":[{"embeddable":true,"href":"https:\/\/bigbuy.tupique.com\/pt\/wp-json\/wp\/v2\/comments?post=61556"}],"wp:featuredmedia":[{"embeddable":true,"href":"https:\/\/bigbuy.tupique.com\/pt\/wp-json\/wp\/v2\/media\/61555"}],"wp:attachment":[{"href":"https:\/\/bigbuy.tupique.com\/pt\/wp-json\/wp\/v2\/media?parent=61556"}],"wp:term":[{"taxonomy":"product_brand","embeddable":true,"href":"https:\/\/bigbuy.tupique.com\/pt\/wp-json\/wp\/v2\/product_brand?post=61556"},{"taxonomy":"product_cat","embeddable":true,"href":"https:\/\/bigbuy.tupique.com\/pt\/wp-json\/wp\/v2\/product_cat?post=61556"},{"taxonomy":"product_tag","embeddable":true,"href":"https:\/\/bigbuy.tupique.com\/pt\/wp-json\/wp\/v2\/product_tag?post=61556"}],"curies":[{"name":"wp","href":"https:\/\/api.w.org\/{rel}","templated":true}]}}