{"id":61503,"date":"2026-04-01T16:12:50","date_gmt":"2026-04-01T15:12:50","guid":{"rendered":"https:\/\/bigbuy.tupique.com\/produto\/combined-refrigerator-bosch-kin86add0-white\/"},"modified":"2026-05-11T19:56:29","modified_gmt":"2026-05-11T17:56:29","slug":"combined-refrigerator-bosch-kin86add0-white","status":"publish","type":"product","link":"https:\/\/bigbuy.tupique.com\/pt\/produto\/combined-refrigerator-bosch-kin86add0-white\/","title":{"rendered":"R\u00e9frig\u00e9rateur Combin\u00e9 BOSCH KIN86ADD0 Blanc"},"content":{"rendered":"<p>Si vous pensez r\u00e9nover votre cuisine, achetez <b>R\u00e9frig\u00e9rateur Combin\u00e9 BOSCH KIN86ADD0 Blanc<\/b> et d\u00b4autres <b>produits BOSCH<\/b> !<\/p>\n<p>Le <b>BOSCH KIN86ADD0<\/b> est un <b>r\u00e9frig\u00e9rateur combin\u00e9<\/b> con\u00e7u pour ceux qui recherchent un \u00e9quilibre optimal entre capacit\u00e9 et efficacit\u00e9 dans un appareil de taille compacte. Il pr\u00e9sente une finition en <b>blanc<\/b> qui offre un aspect propre et polyvalent, adapt\u00e9 \u00e0 toute cuisine. Avec des dimensions de <b>56 cm de largeur<\/b> et <b>177 cm de hauteur<\/b>, il s\u2019adapte facilement aux espaces r\u00e9duits sans sacrifier une capacit\u00e9 totale notable de <b>260 litres<\/b>, r\u00e9partis entre un r\u00e9frig\u00e9rateur avec une capacit\u00e9 nette de <b>184 litres<\/b> et un cong\u00e9lateur de <b>76 litres<\/b>. Ce mod\u00e8le dispose d\u2019une classe \u00e9nerg\u00e9tique <b>D<\/b>, garantissant une consommation responsable conforme aux normes actuelles, combin\u00e9e \u00e0 un <b>niveau sonore tr\u00e8s faible de 35 dB<\/b>, id\u00e9al pour maintenir un environnement calme \u00e0 la maison. De plus, il int\u00e8gre une technologie LED pour un \u00e9clairage int\u00e9rieur efficace et peu consommateur, et poss\u00e8de un <b>\u00e9cran int\u00e9gr\u00e9<\/b> facilitant le contr\u00f4le et la surveillance de la temp\u00e9rature, assurant des conditions optimales pour la conservation des aliments. La porte droite est standard pour une installation flexible, et il est con\u00e7u pour fonctionner \u00e0 une fr\u00e9quence de <b>50 Hz<\/b>. Dans l\u2019ensemble, le BOSCH KIN86ADD0 offre des performances adapt\u00e9es \u00e0 un usage domestique courant, visant \u00e0 conserver les aliments frais et congel\u00e9s avec fiabilit\u00e9 et confort. Sa combinaison de capacit\u00e9, taille et efficacit\u00e9 en fait une solution pratique pour les foyers recherchant un r\u00e9frig\u00e9rateur combin\u00e9 fiable avec une bonne performance \u00e9nerg\u00e9tique.<\/p>\n<ul>\n<li>Produit \u00e0 brancher: Oui<\/li>\n<li>Type de prise: Prise EU<\/li>\n<li>Type d&#8217;installation: Ind\u00e9pendant<\/li>\n<li>Niveau sonore: 35 dB<\/li>\n<li>Bloc d\u2019Alimentation: r\u00e9seau \u00e9lectrique<\/li>\n<li>Couleur: Blanc<\/li>\n<li>Largeur: 56 cm<\/li>\n<li>Caract\u00e9ristiques:\n<ul>\n<li>\u00c9cran integr\u00e9<\/li>\n<li>Commande tactile<\/li>\n<\/ul>\n<\/li>\n<li>Classification \u00e9nerg\u00e9tique: D<\/li>\n<li>\u00c9lev\u00e9: 177 cm<\/li>\n<li>Capacit\u00e9: 260 L<\/li>\n<li>Dimensions approx.: 177 x 56 cm<\/li>\n<li>Direction d&#8217;ouverture: Droite<\/li>\n<li>Fr\u00e9quence: 50 Hz<\/li>\n<li>Tension: 220-240 V<\/li>\n<\/ul>","protected":false},"excerpt":{"rendered":"<p><span class=\"unit-info\">6.7077 &euro; \/ 1 l<\/span><\/p>","protected":false},"featured_media":61501,"comment_status":"open","ping_status":"closed","template":"","meta":[],"product_brand":[162],"product_cat":[60,77,226],"product_tag":[56],"class_list":{"0":"post-61503","1":"product","2":"type-product","3":"status-publish","4":"has-post-thumbnail","6":"product_brand-brandp_959","7":"product_cat-cuisine-gourmet","8":"product_cat-petit-electromenager","9":"product_cat-refrigerateurs-et-congelateurs","10":"product_tag-tag_930","12":"first","13":"instock","14":"taxable","15":"shipping-taxable","16":"purchasable","17":"product-type-simple"},"_links":{"self":[{"href":"https:\/\/bigbuy.tupique.com\/pt\/wp-json\/wp\/v2\/product\/61503","targetHints":{"allow":["GET"]}}],"collection":[{"href":"https:\/\/bigbuy.tupique.com\/pt\/wp-json\/wp\/v2\/product"}],"about":[{"href":"https:\/\/bigbuy.tupique.com\/pt\/wp-json\/wp\/v2\/types\/product"}],"replies":[{"embeddable":true,"href":"https:\/\/bigbuy.tupique.com\/pt\/wp-json\/wp\/v2\/comments?post=61503"}],"wp:featuredmedia":[{"embeddable":true,"href":"https:\/\/bigbuy.tupique.com\/pt\/wp-json\/wp\/v2\/media\/61501"}],"wp:attachment":[{"href":"https:\/\/bigbuy.tupique.com\/pt\/wp-json\/wp\/v2\/media?parent=61503"}],"wp:term":[{"taxonomy":"product_brand","embeddable":true,"href":"https:\/\/bigbuy.tupique.com\/pt\/wp-json\/wp\/v2\/product_brand?post=61503"},{"taxonomy":"product_cat","embeddable":true,"href":"https:\/\/bigbuy.tupique.com\/pt\/wp-json\/wp\/v2\/product_cat?post=61503"},{"taxonomy":"product_tag","embeddable":true,"href":"https:\/\/bigbuy.tupique.com\/pt\/wp-json\/wp\/v2\/product_tag?post=61503"}],"curies":[{"name":"wp","href":"https:\/\/api.w.org\/{rel}","templated":true}]}}