{"id":61486,"date":"2026-04-01T16:12:34","date_gmt":"2026-04-01T15:12:34","guid":{"rendered":"https:\/\/bigbuy.tupique.com\/produto\/induction-hot-plate-balay-3ebc976lh-7400-w\/"},"modified":"2026-04-15T02:57:31","modified_gmt":"2026-04-15T01:57:31","slug":"induction-hot-plate-balay-3ebc976lh-7400-w","status":"publish","type":"product","link":"https:\/\/bigbuy.tupique.com\/pt\/produto\/induction-hot-plate-balay-3ebc976lh-7400-w\/","title":{"rendered":"Plaque \u00e0 Induction Balay 3EBC976LH 7400 W"},"content":{"rendered":"<p>Si vous pensez r\u00e9nover votre cuisine, achetez <b>Plaque \u00e0 Induction Balay 3EBC976LH 7400 W<\/b> et d\u00b4autres <b>produits Balay<\/b> !<\/p>\n<p>La <b>plaque \u00e0 induction Balay 3EBC976LH<\/b> est une solution efficace et moderne pour cuisines int\u00e9gr\u00e9es, con\u00e7ue pour ceux qui recherchent une combinaison optimale de puissance et de contr\u00f4le dans un espace r\u00e9duit. Cette <b>plaque \u00e0 induction<\/b> offre <b>2 zones de cuisson<\/b>, chacune r\u00e9glable sur jusqu\u2019\u00e0 <b>17 niveaux de puissance<\/b>, offrant une grande polyvalence pour diff\u00e9rents types de pr\u00e9parations culinaires, des cuissons douces \u00e0 l\u2019\u00e9bullition rapide ou au saut\u00e9 d\u2019ingr\u00e9dients. Sa <b>puissance totale de 7400 W<\/b> garantit un chauffage rapide et efficace, essentiel pour acc\u00e9l\u00e9rer l\u2019exp\u00e9rience en cuisine. Le design en <b>noir<\/b> apporte une esth\u00e9tique sobre et \u00e9l\u00e9gante qui s\u2019int\u00e8gre facilement \u00e0 tout style de cuisine, tandis que son format <b>int\u00e9grable<\/b> est pens\u00e9 pour une installation affleurante, optimisant l\u2019espace et assurant une surface uniforme et facile \u00e0 nettoyer. De plus, elle dispose de fonctions de s\u00e9curit\u00e9 telles que le <b>verrouillage enfant<\/b>, assurant la tranquillit\u00e9 en \u00e9vitant les activations accidentelles, ainsi que d\u2019un <b>\u00e9cran int\u00e9gr\u00e9<\/b> facilitant le contr\u00f4le visuel des puissances et minuteurs, augmentant la pr\u00e9cision lors de la pr\u00e9paration des aliments. Cette plaque repr\u00e9sente un excellent \u00e9quilibre entre fonctionnalit\u00e9 avanc\u00e9e et design pratique, adapt\u00e9e \u00e0 l\u2019utilisateur domestique recherchant une performance fiable dans une cuisine contemporaine. En r\u00e9sum\u00e9, la Balay 3EBC976LH est un choix judicieux pour ceux qui veulent robustesse technique et facilit\u00e9 d\u2019usage dans <b>une plaque \u00e0 induction de 70 cm<\/b> de largeur, capable de s\u2019adapter aux besoins quotidiens sans complications.<\/p>\n<ul>\n<li>Type: Plaque \u00e0 Induction<\/li>\n<li>Produit \u00e0 brancher: Oui<\/li>\n<li>Type de prise: Prise EU<\/li>\n<li>Bloc d\u2019Alimentation: r\u00e9seau \u00e9lectrique<\/li>\n<li>Couleur: Noir<\/li>\n<li>Caract\u00e9ristiques:\n<ul>\n<li>Verrouillage pour enfants<\/li>\n<li>\u00c9cran integr\u00e9<\/li>\n<\/ul>\n<\/li>\n<li>Type d&#8217;installation: Int\u00e9grable<\/li>\n<li>Classification \u00e9nerg\u00e9tique: B<\/li>\n<li>puissance: 7400 W<\/li>\n<li>Niveaux de puissance: 17<\/li>\n<li>Zones de cuisson: 2<\/li>\n<li>Arr\u00eat Automatique: Oui<\/li>\n<li>Capacit\u00e9 d\u2019extraction: 622 m3\/h<\/li>\n<\/ul>","protected":false},"excerpt":{"rendered":"<p>Si vous pensez r\u00e9nover votre cuisine, achetez Plaque \u00e0 Induction Balay 3EBC976LH 7400 W et d\u00b4autres produits Balay ! La plaque \u00e0 induction Balay 3EBC976LH est une solution efficace et moderne pour cuisines int\u00e9gr\u00e9es, con\u00e7ue pour ceux qui recherchent une combinaison optimale de puissance et de contr\u00f4le dans un espace r\u00e9duit. Cette plaque \u00e0 induction [&hellip;]<\/p>\n","protected":false},"featured_media":61485,"comment_status":"open","ping_status":"closed","template":"","meta":[],"product_brand":[114],"product_cat":[60,77,78],"product_tag":[55,56],"class_list":{"0":"post-61486","1":"product","2":"type-product","3":"status-publish","4":"has-post-thumbnail","6":"product_brand-brandp_1251","7":"product_cat-cuisine-gourmet","8":"product_cat-petit-electromenager","9":"product_cat-plaques-de-cuisson","10":"product_tag-tag_926","11":"product_tag-tag_930","13":"first","14":"instock","15":"taxable","16":"shipping-taxable","17":"purchasable","18":"product-type-simple"},"_links":{"self":[{"href":"https:\/\/bigbuy.tupique.com\/pt\/wp-json\/wp\/v2\/product\/61486","targetHints":{"allow":["GET"]}}],"collection":[{"href":"https:\/\/bigbuy.tupique.com\/pt\/wp-json\/wp\/v2\/product"}],"about":[{"href":"https:\/\/bigbuy.tupique.com\/pt\/wp-json\/wp\/v2\/types\/product"}],"replies":[{"embeddable":true,"href":"https:\/\/bigbuy.tupique.com\/pt\/wp-json\/wp\/v2\/comments?post=61486"}],"wp:featuredmedia":[{"embeddable":true,"href":"https:\/\/bigbuy.tupique.com\/pt\/wp-json\/wp\/v2\/media\/61485"}],"wp:attachment":[{"href":"https:\/\/bigbuy.tupique.com\/pt\/wp-json\/wp\/v2\/media?parent=61486"}],"wp:term":[{"taxonomy":"product_brand","embeddable":true,"href":"https:\/\/bigbuy.tupique.com\/pt\/wp-json\/wp\/v2\/product_brand?post=61486"},{"taxonomy":"product_cat","embeddable":true,"href":"https:\/\/bigbuy.tupique.com\/pt\/wp-json\/wp\/v2\/product_cat?post=61486"},{"taxonomy":"product_tag","embeddable":true,"href":"https:\/\/bigbuy.tupique.com\/pt\/wp-json\/wp\/v2\/product_tag?post=61486"}],"curies":[{"name":"wp","href":"https:\/\/api.w.org\/{rel}","templated":true}]}}