{"id":61412,"date":"2026-04-01T16:01:47","date_gmt":"2026-04-01T15:01:47","guid":{"rendered":"https:\/\/bigbuy.tupique.com\/produto\/air-conditioning-lg-magna09m-set\/"},"modified":"2026-04-15T02:20:07","modified_gmt":"2026-04-15T01:20:07","slug":"air-conditioning-lg-magna09m-set","status":"publish","type":"product","link":"https:\/\/bigbuy.tupique.com\/pt\/produto\/air-conditioning-lg-magna09m-set\/","title":{"rendered":"Air Conditionn\u00e9 LG MAGNA09M.SET"},"content":{"rendered":"<p>Si vous recherchez des \u00e9lectrom\u00e9nagers pour votre maison aux meilleurs prix, ne manquez pas <b>Air Conditionn\u00e9 LG MAGNA09M.SET<\/b> et une large s\u00e9lection de petits \u00e9lectrom\u00e9nagers de qualit\u00e9 !<\/p>\n<p>Le <b>LG MAGNA09M.SET<\/b> est un <b>climatiseur<\/b> con\u00e7u pour offrir une performance efficace en mode refroidissement comme chauffage. Avec une <b>puissance nominale de 2500 W<\/b>, cet appareil assure une capacit\u00e9 de refroidissement entre 0,89 et 3,7 kW, permettant de maintenir des espaces moyens frais avec une consommation optimis\u00e9e. Sa capacit\u00e9 de chauffage nominale atteint <b>3,2 kW<\/b>, avec une plage op\u00e9rationnelle de 0,89 \u00e0 5,0 kW, garantissant un confort thermique adapt\u00e9 aux p\u00e9riodes froides. Ce mod\u00e8le se distingue par sa <b>classe \u00e9nerg\u00e9tique A+++\/A++<\/b> pour le froid et le chaud respectivement, refl\u00e9tant son efficacit\u00e9 et les \u00e9conomies d\u2019\u00e9nergie qu\u2019il procure, un point cl\u00e9 pour r\u00e9duire la consommation \u00e9lectrique sans sacrifier la performance. Il utilise le r\u00e9frig\u00e9rant <b>R32<\/b>, un gaz de derni\u00e8re g\u00e9n\u00e9ration qui am\u00e9liore l\u2019efficacit\u00e9 thermique et r\u00e9duit l\u2019impact environnemental compar\u00e9 aux r\u00e9frig\u00e9rants traditionnels. L\u2019appareil offre une puissance frigorifique d\u2019environ 2150 frigor\u00edas et une puissance calorifique d\u2019environ 2752 calories, adapt\u00e9es aux besoins domestiques ou commerciaux. LG, reconnu pour sa technologie avanc\u00e9e et sa fiabilit\u00e9, int\u00e8gre dans cet \u00e9quipement des caract\u00e9ristiques favorisant un fonctionnement silencieux et stable, optimisant le confort utilisateur. En r\u00e9sum\u00e9, le <b>LG MAGNA09M.SET<\/b> repr\u00e9sente une solution \u00e9quilibr\u00e9e pour ceux qui recherchent une climatisation durable et efficace des espaces r\u00e9sidentiels ou professionnels avec de fortes exigences en performance \u00e9nerg\u00e9tique et adaptation thermique.<\/p>\n<ul>\n<li>puissance: 2500 W<\/li>\n<li>Classification \u00e9nerg\u00e9tique:\n<ul>\n<li>A+++\/A++<\/li>\n<li>A++ \/ A+<\/li>\n<\/ul>\n<\/li>\n<li>Gaz: R32<\/li>\n<li>Technologie:\n<ul>\n<li>Split Inverter<\/li>\n<li>Split<\/li>\n<li>Split 1&#215;1<\/li>\n<li>Split Inverter 1&#215;1<\/li>\n<\/ul>\n<\/li>\n<li>Puissance frigorifique: 2150 fg\/h<\/li>\n<\/ul>","protected":false},"excerpt":{"rendered":"<p>Si vous recherchez des \u00e9lectrom\u00e9nagers pour votre maison aux meilleurs prix, ne manquez pas Air Conditionn\u00e9 LG MAGNA09M.SET et une large s\u00e9lection de petits \u00e9lectrom\u00e9nagers de qualit\u00e9 ! Le LG MAGNA09M.SET est un climatiseur con\u00e7u pour offrir une performance efficace en mode refroidissement comme chauffage. Avec une puissance nominale de 2500 W, cet appareil assure [&hellip;]<\/p>\n","protected":false},"featured_media":61411,"comment_status":"open","ping_status":"closed","template":"","meta":[],"product_brand":[662],"product_cat":[732,1334,239],"product_tag":[721,210],"class_list":{"0":"post-61412","1":"product","2":"type-product","3":"status-publish","4":"has-post-thumbnail","6":"product_brand-brandp_559","7":"product_cat-climatisation-et-chauffage","8":"product_cat-climatiseurs-et-ventilateurs","9":"product_cat-maison-jardin","10":"product_tag-tag_124","11":"product_tag-tag_25","13":"first","14":"instock","15":"taxable","16":"shipping-taxable","17":"purchasable","18":"product-type-simple"},"_links":{"self":[{"href":"https:\/\/bigbuy.tupique.com\/pt\/wp-json\/wp\/v2\/product\/61412","targetHints":{"allow":["GET"]}}],"collection":[{"href":"https:\/\/bigbuy.tupique.com\/pt\/wp-json\/wp\/v2\/product"}],"about":[{"href":"https:\/\/bigbuy.tupique.com\/pt\/wp-json\/wp\/v2\/types\/product"}],"replies":[{"embeddable":true,"href":"https:\/\/bigbuy.tupique.com\/pt\/wp-json\/wp\/v2\/comments?post=61412"}],"wp:featuredmedia":[{"embeddable":true,"href":"https:\/\/bigbuy.tupique.com\/pt\/wp-json\/wp\/v2\/media\/61411"}],"wp:attachment":[{"href":"https:\/\/bigbuy.tupique.com\/pt\/wp-json\/wp\/v2\/media?parent=61412"}],"wp:term":[{"taxonomy":"product_brand","embeddable":true,"href":"https:\/\/bigbuy.tupique.com\/pt\/wp-json\/wp\/v2\/product_brand?post=61412"},{"taxonomy":"product_cat","embeddable":true,"href":"https:\/\/bigbuy.tupique.com\/pt\/wp-json\/wp\/v2\/product_cat?post=61412"},{"taxonomy":"product_tag","embeddable":true,"href":"https:\/\/bigbuy.tupique.com\/pt\/wp-json\/wp\/v2\/product_tag?post=61412"}],"curies":[{"name":"wp","href":"https:\/\/api.w.org\/{rel}","templated":true}]}}