{"id":61410,"date":"2026-04-01T16:01:45","date_gmt":"2026-04-01T15:01:45","guid":{"rendered":"https:\/\/bigbuy.tupique.com\/produto\/electric-scooter-youin-xl-max-black-800-w\/"},"modified":"2026-05-11T19:56:40","modified_gmt":"2026-05-11T17:56:40","slug":"electric-scooter-youin-xl-max-black-800-w","status":"publish","type":"product","link":"https:\/\/bigbuy.tupique.com\/pt\/produto\/electric-scooter-youin-xl-max-black-800-w\/","title":{"rendered":"Trottinette \u00c9lectrique Youin XL MAX Noir 800 W"},"content":{"rendered":"<p>Restez en forme et d\u00e9couvrez les derni\u00e8res nouveaut\u00e9s du secteur pour faire du sport avec les meilleures garanties ! Achetez <b>Trottinette \u00c9lectrique Youin XL MAX Noir 800 W<\/b> au meilleur prix et profitez d&#8217;une vie saine !<\/p>\n<p>Le <b>Youin XL MAX<\/b> est une <b>trottinette \u00e9lectrique<\/b> robuste et polyvalente, con\u00e7ue pour ceux qui recherchent un \u00e9quilibre entre performances avanc\u00e9es et confort pour la mobilit\u00e9 urbaine. Dot\u00e9e d\u2019un <b>moteur de 800 W<\/b> aliment\u00e9 par une batterie de <b>48 V<\/b>, elle atteint une <b>vitesse maximale de 25 km\/h<\/b>, respectant la r\u00e9glementation en vigueur pour circuler en toute s\u00e9curit\u00e9 en ville. Sa structure en <b>aluminium<\/b> offre r\u00e9sistance, durabilit\u00e9 et l\u00e9g\u00e8ret\u00e9, facilitant le transport et la manipulation au quotidien. Le syst\u00e8me <b>pliable<\/b> apporte une grande praticit\u00e9, permettant de la ranger ou de la transporter facilement dans des espaces restreints, comme le coffre d\u2019une voiture ou sous un bureau. Elle se distingue \u00e9galement par son <b>\u00e9cran int\u00e9gr\u00e9<\/b>, qui affiche en temps r\u00e9el des informations essentielles telles que la vitesse, l\u2019autonomie restante et le mode de conduite s\u00e9lectionn\u00e9, pour une exp\u00e9rience intuitive et ma\u00eetris\u00e9e. Son design en <b>noir<\/b> lui conf\u00e8re une allure \u00e9l\u00e9gante et discr\u00e8te, adapt\u00e9e \u00e0 tous les environnements. Ce mod\u00e8le int\u00e8gre des \u00e9l\u00e9ments pens\u00e9s pour l\u2019utilisateur, comme une puissance suffisante pour les trajets urbains et les petites pentes, ainsi que des mat\u00e9riaux et fonctionnalit\u00e9s ax\u00e9s sur la robustesse et le confort au quotidien. Le Youin XL MAX est une solution compl\u00e8te et pratique pour ceux qui privil\u00e9gient autonomie, fiabilit\u00e9 et facilit\u00e9 d\u2019utilisation lors de leurs d\u00e9placements quotidiens.<\/p>\n<ul>\n<li>Type: Trottinette \u00c9lectrique<\/li>\n<li>Produit \u00e0 brancher: Oui<\/li>\n<li>Type de prise: Prise EU<\/li>\n<li>Bloc d\u2019Alimentation:\n<ul>\n<li>r\u00e9seau \u00e9lectrique<\/li>\n<li>Batterie<\/li>\n<\/ul>\n<\/li>\n<li>Couleur: Noir<\/li>\n<li>Caract\u00e9ristiques:\n<ul>\n<li>Pliable<\/li>\n<li>\u00c9cran integr\u00e9<\/li>\n<\/ul>\n<\/li>\n<li>puissance: 800 W<\/li>\n<li>Tension: 48 V<\/li>\n<li>Taille: 10&#8243;<\/li>\n<li>vitesse: 25 km\/h<\/li>\n<li>Inclut: Lumi\u00e8re LED<\/li>\n<li>Autonomie approx.: 60 km<\/li>\n<li>Poids Max. support\u00e9: 120 kg<\/li>\n<li>Mati\u00e8re: Aluminium<\/li>\n<li>roues: 2 roues<\/li>\n<\/ul>\n<p>Informations importantes: Si la marque n&#8217;a pas immatricul\u00e9 la trotinette, le propi\u00e9taire devra passer le ITV ou le T\u00dbV pour obtenir un &#8220;EBE&#8221; ou un permis de circulation individuel.<\/p>","protected":false},"excerpt":{"rendered":"<p>Restez en forme et d\u00e9couvrez les derni\u00e8res nouveaut\u00e9s du secteur pour faire du sport avec les meilleures garanties ! Achetez Trottinette \u00c9lectrique Youin XL MAX Noir 800 W au meilleur prix et profitez d&#8217;une vie saine ! Le Youin XL MAX est une trottinette \u00e9lectrique robuste et polyvalente, con\u00e7ue pour ceux qui recherchent un \u00e9quilibre [&hellip;]<\/p>\n","protected":false},"featured_media":61407,"comment_status":"open","ping_status":"closed","template":"","meta":[],"product_brand":[1595],"product_cat":[609,65,1146],"product_tag":[163],"class_list":{"0":"post-61410","1":"product","2":"type-product","3":"status-publish","4":"has-post-thumbnail","6":"product_brand-brandp_3382","7":"product_cat-electronique-jouets-electroniques","8":"product_cat-informatique-electronique","9":"product_cat-trottinettes-electriques","10":"product_tag-tag_17","12":"first","13":"instock","14":"taxable","15":"shipping-taxable","16":"purchasable","17":"product-type-simple"},"_links":{"self":[{"href":"https:\/\/bigbuy.tupique.com\/pt\/wp-json\/wp\/v2\/product\/61410","targetHints":{"allow":["GET"]}}],"collection":[{"href":"https:\/\/bigbuy.tupique.com\/pt\/wp-json\/wp\/v2\/product"}],"about":[{"href":"https:\/\/bigbuy.tupique.com\/pt\/wp-json\/wp\/v2\/types\/product"}],"replies":[{"embeddable":true,"href":"https:\/\/bigbuy.tupique.com\/pt\/wp-json\/wp\/v2\/comments?post=61410"}],"wp:featuredmedia":[{"embeddable":true,"href":"https:\/\/bigbuy.tupique.com\/pt\/wp-json\/wp\/v2\/media\/61407"}],"wp:attachment":[{"href":"https:\/\/bigbuy.tupique.com\/pt\/wp-json\/wp\/v2\/media?parent=61410"}],"wp:term":[{"taxonomy":"product_brand","embeddable":true,"href":"https:\/\/bigbuy.tupique.com\/pt\/wp-json\/wp\/v2\/product_brand?post=61410"},{"taxonomy":"product_cat","embeddable":true,"href":"https:\/\/bigbuy.tupique.com\/pt\/wp-json\/wp\/v2\/product_cat?post=61410"},{"taxonomy":"product_tag","embeddable":true,"href":"https:\/\/bigbuy.tupique.com\/pt\/wp-json\/wp\/v2\/product_tag?post=61410"}],"curies":[{"name":"wp","href":"https:\/\/api.w.org\/{rel}","templated":true}]}}