{"id":61395,"date":"2026-04-01T16:01:28","date_gmt":"2026-04-01T15:01:28","guid":{"rendered":"https:\/\/bigbuy.tupique.com\/produto\/smart-tv-metz-55moc9010y-full-hd-55-oled\/"},"modified":"2026-04-15T02:19:04","modified_gmt":"2026-04-15T01:19:04","slug":"smart-tv-metz-55moc9010y-full-hd-55-oled","status":"publish","type":"product","link":"https:\/\/bigbuy.tupique.com\/pt\/produto\/smart-tv-metz-55moc9010y-full-hd-55-oled\/","title":{"rendered":"TV intelligente Metz 55MOC9010Y Full HD 55&#8243; OLED"},"content":{"rendered":"<p>Si vous \u00eates passionn\u00e9 d&#8217;<b>informatique et d&#8217;\u00e9lectronique<\/b>, si vous \u00eates \u00e0 la pointe de la technologie et qu&#8217;aucun d\u00e9tail ne vous \u00e9chappe, achetez <b>TV intelligente Metz 55MOC9010Y Full HD 55&#8243; OLED<\/b> au meilleur prix.<\/p>\n<ul>\n<li>Diagonale de l&#8217;\u00e9cran (cm): 139,7 cm<\/li>\n<li>Ecran: 55&#8243;<\/li>\n<li>Couleur: Noir<\/li>\n<li>TV intelligente: Oui<\/li>\n<li>Technologie: OLED<\/li>\n<li>R\u00e9cepteur: Num\u00e9rique<\/li>\n<li>Classification \u00e9nerg\u00e9tique: F<\/li>\n<li>R\u00e9solution:\n<ul>\n<li>Full HD<\/li>\n<li>Ultra HD<\/li>\n<li>4K Ultra HD<\/li>\n<\/ul>\n<\/li>\n<li>Format: 16:9<\/li>\n<li>Connectivit\u00e9:\n<ul>\n<li>Bluetooth<\/li>\n<li>Wi-Fi<\/li>\n<\/ul>\n<\/li>\n<li>Connexions:\n<ul>\n<li>USB 2.0 x 2<\/li>\n<li>HDMI x 3<\/li>\n<\/ul>\n<\/li>\n<li>Caract\u00e9ristiques: 2 Haut-parleurs<\/li>\n<li>R\u00e9solution (px): 3840 x 2160 px<\/li>\n<\/ul>","protected":false},"excerpt":{"rendered":"<p>Si vous \u00eates passionn\u00e9 d&#8217;informatique et d&#8217;\u00e9lectronique, si vous \u00eates \u00e0 la pointe de la technologie et qu&#8217;aucun d\u00e9tail ne vous \u00e9chappe, achetez TV intelligente Metz 55MOC9010Y Full HD 55&#8243; OLED au meilleur prix. Diagonale de l&#8217;\u00e9cran (cm): 139,7 cm Ecran: 55&#8243; Couleur: Noir TV intelligente: Oui Technologie: OLED R\u00e9cepteur: Num\u00e9rique Classification \u00e9nerg\u00e9tique: F R\u00e9solution: [&hellip;]<\/p>\n","protected":false},"featured_media":61392,"comment_status":"open","ping_status":"closed","template":"","meta":[],"product_brand":[1620],"product_cat":[589,65,957],"product_tag":[104],"class_list":{"0":"post-61395","1":"product","2":"type-product","3":"status-publish","4":"has-post-thumbnail","6":"product_brand-brandp_8628","7":"product_cat-electronique-television","8":"product_cat-informatique-electronique","9":"product_cat-televisions-et-smart-tv","10":"product_tag-tag_1279","12":"first","13":"instock","14":"taxable","15":"shipping-taxable","16":"purchasable","17":"product-type-simple"},"_links":{"self":[{"href":"https:\/\/bigbuy.tupique.com\/pt\/wp-json\/wp\/v2\/product\/61395","targetHints":{"allow":["GET"]}}],"collection":[{"href":"https:\/\/bigbuy.tupique.com\/pt\/wp-json\/wp\/v2\/product"}],"about":[{"href":"https:\/\/bigbuy.tupique.com\/pt\/wp-json\/wp\/v2\/types\/product"}],"replies":[{"embeddable":true,"href":"https:\/\/bigbuy.tupique.com\/pt\/wp-json\/wp\/v2\/comments?post=61395"}],"wp:featuredmedia":[{"embeddable":true,"href":"https:\/\/bigbuy.tupique.com\/pt\/wp-json\/wp\/v2\/media\/61392"}],"wp:attachment":[{"href":"https:\/\/bigbuy.tupique.com\/pt\/wp-json\/wp\/v2\/media?parent=61395"}],"wp:term":[{"taxonomy":"product_brand","embeddable":true,"href":"https:\/\/bigbuy.tupique.com\/pt\/wp-json\/wp\/v2\/product_brand?post=61395"},{"taxonomy":"product_cat","embeddable":true,"href":"https:\/\/bigbuy.tupique.com\/pt\/wp-json\/wp\/v2\/product_cat?post=61395"},{"taxonomy":"product_tag","embeddable":true,"href":"https:\/\/bigbuy.tupique.com\/pt\/wp-json\/wp\/v2\/product_tag?post=61395"}],"curies":[{"name":"wp","href":"https:\/\/api.w.org\/{rel}","templated":true}]}}