{"id":61322,"date":"2026-04-01T15:59:08","date_gmt":"2026-04-01T14:59:08","guid":{"rendered":"https:\/\/bigbuy.tupique.com\/produto\/washing-machine-lg-f4wr5009a6m-60-cm-1400-rpm-9-kg\/"},"modified":"2026-04-15T01:25:27","modified_gmt":"2026-04-15T00:25:27","slug":"washing-machine-lg-f4wr5009a6m-60-cm-1400-rpm-9-kg","status":"publish","type":"product","link":"https:\/\/bigbuy.tupique.com\/pt\/produto\/washing-machine-lg-f4wr5009a6m-60-cm-1400-rpm-9-kg\/","title":{"rendered":"Machine \u00e0 laver LG F4WR5009A6M 60 cm 1400 rpm 9 kg"},"content":{"rendered":"<p>Si vous recherchez des \u00e9lectrom\u00e9nagers pour votre maison aux meilleurs prix, ne manquez pas <b>Machine \u00e0 laver LG F4WR5009A6M 60 cm 1400 rpm 9 kg<\/b> et une large s\u00e9lection de petits \u00e9lectrom\u00e9nagers de qualit\u00e9 !<\/p>\n<p>La <b>machine \u00e0 laver LG mod\u00e8le F4WR5009A6M<\/b> est un appareil \u00e9lectrom\u00e9nager con\u00e7u pour offrir efficacit\u00e9 et confort dans l\u2019entretien du linge. Avec une <b>capacit\u00e9 de 9 kg<\/b>, elle permet de laver des charges familiales compl\u00e8tes, optimisant temps et ressources. Son design \u00e0 <b>chargement frontal<\/b> en couleur <b>noir<\/b> apporte un style moderne et \u00e9l\u00e9gant, s\u2019adaptant facilement \u00e0 tout espace domestique. Elle se distingue par sa <b>classe \u00e9nerg\u00e9tique A<\/b>, garantissant une consommation responsable et un moindre impact environnemental, tout en r\u00e9duisant la facture d\u2019\u00e9lectricit\u00e9. La machine atteint une vitesse maximale d\u2019essorage de <b>1400 tr\/min<\/b>, contribuant \u00e0 un haut degr\u00e9 d\u2019extraction d\u2019eau et r\u00e9duisant le temps de s\u00e9chage. Parmi ses fonctionnalit\u00e9s figurent la <b>programmation diff\u00e9r\u00e9e de 3 \u00e0 19 heures<\/b>, permettant d\u2019organiser les cycles selon les besoins, et la <b>fonction vapeur<\/b>, qui aide \u00e0 \u00e9liminer plis et odeurs, am\u00e9liorant le soin des textiles d\u00e9licats. Son niveau sonore en essorage est de <b>71 dB<\/b>, un niveau raisonnable pour une performance puissante sans exc\u00e8s de bruit. Le corps combine des mat\u00e9riaux robustes comme le <b>plastique et des composants m\u00e9talliques<\/b>, assurant durabilit\u00e9 et r\u00e9sistance. Elle dispose \u00e9galement de syst\u00e8mes de s\u00e9curit\u00e9 tels que le <b>verrouillage enfant<\/b> et d\u2019un <b>\u00e9cran int\u00e9gr\u00e9<\/b> facilitant le contr\u00f4le et la s\u00e9lection des programmes. Avec des dimensions d\u2019environ <b>60 cm de largeur<\/b>, cette machine s\u2019adapte bien aux espaces r\u00e9duits sans compromettre sa capacit\u00e9 ni ses fonctions. En somme, la F4WR5009A6M repr\u00e9sente un choix \u00e9quilibr\u00e9 pour ceux qui recherchent une machine efficace, dot\u00e9e de caract\u00e9ristiques techniques avanc\u00e9es et d\u2019un design contemporain r\u00e9pondant aux exigences du foyer moderne.<\/p>\n<ul>\n<li>Langue: Espagnol<\/li>\n<li>Produit \u00e0 brancher: Oui<\/li>\n<li>Type de prise: Prise EU<\/li>\n<li>Type d&#8217;installation: Sous le plan de travail<\/li>\n<li>Bloc d\u2019Alimentation: r\u00e9seau \u00e9lectrique<\/li>\n<li>Couleur: Noir<\/li>\n<li>Largeur: 60 cm<\/li>\n<li>Caract\u00e9ristiques:\n<ul>\n<li>Verrouillage pour enfants<\/li>\n<li>\u00c9cran integr\u00e9<\/li>\n<li>Temp\u00e9rature r\u00e9glable<\/li>\n<\/ul>\n<\/li>\n<li>Connectivit\u00e9: No<\/li>\n<li>Classification \u00e9nerg\u00e9tique: A<\/li>\n<li>vitesse: 1400 rpm<\/li>\n<li>Capacit\u00e9: 9 kg<\/li>\n<li>Mati\u00e8re: Plastique<\/li>\n<li>Type de charge: Frontal<\/li>\n<\/ul>","protected":false},"excerpt":{"rendered":"<p><span class=\"unit-info\">74.1100 &euro; \/ 1 kg<\/span><\/p>","protected":false},"featured_media":61317,"comment_status":"open","ping_status":"closed","template":"","meta":[],"product_brand":[662],"product_cat":[239,240,751],"product_tag":[104],"class_list":{"0":"post-61322","1":"product","2":"type-product","3":"status-publish","4":"has-post-thumbnail","6":"product_brand-brandp_559","7":"product_cat-maison-jardin","8":"product_cat-nettoyage-aspirateur-et-repassage","9":"product_cat-seche-linge-fers-a-repasser-sechoirs","10":"product_tag-tag_1279","12":"first","13":"instock","14":"taxable","15":"shipping-taxable","16":"purchasable","17":"product-type-simple"},"_links":{"self":[{"href":"https:\/\/bigbuy.tupique.com\/pt\/wp-json\/wp\/v2\/product\/61322","targetHints":{"allow":["GET"]}}],"collection":[{"href":"https:\/\/bigbuy.tupique.com\/pt\/wp-json\/wp\/v2\/product"}],"about":[{"href":"https:\/\/bigbuy.tupique.com\/pt\/wp-json\/wp\/v2\/types\/product"}],"replies":[{"embeddable":true,"href":"https:\/\/bigbuy.tupique.com\/pt\/wp-json\/wp\/v2\/comments?post=61322"}],"wp:featuredmedia":[{"embeddable":true,"href":"https:\/\/bigbuy.tupique.com\/pt\/wp-json\/wp\/v2\/media\/61317"}],"wp:attachment":[{"href":"https:\/\/bigbuy.tupique.com\/pt\/wp-json\/wp\/v2\/media?parent=61322"}],"wp:term":[{"taxonomy":"product_brand","embeddable":true,"href":"https:\/\/bigbuy.tupique.com\/pt\/wp-json\/wp\/v2\/product_brand?post=61322"},{"taxonomy":"product_cat","embeddable":true,"href":"https:\/\/bigbuy.tupique.com\/pt\/wp-json\/wp\/v2\/product_cat?post=61322"},{"taxonomy":"product_tag","embeddable":true,"href":"https:\/\/bigbuy.tupique.com\/pt\/wp-json\/wp\/v2\/product_tag?post=61322"}],"curies":[{"name":"wp","href":"https:\/\/api.w.org\/{rel}","templated":true}]}}