{"id":61301,"date":"2026-04-01T15:58:45","date_gmt":"2026-04-01T14:58:45","guid":{"rendered":"https:\/\/bigbuy.tupique.com\/produto\/smartwatch-samsung-galaxy-watch-6-3\/"},"modified":"2026-04-15T00:48:52","modified_gmt":"2026-04-14T23:48:52","slug":"smartwatch-samsung-galaxy-watch-6-3","status":"publish","type":"product","link":"https:\/\/bigbuy.tupique.com\/pt\/produto\/smartwatch-samsung-galaxy-watch-6-3\/","title":{"rendered":"Montre intelligente Samsung GALAXY WATCH 6"},"content":{"rendered":"<p>Si vous \u00eates passionn\u00e9 d&#8217;<b>informatique et d&#8217;\u00e9lectronique<\/b>, si vous \u00eates \u00e0 la pointe de la technologie et qu&#8217;aucun d\u00e9tail ne vous \u00e9chappe, achetez <b>Montre intelligente Samsung GALAXY WATCH 6<\/b> au meilleur prix.<\/p>\n<p>Le <b>Samsung SM-R940NZKAPHE<\/b> est une <b>smartwatch<\/b> con\u00e7ue pour les utilisateurs recherchant un appareil compact et fonctionnel avec des finitions de haute qualit\u00e9. Elle poss\u00e8de un bo\u00eetier en <b>aluminium<\/b>, alliant l\u00e9g\u00e8ret\u00e9 et r\u00e9sistance, disponible en <b>noir<\/b> et <b>graphite<\/b>, s\u2019adaptant \u00e0 diff\u00e9rents styles personnels. Son format de <b>44 mm<\/b> offre un \u00e9quilibre parfait entre visibilit\u00e9 et confort au poignet. Cette montre connect\u00e9e int\u00e8gre des technologies avanc\u00e9es de connectivit\u00e9 telles que le <b>Bluetooth<\/b> et le <b>WiFi<\/b>, facilitant la synchronisation avec des smartphones compatibles sous Android de la version 10.0 \u00e0 13.0, garantissant compatibilit\u00e9 et acc\u00e8s aux notifications, applications et fonctions \u00e9tendues. Parmi ses capteurs figurent le <b>tensiom\u00e8tre<\/b> et le <b>capteur de fr\u00e9quence cardiaque<\/b>, permettant un suivi pr\u00e9cis et en temps r\u00e9el de la sant\u00e9, ainsi qu\u2019un <b>acc\u00e9l\u00e9rom\u00e8tre<\/b> pour le suivi de l\u2019activit\u00e9 physique et des mouvements. Sa certification <b>IP68<\/b> assure une protection compl\u00e8te contre la poussi\u00e8re et l\u2019eau, adapt\u00e9e \u00e0 un usage quotidien et en conditions exigeantes. Les commandes int\u00e9gr\u00e9es incluent des <b>haut-parleurs<\/b>, facilitant la gestion des appels et alertes sans avoir \u00e0 utiliser le t\u00e9l\u00e9phone. Le bracelet couleur graphite compl\u00e8te un design \u00e9l\u00e9gant et polyvalent, id\u00e9al aussi bien pour un usage quotidien que pour l\u2019entra\u00eenement ou le travail. En r\u00e9sum\u00e9, cette smartwatch Samsung offre un \u00e9quilibre entre technologie, durabilit\u00e9 et style, se positionnant comme une solution pratique pour le suivi de la sant\u00e9 et de l\u2019activit\u00e9 avec un design soign\u00e9 et des fonctionnalit\u00e9s modernes.<\/p>\n<ul>\n<li>Produit \u00e0 brancher: Oui<\/li>\n<li>Type de prise: Prise EU<\/li>\n<li>Connectivit\u00e9:\n<ul>\n<li>Bluetooth<\/li>\n<li>Wi-Fi<\/li>\n<li>GPS<\/li>\n<li>NFC<\/li>\n<li>Glonass<\/li>\n<li>BeiDou<\/li>\n<li>Galileo<\/li>\n<li>Bluetooth 5.3<\/li>\n<\/ul>\n<\/li>\n<li>M\u00e9moire interne: 16 GB<\/li>\n<li>M\u00e9moire RAM:\n<ul>\n<li>2 GB RAM<\/li>\n<li>2 GB<\/li>\n<\/ul>\n<\/li>\n<li>Couleur:\n<ul>\n<li>Graphite<\/li>\n<li>Noir<\/li>\n<\/ul>\n<\/li>\n<li>Taille: 44 mm<\/li>\n<li>Type de montre: Montre intelligente<\/li>\n<li>Bloc d\u2019Alimentation: r\u00e9seau \u00e9lectrique<\/li>\n<li>Caract\u00e9ristiques:\n<ul>\n<li>Ecran tactile<\/li>\n<li>Acc\u00e9l\u00e9rom\u00e8tre<\/li>\n<li>Haut-parleurs int\u00e9gr\u00e9s<\/li>\n<li>Barom\u00e8tre<\/li>\n<li>Capteur de lumi\u00e8re ambiante<\/li>\n<li>Gyroscope<\/li>\n<li>Alarme<\/li>\n<li>Microphone int\u00e9gr\u00e9<\/li>\n<li>Capteur optique<\/li>\n<li>Chronom\u00e8tre<\/li>\n<li>5 atm<\/li>\n<li>Multisport<\/li>\n<li>Capteur g\u00e9omagn\u00e9tique<\/li>\n<li>Capteur de niveau d&#8217;oxyg\u00e8ne dans le sang<\/li>\n<\/ul>\n<\/li>\n<li>Glonass: Oui<\/li>\n<li>Gyroscope: Oui<\/li>\n<li>Podom\u00e8tre: Oui<\/li>\n<li>Classification IP: IP68<\/li>\n<li>Technologie: OLED<\/li>\n<li>Capacit\u00e9 de la batterie: 425 mAh<\/li>\n<li>Fonctions:\n<ul>\n<li>Moniteur de Sommeil<\/li>\n<li>\u00c9cran couleur<\/li>\n<li>Podom\u00e8tre<\/li>\n<li>Moniteur de fr\u00e9quence cardiaque<\/li>\n<\/ul>\n<\/li>\n<li>Acc\u00e9l\u00e9rom\u00e8tre: Oui<\/li>\n<li>Type: Tensiom\u00e8tre<\/li>\n<li>Mati\u00e8re: Aluminium<\/li>\n<li>Type de batterie: Int\u00e9gr\u00e9e<\/li>\n<li>Forme: Rond<\/li>\n<li>Ecran: 1,5&#8243;<\/li>\n<li>Compatible: Smartphone<\/li>\n<li>Cam\u00e9ra\/Appareil Photo: Non<\/li>\n<li>Chargeur sans fil: Oui<\/li>\n<li>\u00c2ge recommand\u00e9: Adultes<\/li>\n<li>Inclut: Minuterie<\/li>\n<li>M\u00e9moire Flash: 16 MB<\/li>\n<li>Non Inclus: Connexion au r\u00e9seau mobile<\/li>\n<li>Diam\u00e8tre du bo\u00eetier de la montre: \u00d8 44 mm<\/li>\n<\/ul>","protected":false},"excerpt":{"rendered":"<p><span class=\"unit-info\">9022.5000 &euro; \/ 1 m<\/span><\/p>","protected":false},"featured_media":61300,"comment_status":"open","ping_status":"closed","template":"","meta":[],"product_brand":[183],"product_cat":[575,65,748],"product_tag":[103,566,106],"class_list":{"0":"post-61301","1":"product","2":"type-product","3":"status-publish","4":"has-post-thumbnail","6":"product_brand-brandp_576","7":"product_cat-electronique-telephonie-et-tablettes","8":"product_cat-informatique-electronique","9":"product_cat-smartwatches","10":"product_tag-tag_1261","11":"product_tag-tag_547","12":"product_tag-tag_1295","14":"first","15":"instock","16":"taxable","17":"shipping-taxable","18":"purchasable","19":"product-type-simple"},"_links":{"self":[{"href":"https:\/\/bigbuy.tupique.com\/pt\/wp-json\/wp\/v2\/product\/61301","targetHints":{"allow":["GET"]}}],"collection":[{"href":"https:\/\/bigbuy.tupique.com\/pt\/wp-json\/wp\/v2\/product"}],"about":[{"href":"https:\/\/bigbuy.tupique.com\/pt\/wp-json\/wp\/v2\/types\/product"}],"replies":[{"embeddable":true,"href":"https:\/\/bigbuy.tupique.com\/pt\/wp-json\/wp\/v2\/comments?post=61301"}],"wp:featuredmedia":[{"embeddable":true,"href":"https:\/\/bigbuy.tupique.com\/pt\/wp-json\/wp\/v2\/media\/61300"}],"wp:attachment":[{"href":"https:\/\/bigbuy.tupique.com\/pt\/wp-json\/wp\/v2\/media?parent=61301"}],"wp:term":[{"taxonomy":"product_brand","embeddable":true,"href":"https:\/\/bigbuy.tupique.com\/pt\/wp-json\/wp\/v2\/product_brand?post=61301"},{"taxonomy":"product_cat","embeddable":true,"href":"https:\/\/bigbuy.tupique.com\/pt\/wp-json\/wp\/v2\/product_cat?post=61301"},{"taxonomy":"product_tag","embeddable":true,"href":"https:\/\/bigbuy.tupique.com\/pt\/wp-json\/wp\/v2\/product_tag?post=61301"}],"curies":[{"name":"wp","href":"https:\/\/api.w.org\/{rel}","templated":true}]}}